{"id":68866,"date":"2022-08-19T18:20:27","date_gmt":"2022-08-19T15:20:27","guid":{"rendered":"https:\/\/ducktail.eu\/?page_id=68866"},"modified":"2022-09-12T16:19:19","modified_gmt":"2022-09-12T13:19:19","slug":"grossenanleitun-marila-2","status":"publish","type":"page","link":"https:\/\/ducktail.eu\/de\/grossenanleitun-marila-2\/","title":{"rendered":"Measurements Marila DE"},"content":{"rendered":"<div class=\"wpb-content-wrapper\"><p>[vc_row][vc_column width=&#8220;1\/2&#8243;][vc_tta_tabs][vc_tta_section title=&#8220;XXXS&#8220; tab_id=&#8220;1512740039067-83be4328-509b&#8220;][vc_single_image image=&#8220;68962&#8243; img_size=&#8220;full&#8220; onclick=&#8220;img_link_large&#8220;][\/vc_tta_section][vc_tta_section title=&#8220;XXS&#8220; tab_id=&#8220;1512740039094-10a43af6-9a40&#8243;][vc_single_image image=&#8220;68958&#8243; img_size=&#8220;full&#8220; onclick=&#8220;img_link_large&#8220;][\/vc_tta_section][vc_tta_section title=&#8220;XS&#8220; tab_id=&#8220;1512740080480-ab50cdb1-3d31&#8243;][vc_single_image image=&#8220;68974&#8243; img_size=&#8220;full&#8220; onclick=&#8220;img_link_large&#8220;][\/vc_tta_section][vc_tta_section title=&#8220;S&#8220; tab_id=&#8220;1512740081897-2fa92880-f65e&#8220;][vc_single_image image=&#8220;68978&#8243; img_size=&#8220;full&#8220; onclick=&#8220;img_link_large&#8220;][\/vc_tta_section][vc_tta_section title=&#8220;M&#8220; tab_id=&#8220;1512740082746-13554d34-ff12&#8243;][vc_single_image image=&#8220;68982&#8243; img_size=&#8220;full&#8220; onclick=&#8220;img_link_large&#8220;][\/vc_tta_section][vc_tta_section title=&#8220;L&#8220; tab_id=&#8220;1512740106846-407cb658-9bfd&#8220;][vc_single_image image=&#8220;68966&#8243; img_size=&#8220;full&#8220; onclick=&#8220;img_link_large&#8220;][\/vc_tta_section][vc_tta_section title=&#8220;XL&#8220; tab_id=&#8220;1542695564318-85522e2d-28a4&#8243;][vc_single_image image=&#8220;69046&#8243; img_size=&#8220;full&#8220; onclick=&#8220;img_link_large&#8220;][\/vc_tta_section][\/vc_tta_tabs][\/vc_column][vc_column width=&#8220;1\/2&#8243;][vc_column_text]Der Regenmantel ist gerade geschnitten und Unisex. Bitte beachte, dass die Gr\u00f6\u00dfen Herrengr\u00f6\u00dfen sind.<\/p>\n<p>F\u00fcr M\u00e4nner \u2013 der Regenmantel hat eine gro\u00dfz\u00fcgige Passform, wenn Du normalerweise eine Zwischengr\u00f6\u00dfe bist, empfehlen wir die Gr\u00f6\u00dfe zu erh\u00f6hen.<\/p>\n<p>Eine Frau mit Gr\u00f6\u00dfe M sollte eine XXS oder XS w\u00e4hlen, abh\u00e4ngig davon, ob Du eine \u00dcbergr\u00f6\u00dfe oder einen regul\u00e4ren Fit magst.[\/vc_column_text][\/vc_column][\/vc_row][vc_row][vc_column][\/vc_column][\/vc_row]<\/p>\n<\/div>","protected":false},"excerpt":{"rendered":"<p>[vc_row][vc_column width=&#8220;1\/2&#8243;][vc_tta_tabs][vc_tta_section title=&#8220;XXXS&#8220; tab_id=&#8220;1512740039067-83be4328-509b&#8220;][vc_single_image image=&#8220;68962&#8243; img_size=&#8220;full&#8220; onclick=&#8220;img_link_large&#8220;][\/vc_tta_section][vc_tta_section title=&#8220;XXS&#8220; tab_id=&#8220;1512740039094-10a43af6-9a40&#8243;][vc_single_image image=&#8220;68958&#8243; img_size=&#8220;full&#8220; onclick=&#8220;img_link_large&#8220;][\/vc_tta_section][vc_tta_section title=&#8220;XS&#8220; tab_id=&#8220;1512740080480-ab50cdb1-3d31&#8243;][vc_single_image image=&#8220;68974&#8243; img_size=&#8220;full&#8220; onclick=&#8220;img_link_large&#8220;][\/vc_tta_section][vc_tta_section title=&#8220;S&#8220; tab_id=&#8220;1512740081897-2fa92880-f65e&#8220;][vc_single_image image=&#8220;68978&#8243; img_size=&#8220;full&#8220; onclick=&#8220;img_link_large&#8220;][\/vc_tta_section][vc_tta_section title=&#8220;M&#8220; tab_id=&#8220;1512740082746-13554d34-ff12&#8243;][vc_single_image image=&#8220;68982&#8243; img_size=&#8220;full&#8220; onclick=&#8220;img_link_large&#8220;][\/vc_tta_section][vc_tta_section title=&#8220;L&#8220; tab_id=&#8220;1512740106846-407cb658-9bfd&#8220;][vc_single_image image=&#8220;68966&#8243; img_size=&#8220;full&#8220; onclick=&#8220;img_link_large&#8220;][\/vc_tta_section][vc_tta_section title=&#8220;XL&#8220; tab_id=&#8220;1542695564318-85522e2d-28a4&#8243;][vc_single_image image=&#8220;69046&#8243; img_size=&#8220;full&#8220; onclick=&#8220;img_link_large&#8220;][\/vc_tta_section][\/vc_tta_tabs][\/vc_column][vc_column width=&#8220;1\/2&#8243;][vc_column_text]Der Regenmantel ist gerade geschnitten und Unisex. Bitte beachte, dass die Gr\u00f6\u00dfen Herrengr\u00f6\u00dfen sind. F\u00fcr M\u00e4nner \u2013 der [&hellip;]<\/p>\n","protected":false},"author":2,"featured_media":0,"parent":0,"menu_order":0,"comment_status":"closed","ping_status":"closed","template":"","meta":{"footnotes":""},"class_list":["post-68866","page","type-page","status-publish","hentry","isotope-item"],"yoast_head":"<!-- This site is optimized with the Yoast SEO plugin v27.3 - https:\/\/yoast.com\/product\/yoast-seo-wordpress\/ -->\n<title>Measurements Marila DE - Ducktail Rainwear<\/title>\n<meta name=\"description\" content=\"Der Regenmantel ist gerade geschnitten und Unisex. Bitte beachte, dass die Gr\u00f6\u00dfen Herrengr\u00f6\u00dfen sind. F\u00fcr M\u00e4nner \u2013 der Regenmantel hat eine gro\u00dfz\u00fcgige\" \/>\n<meta name=\"robots\" content=\"index, follow, max-snippet:-1, max-image-preview:large, max-video-preview:-1\" \/>\n<link rel=\"canonical\" href=\"https:\/\/ducktail.eu\/de\/grossenanleitun-marila-2\/\" \/>\n<meta property=\"og:locale\" content=\"de_DE\" \/>\n<meta property=\"og:type\" content=\"article\" \/>\n<meta property=\"og:title\" content=\"Measurements Marila DE - Ducktail Rainwear\" \/>\n<meta property=\"og:description\" content=\"Der Regenmantel ist gerade geschnitten und Unisex. Bitte beachte, dass die Gr\u00f6\u00dfen Herrengr\u00f6\u00dfen sind. F\u00fcr M\u00e4nner \u2013 der Regenmantel hat eine gro\u00dfz\u00fcgige\" \/>\n<meta property=\"og:url\" content=\"https:\/\/ducktail.eu\/de\/grossenanleitun-marila-2\/\" \/>\n<meta property=\"og:site_name\" content=\"Ducktail Rainwear\" \/>\n<meta property=\"article:modified_time\" content=\"2022-09-12T13:19:19+00:00\" \/>\n<meta property=\"og:image\" content=\"https:\/\/ducktail.eu\/wp-content\/uploads\/2020\/11\/1slidea.jpg\" \/>\n\t<meta property=\"og:image:width\" content=\"2500\" \/>\n\t<meta property=\"og:image:height\" content=\"995\" \/>\n\t<meta property=\"og:image:type\" content=\"image\/jpeg\" \/>\n<meta name=\"twitter:card\" content=\"summary_large_image\" \/>\n<meta name=\"twitter:label1\" content=\"Gesch\u00e4tzte Lesezeit\" \/>\n\t<meta name=\"twitter:data1\" content=\"1\u00a0Minute\" \/>\n<script type=\"application\/ld+json\" class=\"yoast-schema-graph\">{\"@context\":\"https:\\\/\\\/schema.org\",\"@graph\":[{\"@type\":\"WebPage\",\"@id\":\"https:\\\/\\\/ducktail.eu\\\/de\\\/grossenanleitun-marila-2\\\/\",\"url\":\"https:\\\/\\\/ducktail.eu\\\/de\\\/grossenanleitun-marila-2\\\/\",\"name\":\"Measurements Marila DE - Ducktail Rainwear\",\"isPartOf\":{\"@id\":\"https:\\\/\\\/ducktail.eu\\\/de\\\/#website\"},\"datePublished\":\"2022-08-19T15:20:27+00:00\",\"dateModified\":\"2022-09-12T13:19:19+00:00\",\"description\":\"Der Regenmantel ist gerade geschnitten und Unisex. Bitte beachte, dass die Gr\u00f6\u00dfen Herrengr\u00f6\u00dfen sind. F\u00fcr M\u00e4nner \u2013 der Regenmantel hat eine gro\u00dfz\u00fcgige\",\"breadcrumb\":{\"@id\":\"https:\\\/\\\/ducktail.eu\\\/de\\\/grossenanleitun-marila-2\\\/#breadcrumb\"},\"inLanguage\":\"de\",\"potentialAction\":[{\"@type\":\"ReadAction\",\"target\":[\"https:\\\/\\\/ducktail.eu\\\/de\\\/grossenanleitun-marila-2\\\/\"]}]},{\"@type\":\"BreadcrumbList\",\"@id\":\"https:\\\/\\\/ducktail.eu\\\/de\\\/grossenanleitun-marila-2\\\/#breadcrumb\",\"itemListElement\":[{\"@type\":\"ListItem\",\"position\":1,\"name\":\"Home\",\"item\":\"https:\\\/\\\/ducktail.eu\\\/de\\\/\"},{\"@type\":\"ListItem\",\"position\":2,\"name\":\"Measurements Marila DE\"}]},{\"@type\":\"WebSite\",\"@id\":\"https:\\\/\\\/ducktail.eu\\\/de\\\/#website\",\"url\":\"https:\\\/\\\/ducktail.eu\\\/de\\\/\",\"name\":\"Ducktail Rainwear\",\"description\":\"Ducktail.eu\",\"potentialAction\":[{\"@type\":\"SearchAction\",\"target\":{\"@type\":\"EntryPoint\",\"urlTemplate\":\"https:\\\/\\\/ducktail.eu\\\/de\\\/?s={search_term_string}\"},\"query-input\":{\"@type\":\"PropertyValueSpecification\",\"valueRequired\":true,\"valueName\":\"search_term_string\"}}],\"inLanguage\":\"de\"}]}<\/script>\n<!-- \/ Yoast SEO plugin. -->","yoast_head_json":{"title":"Measurements Marila DE - Ducktail Rainwear","description":"Der Regenmantel ist gerade geschnitten und Unisex. Bitte beachte, dass die Gr\u00f6\u00dfen Herrengr\u00f6\u00dfen sind. F\u00fcr M\u00e4nner \u2013 der Regenmantel hat eine gro\u00dfz\u00fcgige","robots":{"index":"index","follow":"follow","max-snippet":"max-snippet:-1","max-image-preview":"max-image-preview:large","max-video-preview":"max-video-preview:-1"},"canonical":"https:\/\/ducktail.eu\/de\/grossenanleitun-marila-2\/","og_locale":"de_DE","og_type":"article","og_title":"Measurements Marila DE - Ducktail Rainwear","og_description":"Der Regenmantel ist gerade geschnitten und Unisex. Bitte beachte, dass die Gr\u00f6\u00dfen Herrengr\u00f6\u00dfen sind. F\u00fcr M\u00e4nner \u2013 der Regenmantel hat eine gro\u00dfz\u00fcgige","og_url":"https:\/\/ducktail.eu\/de\/grossenanleitun-marila-2\/","og_site_name":"Ducktail Rainwear","article_modified_time":"2022-09-12T13:19:19+00:00","og_image":[{"width":2500,"height":995,"url":"https:\/\/ducktail.eu\/wp-content\/uploads\/2020\/11\/1slidea.jpg","type":"image\/jpeg"}],"twitter_card":"summary_large_image","twitter_misc":{"Gesch\u00e4tzte Lesezeit":"1\u00a0Minute"},"schema":{"@context":"https:\/\/schema.org","@graph":[{"@type":"WebPage","@id":"https:\/\/ducktail.eu\/de\/grossenanleitun-marila-2\/","url":"https:\/\/ducktail.eu\/de\/grossenanleitun-marila-2\/","name":"Measurements Marila DE - Ducktail Rainwear","isPartOf":{"@id":"https:\/\/ducktail.eu\/de\/#website"},"datePublished":"2022-08-19T15:20:27+00:00","dateModified":"2022-09-12T13:19:19+00:00","description":"Der Regenmantel ist gerade geschnitten und Unisex. Bitte beachte, dass die Gr\u00f6\u00dfen Herrengr\u00f6\u00dfen sind. F\u00fcr M\u00e4nner \u2013 der Regenmantel hat eine gro\u00dfz\u00fcgige","breadcrumb":{"@id":"https:\/\/ducktail.eu\/de\/grossenanleitun-marila-2\/#breadcrumb"},"inLanguage":"de","potentialAction":[{"@type":"ReadAction","target":["https:\/\/ducktail.eu\/de\/grossenanleitun-marila-2\/"]}]},{"@type":"BreadcrumbList","@id":"https:\/\/ducktail.eu\/de\/grossenanleitun-marila-2\/#breadcrumb","itemListElement":[{"@type":"ListItem","position":1,"name":"Home","item":"https:\/\/ducktail.eu\/de\/"},{"@type":"ListItem","position":2,"name":"Measurements Marila DE"}]},{"@type":"WebSite","@id":"https:\/\/ducktail.eu\/de\/#website","url":"https:\/\/ducktail.eu\/de\/","name":"Ducktail Rainwear","description":"Ducktail.eu","potentialAction":[{"@type":"SearchAction","target":{"@type":"EntryPoint","urlTemplate":"https:\/\/ducktail.eu\/de\/?s={search_term_string}"},"query-input":{"@type":"PropertyValueSpecification","valueRequired":true,"valueName":"search_term_string"}}],"inLanguage":"de"}]}},"_links":{"self":[{"href":"https:\/\/ducktail.eu\/de\/wp-json\/wp\/v2\/pages\/68866","targetHints":{"allow":["GET"]}}],"collection":[{"href":"https:\/\/ducktail.eu\/de\/wp-json\/wp\/v2\/pages"}],"about":[{"href":"https:\/\/ducktail.eu\/de\/wp-json\/wp\/v2\/types\/page"}],"author":[{"embeddable":true,"href":"https:\/\/ducktail.eu\/de\/wp-json\/wp\/v2\/users\/2"}],"replies":[{"embeddable":true,"href":"https:\/\/ducktail.eu\/de\/wp-json\/wp\/v2\/comments?post=68866"}],"version-history":[{"count":7,"href":"https:\/\/ducktail.eu\/de\/wp-json\/wp\/v2\/pages\/68866\/revisions"}],"predecessor-version":[{"id":69058,"href":"https:\/\/ducktail.eu\/de\/wp-json\/wp\/v2\/pages\/68866\/revisions\/69058"}],"wp:attachment":[{"href":"https:\/\/ducktail.eu\/de\/wp-json\/wp\/v2\/media?parent=68866"}],"curies":[{"name":"wp","href":"https:\/\/api.w.org\/{rel}","templated":true}]}}