{"id":47439,"date":"2019-04-09T18:20:31","date_gmt":"2019-04-09T20:20:34","guid":{"rendered":"https:\/\/ducktail.eu\/?post_type=product&#038;p=47439"},"modified":"2025-12-03T00:33:52","modified_gmt":"2025-12-02T22:33:52","slug":"regenmantel-city-schwarzer-recycelte-materialien-fur-frauen","status":"publish","type":"product","link":"https:\/\/ducktail.eu\/de\/shop\/regenmantel-city-schwarzer-recycelte-materialien-fur-frauen\/","title":{"rendered":"REGENMANTEL CITY SCHWARZER \u2013 Recycelte Materialien"},"content":{"rendered":"<p><strong>MATERIAL<\/strong><\/p>\n<p>Au\u00dfenmaterial \u2013 90% recyceltes Polyester, 10% Polyurethan Elastomer; Seite des Ducktails \u2013 reflektierendes Material; Innenfutter \u2013 45% Viskose, 55% recyceltes Polyester.<\/p>\n<p><strong>PFLEGE<\/strong><\/p>\n<p>Handwaschen, B\u00fcgeln (maximal auf 110\u00b0C), reflektierende Rute nicht b\u00fcgeln; chemische Reinigung; normal trocknen, wenig Hitze; nicht bleichen.<\/p>\n<p>*Aufgrund der Unterschied bei der Farbwiedergabe des Bildschirms k\u00f6nnen die aktuellen Farben der Regenjacken etwas anders als online aussehen.<\/p>\n<p>Bitte hinterlasse eine Nachricht, wenn Du Fragen, Zweifel oder Vorschl\u00e4ge hast.<\/p>\n","protected":false},"excerpt":{"rendered":"<p>Das Au\u00dfenmaterial des City Unisex Regenmantels besteht aus recyceltem Polyester und ist wasserdicht, winddicht und atmungsaktiv. Das Innenfutter besteht aus einem weichen, recycelten Material. Der Regenmantel hat reflektierende Schn\u00fcre und einen einzigartigen abnehmbaren doppelseitigen Ducktail, wovon eine Seite reflektierend ist. Der Regenmantel ist leicht (0.8 kg).<\/p>\n<p>Wasserdichte Nahtversiegelung \u2013 Wassers\u00e4ulendruck: 10.000 mm.<\/p>\n<p>Das Model misst 172 cm und tr\u00e4gt eine Gr\u00f6\u00dfe <strong>XXXS<\/strong>.<\/p>\n<p>Designed und produziert in Vilnius, Litauen.<br \/>\nWir versenden weltweit.<\/p>\n<p><strong>Beachten Sie, dass es sich bei unseren Gr\u00f6\u00dfen um Herrengr\u00f6\u00dfen handelt. F\u00fcr eine Damengr\u00f6\u00dfe M bestellen Sie eine Gr\u00f6\u00dfe XXS oder XS, je nachdem, ob Sie eine \u00dcbergr\u00f6\u00dfe oder eine normale Passform bevorzugen. Bitte \u00fcberpr\u00fcfen Sie unser untenstehendes GR\u00d6SSENHANDBUCH, um Ihre Gr\u00f6\u00dfe zu ermitteln.<\/strong><\/p>\n<p><span style=\"color: #3c9158;\"><strong>2% des Kaufpreises werden gespendet f\u00fcr die Unterst\u00fctzung von Wildenten und deren Lebensraum.<\/strong><\/span><\/p>\n","protected":false},"featured_media":68320,"comment_status":"open","ping_status":"closed","template":"","meta":[],"product_brand":[],"product_cat":[255],"product_tag":[],"class_list":{"0":"post-47439","1":"product","2":"type-product","3":"status-publish","4":"has-post-thumbnail","6":"product_cat-women","7":"shop-item","8":"isotope-item","10":"first","11":"instock","12":"featured","13":"shipping-taxable","14":"purchasable","15":"product-type-variable"},"yoast_head":"<!-- This site is optimized with the Yoast SEO plugin v27.3 - https:\/\/yoast.com\/product\/yoast-seo-wordpress\/ -->\n<title>REGENMANTEL CITY SCHWARZER \u2013 Recycelte Materialien - Ducktail Rainwear<\/title>\n<meta name=\"description\" content=\"Das Au\u00dfenmaterial des City Unisex Regenmantels besteht aus recyceltem Polyester und ist wasserdicht, winddicht und atmungsaktiv. Das Innenfutter besteht aus einem weichen, recycelten Material. Der Regenmantel hat reflektierende Schn\u00fcre und einen einzigartigen abnehmbaren doppelseitigen Ducktail, wovon eine Seite reflektierend ist. Der Regenmantel ist leicht (0.8 kg).  Wasserdichte Nahtversiegelung \u2013 Wassers\u00e4ulendruck: 10.000 mm.  Das Model misst 172 cm und tr\u00e4gt eine Gr\u00f6\u00dfe XXXS.  Designed und produziert in Vilnius, Litauen. Wir versenden weltweit.  Beachten Sie, dass es sich bei unseren Gr\u00f6\u00dfen um Herrengr\u00f6\u00dfen handelt. F\u00fcr eine Damengr\u00f6\u00dfe M bestellen Sie eine Gr\u00f6\u00dfe XXS oder XS, je nachdem, ob Sie eine \u00dcbergr\u00f6\u00dfe oder eine normale Passform bevorzugen. Bitte \u00fcberpr\u00fcfen Sie unser untenstehendes GR\u00d6SSENHANDBUCH, um Ihre Gr\u00f6\u00dfe zu ermitteln.  2% des Kaufpreises werden gespendet f\u00fcr die Unterst\u00fctzung von Wildenten und deren Lebensraum.\" \/>\n<meta name=\"robots\" content=\"index, follow, max-snippet:-1, max-image-preview:large, max-video-preview:-1\" \/>\n<link rel=\"canonical\" href=\"https:\/\/ducktail.eu\/shop\/unisex-black-city-raincoat-recycled-materials-women\/\" \/>\n<meta property=\"og:locale\" content=\"de_DE\" \/>\n<meta property=\"og:type\" content=\"article\" \/>\n<meta property=\"og:title\" content=\"REGENMANTEL CITY SCHWARZER \u2013 Recycelte Materialien - Ducktail Rainwear\" \/>\n<meta property=\"og:description\" content=\"Das Au\u00dfenmaterial des City Unisex Regenmantels besteht aus recyceltem Polyester und ist wasserdicht, winddicht und atmungsaktiv. Das Innenfutter besteht aus einem weichen, recycelten Material. Der Regenmantel hat reflektierende Schn\u00fcre und einen einzigartigen abnehmbaren doppelseitigen Ducktail, wovon eine Seite reflektierend ist. Der Regenmantel ist leicht (0.8 kg).  Wasserdichte Nahtversiegelung \u2013 Wassers\u00e4ulendruck: 10.000 mm.  Das Model misst 172 cm und tr\u00e4gt eine Gr\u00f6\u00dfe XXXS.  Designed und produziert in Vilnius, Litauen. Wir versenden weltweit.  Beachten Sie, dass es sich bei unseren Gr\u00f6\u00dfen um Herrengr\u00f6\u00dfen handelt. F\u00fcr eine Damengr\u00f6\u00dfe M bestellen Sie eine Gr\u00f6\u00dfe XXS oder XS, je nachdem, ob Sie eine \u00dcbergr\u00f6\u00dfe oder eine normale Passform bevorzugen. Bitte \u00fcberpr\u00fcfen Sie unser untenstehendes GR\u00d6SSENHANDBUCH, um Ihre Gr\u00f6\u00dfe zu ermitteln.  2% des Kaufpreises werden gespendet f\u00fcr die Unterst\u00fctzung von Wildenten und deren Lebensraum.\" \/>\n<meta property=\"og:url\" content=\"https:\/\/ducktail.eu\/shop\/unisex-black-city-raincoat-recycled-materials-women\/\" \/>\n<meta property=\"og:site_name\" content=\"Ducktail Rainwear\" \/>\n<meta property=\"article:modified_time\" content=\"2025-12-02T22:33:52+00:00\" \/>\n<meta property=\"og:image\" content=\"https:\/\/ducktail.eu\/wp-content\/uploads\/2019\/04\/Untitled-Catalog2137.jpg\" \/>\n\t<meta property=\"og:image:width\" content=\"1275\" \/>\n\t<meta property=\"og:image:height\" content=\"1913\" \/>\n\t<meta property=\"og:image:type\" content=\"image\/jpeg\" \/>\n<meta name=\"twitter:card\" content=\"summary_large_image\" \/>\n<script type=\"application\/ld+json\" class=\"yoast-schema-graph\">{\"@context\":\"https:\\\/\\\/schema.org\",\"@graph\":[{\"@type\":\"WebPage\",\"@id\":\"https:\\\/\\\/ducktail.eu\\\/shop\\\/unisex-black-city-raincoat-recycled-materials-women\\\/\",\"url\":\"https:\\\/\\\/ducktail.eu\\\/shop\\\/unisex-black-city-raincoat-recycled-materials-women\\\/\",\"name\":\"REGENMANTEL CITY SCHWARZER \u2013 Recycelte Materialien - Ducktail Rainwear\",\"isPartOf\":{\"@id\":\"https:\\\/\\\/ducktail.eu\\\/de\\\/#website\"},\"primaryImageOfPage\":{\"@id\":\"https:\\\/\\\/ducktail.eu\\\/shop\\\/unisex-black-city-raincoat-recycled-materials-women\\\/#primaryimage\"},\"image\":{\"@id\":\"https:\\\/\\\/ducktail.eu\\\/shop\\\/unisex-black-city-raincoat-recycled-materials-women\\\/#primaryimage\"},\"thumbnailUrl\":\"https:\\\/\\\/ducktail.eu\\\/wp-content\\\/uploads\\\/2019\\\/04\\\/Untitled-Catalog2137.jpg\",\"datePublished\":\"2019-04-09T20:20:34+00:00\",\"dateModified\":\"2025-12-02T22:33:52+00:00\",\"description\":\"Das Au\u00dfenmaterial des City Unisex Regenmantels besteht aus recyceltem Polyester und ist wasserdicht, winddicht und atmungsaktiv. Das Innenfutter besteht aus einem weichen, recycelten Material. Der Regenmantel hat reflektierende Schn\u00fcre und einen einzigartigen abnehmbaren doppelseitigen Ducktail, wovon eine Seite reflektierend ist. Der Regenmantel ist leicht (0.8 kg). Wasserdichte Nahtversiegelung \u2013 Wassers\u00e4ulendruck: 10.000 mm. Das Model misst 172 cm und tr\u00e4gt eine Gr\u00f6\u00dfe XXXS. Designed und produziert in Vilnius, Litauen. Wir versenden weltweit. Beachten Sie, dass es sich bei unseren Gr\u00f6\u00dfen um Herrengr\u00f6\u00dfen handelt. F\u00fcr eine Damengr\u00f6\u00dfe M bestellen Sie eine Gr\u00f6\u00dfe XXS oder XS, je nachdem, ob Sie eine \u00dcbergr\u00f6\u00dfe oder eine normale Passform bevorzugen. Bitte \u00fcberpr\u00fcfen Sie unser untenstehendes GR\u00d6SSENHANDBUCH, um Ihre Gr\u00f6\u00dfe zu ermitteln. 2% des Kaufpreises werden gespendet f\u00fcr die Unterst\u00fctzung von Wildenten und deren Lebensraum.\",\"breadcrumb\":{\"@id\":\"https:\\\/\\\/ducktail.eu\\\/shop\\\/unisex-black-city-raincoat-recycled-materials-women\\\/#breadcrumb\"},\"inLanguage\":\"de\",\"potentialAction\":[{\"@type\":\"ReadAction\",\"target\":[\"https:\\\/\\\/ducktail.eu\\\/shop\\\/unisex-black-city-raincoat-recycled-materials-women\\\/\"]}]},{\"@type\":\"ImageObject\",\"inLanguage\":\"de\",\"@id\":\"https:\\\/\\\/ducktail.eu\\\/shop\\\/unisex-black-city-raincoat-recycled-materials-women\\\/#primaryimage\",\"url\":\"https:\\\/\\\/ducktail.eu\\\/wp-content\\\/uploads\\\/2019\\\/04\\\/Untitled-Catalog2137.jpg\",\"contentUrl\":\"https:\\\/\\\/ducktail.eu\\\/wp-content\\\/uploads\\\/2019\\\/04\\\/Untitled-Catalog2137.jpg\",\"width\":1275,\"height\":1913},{\"@type\":\"BreadcrumbList\",\"@id\":\"https:\\\/\\\/ducktail.eu\\\/shop\\\/unisex-black-city-raincoat-recycled-materials-women\\\/#breadcrumb\",\"itemListElement\":[{\"@type\":\"ListItem\",\"position\":1,\"name\":\"Home\",\"item\":\"https:\\\/\\\/ducktail.eu\\\/de\\\/\"},{\"@type\":\"ListItem\",\"position\":2,\"name\":\"Shop\",\"item\":\"https:\\\/\\\/ducktail.eu\\\/de\\\/shop\\\/\"},{\"@type\":\"ListItem\",\"position\":3,\"name\":\"REGENMANTEL CITY SCHWARZER \u2013 Recycelte Materialien\"}]},{\"@type\":\"WebSite\",\"@id\":\"https:\\\/\\\/ducktail.eu\\\/de\\\/#website\",\"url\":\"https:\\\/\\\/ducktail.eu\\\/de\\\/\",\"name\":\"Ducktail Rainwear\",\"description\":\"Ducktail.eu\",\"potentialAction\":[{\"@type\":\"SearchAction\",\"target\":{\"@type\":\"EntryPoint\",\"urlTemplate\":\"https:\\\/\\\/ducktail.eu\\\/de\\\/?s={search_term_string}\"},\"query-input\":{\"@type\":\"PropertyValueSpecification\",\"valueRequired\":true,\"valueName\":\"search_term_string\"}}],\"inLanguage\":\"de\"}]}<\/script>\n<!-- \/ Yoast SEO plugin. -->","yoast_head_json":{"title":"REGENMANTEL CITY SCHWARZER \u2013 Recycelte Materialien - Ducktail Rainwear","description":"Das Au\u00dfenmaterial des City Unisex Regenmantels besteht aus recyceltem Polyester und ist wasserdicht, winddicht und atmungsaktiv. Das Innenfutter besteht aus einem weichen, recycelten Material. Der Regenmantel hat reflektierende Schn\u00fcre und einen einzigartigen abnehmbaren doppelseitigen Ducktail, wovon eine Seite reflektierend ist. Der Regenmantel ist leicht (0.8 kg).  Wasserdichte Nahtversiegelung \u2013 Wassers\u00e4ulendruck: 10.000 mm.  Das Model misst 172 cm und tr\u00e4gt eine Gr\u00f6\u00dfe XXXS.  Designed und produziert in Vilnius, Litauen. Wir versenden weltweit.  Beachten Sie, dass es sich bei unseren Gr\u00f6\u00dfen um Herrengr\u00f6\u00dfen handelt. F\u00fcr eine Damengr\u00f6\u00dfe M bestellen Sie eine Gr\u00f6\u00dfe XXS oder XS, je nachdem, ob Sie eine \u00dcbergr\u00f6\u00dfe oder eine normale Passform bevorzugen. Bitte \u00fcberpr\u00fcfen Sie unser untenstehendes GR\u00d6SSENHANDBUCH, um Ihre Gr\u00f6\u00dfe zu ermitteln.  2% des Kaufpreises werden gespendet f\u00fcr die Unterst\u00fctzung von Wildenten und deren Lebensraum.","robots":{"index":"index","follow":"follow","max-snippet":"max-snippet:-1","max-image-preview":"max-image-preview:large","max-video-preview":"max-video-preview:-1"},"canonical":"https:\/\/ducktail.eu\/shop\/unisex-black-city-raincoat-recycled-materials-women\/","og_locale":"de_DE","og_type":"article","og_title":"REGENMANTEL CITY SCHWARZER \u2013 Recycelte Materialien - Ducktail Rainwear","og_description":"Das Au\u00dfenmaterial des City Unisex Regenmantels besteht aus recyceltem Polyester und ist wasserdicht, winddicht und atmungsaktiv. Das Innenfutter besteht aus einem weichen, recycelten Material. Der Regenmantel hat reflektierende Schn\u00fcre und einen einzigartigen abnehmbaren doppelseitigen Ducktail, wovon eine Seite reflektierend ist. Der Regenmantel ist leicht (0.8 kg).  Wasserdichte Nahtversiegelung \u2013 Wassers\u00e4ulendruck: 10.000 mm.  Das Model misst 172 cm und tr\u00e4gt eine Gr\u00f6\u00dfe XXXS.  Designed und produziert in Vilnius, Litauen. Wir versenden weltweit.  Beachten Sie, dass es sich bei unseren Gr\u00f6\u00dfen um Herrengr\u00f6\u00dfen handelt. F\u00fcr eine Damengr\u00f6\u00dfe M bestellen Sie eine Gr\u00f6\u00dfe XXS oder XS, je nachdem, ob Sie eine \u00dcbergr\u00f6\u00dfe oder eine normale Passform bevorzugen. Bitte \u00fcberpr\u00fcfen Sie unser untenstehendes GR\u00d6SSENHANDBUCH, um Ihre Gr\u00f6\u00dfe zu ermitteln.  2% des Kaufpreises werden gespendet f\u00fcr die Unterst\u00fctzung von Wildenten und deren Lebensraum.","og_url":"https:\/\/ducktail.eu\/shop\/unisex-black-city-raincoat-recycled-materials-women\/","og_site_name":"Ducktail Rainwear","article_modified_time":"2025-12-02T22:33:52+00:00","og_image":[{"width":1275,"height":1913,"url":"https:\/\/ducktail.eu\/wp-content\/uploads\/2019\/04\/Untitled-Catalog2137.jpg","type":"image\/jpeg"}],"twitter_card":"summary_large_image","schema":{"@context":"https:\/\/schema.org","@graph":[{"@type":"WebPage","@id":"https:\/\/ducktail.eu\/shop\/unisex-black-city-raincoat-recycled-materials-women\/","url":"https:\/\/ducktail.eu\/shop\/unisex-black-city-raincoat-recycled-materials-women\/","name":"REGENMANTEL CITY SCHWARZER \u2013 Recycelte Materialien - Ducktail Rainwear","isPartOf":{"@id":"https:\/\/ducktail.eu\/de\/#website"},"primaryImageOfPage":{"@id":"https:\/\/ducktail.eu\/shop\/unisex-black-city-raincoat-recycled-materials-women\/#primaryimage"},"image":{"@id":"https:\/\/ducktail.eu\/shop\/unisex-black-city-raincoat-recycled-materials-women\/#primaryimage"},"thumbnailUrl":"https:\/\/ducktail.eu\/wp-content\/uploads\/2019\/04\/Untitled-Catalog2137.jpg","datePublished":"2019-04-09T20:20:34+00:00","dateModified":"2025-12-02T22:33:52+00:00","description":"Das Au\u00dfenmaterial des City Unisex Regenmantels besteht aus recyceltem Polyester und ist wasserdicht, winddicht und atmungsaktiv. Das Innenfutter besteht aus einem weichen, recycelten Material. Der Regenmantel hat reflektierende Schn\u00fcre und einen einzigartigen abnehmbaren doppelseitigen Ducktail, wovon eine Seite reflektierend ist. Der Regenmantel ist leicht (0.8 kg). Wasserdichte Nahtversiegelung \u2013 Wassers\u00e4ulendruck: 10.000 mm. Das Model misst 172 cm und tr\u00e4gt eine Gr\u00f6\u00dfe XXXS. Designed und produziert in Vilnius, Litauen. Wir versenden weltweit. Beachten Sie, dass es sich bei unseren Gr\u00f6\u00dfen um Herrengr\u00f6\u00dfen handelt. F\u00fcr eine Damengr\u00f6\u00dfe M bestellen Sie eine Gr\u00f6\u00dfe XXS oder XS, je nachdem, ob Sie eine \u00dcbergr\u00f6\u00dfe oder eine normale Passform bevorzugen. Bitte \u00fcberpr\u00fcfen Sie unser untenstehendes GR\u00d6SSENHANDBUCH, um Ihre Gr\u00f6\u00dfe zu ermitteln. 2% des Kaufpreises werden gespendet f\u00fcr die Unterst\u00fctzung von Wildenten und deren Lebensraum.","breadcrumb":{"@id":"https:\/\/ducktail.eu\/shop\/unisex-black-city-raincoat-recycled-materials-women\/#breadcrumb"},"inLanguage":"de","potentialAction":[{"@type":"ReadAction","target":["https:\/\/ducktail.eu\/shop\/unisex-black-city-raincoat-recycled-materials-women\/"]}]},{"@type":"ImageObject","inLanguage":"de","@id":"https:\/\/ducktail.eu\/shop\/unisex-black-city-raincoat-recycled-materials-women\/#primaryimage","url":"https:\/\/ducktail.eu\/wp-content\/uploads\/2019\/04\/Untitled-Catalog2137.jpg","contentUrl":"https:\/\/ducktail.eu\/wp-content\/uploads\/2019\/04\/Untitled-Catalog2137.jpg","width":1275,"height":1913},{"@type":"BreadcrumbList","@id":"https:\/\/ducktail.eu\/shop\/unisex-black-city-raincoat-recycled-materials-women\/#breadcrumb","itemListElement":[{"@type":"ListItem","position":1,"name":"Home","item":"https:\/\/ducktail.eu\/de\/"},{"@type":"ListItem","position":2,"name":"Shop","item":"https:\/\/ducktail.eu\/de\/shop\/"},{"@type":"ListItem","position":3,"name":"REGENMANTEL CITY SCHWARZER \u2013 Recycelte Materialien"}]},{"@type":"WebSite","@id":"https:\/\/ducktail.eu\/de\/#website","url":"https:\/\/ducktail.eu\/de\/","name":"Ducktail Rainwear","description":"Ducktail.eu","potentialAction":[{"@type":"SearchAction","target":{"@type":"EntryPoint","urlTemplate":"https:\/\/ducktail.eu\/de\/?s={search_term_string}"},"query-input":{"@type":"PropertyValueSpecification","valueRequired":true,"valueName":"search_term_string"}}],"inLanguage":"de"}]}},"_links":{"self":[{"href":"https:\/\/ducktail.eu\/de\/wp-json\/wp\/v2\/product\/47439","targetHints":{"allow":["GET"]}}],"collection":[{"href":"https:\/\/ducktail.eu\/de\/wp-json\/wp\/v2\/product"}],"about":[{"href":"https:\/\/ducktail.eu\/de\/wp-json\/wp\/v2\/types\/product"}],"replies":[{"embeddable":true,"href":"https:\/\/ducktail.eu\/de\/wp-json\/wp\/v2\/comments?post=47439"}],"wp:featuredmedia":[{"embeddable":true,"href":"https:\/\/ducktail.eu\/de\/wp-json\/wp\/v2\/media\/68320"}],"wp:attachment":[{"href":"https:\/\/ducktail.eu\/de\/wp-json\/wp\/v2\/media?parent=47439"}],"wp:term":[{"taxonomy":"product_brand","embeddable":true,"href":"https:\/\/ducktail.eu\/de\/wp-json\/wp\/v2\/product_brand?post=47439"},{"taxonomy":"product_cat","embeddable":true,"href":"https:\/\/ducktail.eu\/de\/wp-json\/wp\/v2\/product_cat?post=47439"},{"taxonomy":"product_tag","embeddable":true,"href":"https:\/\/ducktail.eu\/de\/wp-json\/wp\/v2\/product_tag?post=47439"}],"curies":[{"name":"wp","href":"https:\/\/api.w.org\/{rel}","templated":true}]}}