{"id":68684,"date":"2022-08-08T16:53:55","date_gmt":"2022-08-08T13:53:59","guid":{"rendered":"https:\/\/ducktail.eu\/?post_type=product&#038;p=68684"},"modified":"2025-12-03T00:33:41","modified_gmt":"2025-12-02T22:33:41","slug":"regenmantel-city-rot-recycelte-materialien","status":"publish","type":"product","link":"https:\/\/ducktail.eu\/de\/shop\/regenmantel-city-rot-recycelte-materialien\/","title":{"rendered":"REGENMANTEL CITY ROT \u2013 Recycelte Materialien"},"content":{"rendered":"<p><strong>MATERIAL<\/strong><\/p>\n<p>Au\u00dfenmaterial \u2013 100% recyceltes Polyester; Seite des Ducktails \u2013 reflektierendes Material; Innenfutter \u2013 45% Viskose, 55% recyceltes Polyester.<\/p>\n<p><strong>PFLEGEHINWEISE<\/strong><\/p>\n<p>Das Produkt sollte nach Bedarf von Hand gewaschen werden. Wenn Sie eine Waschmaschine verwenden, sollten Sie unbedingt das Handwaschprogramm bei niedriger Schleuderdrehzahl w\u00e4hlen. Leichte Verschmutzungen k\u00f6nnen Sie ganz einfach mit einem feuchten Tuch und Seife (optional) reinigen. Die B\u00fcgeltemperatur (Au\u00dfenmaterial) betr\u00e4gt max. 110 \u00b0 C. Die reflektierenden Details der Maske k\u00f6nnen nicht geb\u00fcgelt werden. Das Produkt kann chemisch gereinigt werden und bei schwacher Hitze im W\u00e4schetrockner getrocknet werden. Nicht bleichen.<\/p>\n<p>*Aufgrund der Unterschied bei der Farbwiedergabe des Bildschirms k\u00f6nnen die aktuellen Farben der Regenjacken etwas anders als online aussehen.<\/p>\n<p>Bitte hinterlasse eine Nachricht, wenn Du Fragen, Zweifel oder Vorschl\u00e4ge hast.<\/p>\n<p>Related Productsspan&gt;<\/p>\n","protected":false},"excerpt":{"rendered":"<p>Das Au\u00dfenmaterial des City Unisex Regenmantels besteht aus recyceltem Polyester und ist wasserdicht, winddicht und atmungsaktiv. Das Innenfutter besteht aus einem weichen, recycelten Material. Der Regenmantel hat reflektierende Schn\u00fcre und einen einzigartigen abnehmbaren doppelseitigen Ducktail, wovon eine Seite reflektierend ist. Der Regenmantel ist leicht (0.8 kg).<\/p>\n<p>Wasserdichte Nahtversiegelung \u2013 Wassers\u00e4ulendruck: 10.000 mm<\/p>\n<p>Das Model misst 184 cm und tr\u00e4gt eine Gr\u00f6\u00dfe <strong>M<\/strong>.<\/p>\n<p>Designed und produziert in Vilnius, Litauen.<br \/>\nWir versenden weltweit.<\/p>\n<p><strong>Der Regenmantel besitzt eine gerade Unisex-Passform. Beachten Sie, dass es sich bei den Gr\u00f6\u00dfen um Herrengr\u00f6\u00dfen handelt. F\u00fcr M\u00e4nner besticht der Mantel durch seine gro\u00dfz\u00fcgige Passform. Wenn sich Ihre Gr\u00f6\u00dfe also normalerweise zwischen zwei Gr\u00f6\u00dfen befindet, empfehlen wir Ihnen, eine Nummer gr\u00f6\u00dfer zu bestellen. Bitte \u00fcberpr\u00fcfen Sie unser untenstehendes GR\u00d6SSENHANDBUCH, um Ihre Gr\u00f6\u00dfe zu ermitteln.<\/strong><\/p>\n<p><span style=\"color: #3c9158;\"><strong>2% des Verkaufserl\u00f6ses wird f\u00fcr den Schutz von Wildenten und deren nat\u00fcrlichen Lebensraum gespendet.<\/strong><\/span><\/p>\n","protected":false},"featured_media":69353,"comment_status":"open","ping_status":"closed","template":"","meta":[],"product_brand":[],"product_cat":[421],"product_tag":[],"class_list":{"0":"post-68684","1":"product","2":"type-product","3":"status-publish","4":"has-post-thumbnail","6":"product_cat-men-de","7":"shop-item","8":"isotope-item","10":"first","11":"instock","12":"featured","13":"shipping-taxable","14":"purchasable","15":"product-type-variable"},"yoast_head":"<!-- This site is optimized with the Yoast SEO plugin v27.3 - https:\/\/yoast.com\/product\/yoast-seo-wordpress\/ -->\n<title>REGENMANTEL CITY ROT \u2013 Recycelte Materialien - Ducktail Rainwear<\/title>\n<meta name=\"description\" content=\"Das Au\u00dfenmaterial des City Unisex Regenmantels besteht aus recyceltem Polyester und ist wasserdicht, winddicht und atmungsaktiv. Das Innenfutter besteht aus einem weichen, recycelten Material. Der Regenmantel hat reflektierende Schn\u00fcre und einen einzigartigen abnehmbaren doppelseitigen Ducktail, wovon eine Seite reflektierend ist. Der Regenmantel ist leicht (0.8 kg).  Wasserdichte Nahtversiegelung \u2013 Wassers\u00e4ulendruck: 10.000 mm  Das Model misst 184 cm und tr\u00e4gt eine Gr\u00f6\u00dfe M.  Designed und produziert in Vilnius, Litauen. Wir versenden weltweit.  Der Regenmantel besitzt eine gerade Unisex-Passform. Beachten Sie, dass es sich bei den Gr\u00f6\u00dfen um Herrengr\u00f6\u00dfen handelt. F\u00fcr M\u00e4nner besticht der Mantel durch seine gro\u00dfz\u00fcgige Passform. Wenn sich Ihre Gr\u00f6\u00dfe also normalerweise zwischen zwei Gr\u00f6\u00dfen befindet, empfehlen wir Ihnen, eine Nummer gr\u00f6\u00dfer zu bestellen. Bitte \u00fcberpr\u00fcfen Sie unser untenstehendes GR\u00d6SSENHANDBUCH, um Ihre Gr\u00f6\u00dfe zu ermitteln.  2% des Verkaufserl\u00f6ses wird f\u00fcr den Schutz von Wildenten und deren nat\u00fcrlichen Lebensraum gespendet.\" \/>\n<meta name=\"robots\" content=\"index, follow, max-snippet:-1, max-image-preview:large, max-video-preview:-1\" \/>\n<link rel=\"canonical\" href=\"https:\/\/ducktail.eu\/de\/shop\/regenmantel-city-rot-recycelte-materialien\/\" \/>\n<meta property=\"og:locale\" content=\"de_DE\" \/>\n<meta property=\"og:type\" content=\"article\" \/>\n<meta property=\"og:title\" content=\"REGENMANTEL CITY ROT \u2013 Recycelte Materialien - Ducktail Rainwear\" \/>\n<meta property=\"og:description\" content=\"Das Au\u00dfenmaterial des City Unisex Regenmantels besteht aus recyceltem Polyester und ist wasserdicht, winddicht und atmungsaktiv. Das Innenfutter besteht aus einem weichen, recycelten Material. Der Regenmantel hat reflektierende Schn\u00fcre und einen einzigartigen abnehmbaren doppelseitigen Ducktail, wovon eine Seite reflektierend ist. Der Regenmantel ist leicht (0.8 kg).  Wasserdichte Nahtversiegelung \u2013 Wassers\u00e4ulendruck: 10.000 mm  Das Model misst 184 cm und tr\u00e4gt eine Gr\u00f6\u00dfe M.  Designed und produziert in Vilnius, Litauen. Wir versenden weltweit.  Der Regenmantel besitzt eine gerade Unisex-Passform. Beachten Sie, dass es sich bei den Gr\u00f6\u00dfen um Herrengr\u00f6\u00dfen handelt. F\u00fcr M\u00e4nner besticht der Mantel durch seine gro\u00dfz\u00fcgige Passform. Wenn sich Ihre Gr\u00f6\u00dfe also normalerweise zwischen zwei Gr\u00f6\u00dfen befindet, empfehlen wir Ihnen, eine Nummer gr\u00f6\u00dfer zu bestellen. Bitte \u00fcberpr\u00fcfen Sie unser untenstehendes GR\u00d6SSENHANDBUCH, um Ihre Gr\u00f6\u00dfe zu ermitteln.  2% des Verkaufserl\u00f6ses wird f\u00fcr den Schutz von Wildenten und deren nat\u00fcrlichen Lebensraum gespendet.\" \/>\n<meta property=\"og:url\" content=\"https:\/\/ducktail.eu\/de\/shop\/regenmantel-city-rot-recycelte-materialien\/\" \/>\n<meta property=\"og:site_name\" content=\"Ducktail Rainwear\" \/>\n<meta property=\"article:modified_time\" content=\"2025-12-02T22:33:41+00:00\" \/>\n<meta property=\"og:image\" content=\"https:\/\/ducktail.eu\/wp-content\/uploads\/2022\/08\/Raincoat-54-scaled.jpg\" \/>\n\t<meta property=\"og:image:width\" content=\"1707\" \/>\n\t<meta property=\"og:image:height\" content=\"2560\" \/>\n\t<meta property=\"og:image:type\" content=\"image\/jpeg\" \/>\n<meta name=\"twitter:card\" content=\"summary_large_image\" \/>\n<meta name=\"twitter:label1\" content=\"Gesch\u00e4tzte Lesezeit\" \/>\n\t<meta name=\"twitter:data1\" content=\"1\u00a0Minute\" \/>\n<script type=\"application\/ld+json\" class=\"yoast-schema-graph\">{\"@context\":\"https:\\\/\\\/schema.org\",\"@graph\":[{\"@type\":\"WebPage\",\"@id\":\"https:\\\/\\\/ducktail.eu\\\/de\\\/shop\\\/regenmantel-city-rot-recycelte-materialien\\\/\",\"url\":\"https:\\\/\\\/ducktail.eu\\\/de\\\/shop\\\/regenmantel-city-rot-recycelte-materialien\\\/\",\"name\":\"REGENMANTEL CITY ROT \u2013 Recycelte Materialien - Ducktail Rainwear\",\"isPartOf\":{\"@id\":\"https:\\\/\\\/ducktail.eu\\\/de\\\/#website\"},\"primaryImageOfPage\":{\"@id\":\"https:\\\/\\\/ducktail.eu\\\/de\\\/shop\\\/regenmantel-city-rot-recycelte-materialien\\\/#primaryimage\"},\"image\":{\"@id\":\"https:\\\/\\\/ducktail.eu\\\/de\\\/shop\\\/regenmantel-city-rot-recycelte-materialien\\\/#primaryimage\"},\"thumbnailUrl\":\"https:\\\/\\\/ducktail.eu\\\/wp-content\\\/uploads\\\/2022\\\/08\\\/Raincoat-54-scaled.jpg\",\"datePublished\":\"2022-08-08T13:53:59+00:00\",\"dateModified\":\"2025-12-02T22:33:41+00:00\",\"description\":\"Das Au\u00dfenmaterial des City Unisex Regenmantels besteht aus recyceltem Polyester und ist wasserdicht, winddicht und atmungsaktiv. Das Innenfutter besteht aus einem weichen, recycelten Material. Der Regenmantel hat reflektierende Schn\u00fcre und einen einzigartigen abnehmbaren doppelseitigen Ducktail, wovon eine Seite reflektierend ist. Der Regenmantel ist leicht (0.8 kg). Wasserdichte Nahtversiegelung \u2013 Wassers\u00e4ulendruck: 10.000 mm Das Model misst 184 cm und tr\u00e4gt eine Gr\u00f6\u00dfe M. Designed und produziert in Vilnius, Litauen. Wir versenden weltweit. Der Regenmantel besitzt eine gerade Unisex-Passform. Beachten Sie, dass es sich bei den Gr\u00f6\u00dfen um Herrengr\u00f6\u00dfen handelt. F\u00fcr M\u00e4nner besticht der Mantel durch seine gro\u00dfz\u00fcgige Passform. Wenn sich Ihre Gr\u00f6\u00dfe also normalerweise zwischen zwei Gr\u00f6\u00dfen befindet, empfehlen wir Ihnen, eine Nummer gr\u00f6\u00dfer zu bestellen. Bitte \u00fcberpr\u00fcfen Sie unser untenstehendes GR\u00d6SSENHANDBUCH, um Ihre Gr\u00f6\u00dfe zu ermitteln. 2% des Verkaufserl\u00f6ses wird f\u00fcr den Schutz von Wildenten und deren nat\u00fcrlichen Lebensraum gespendet.\",\"breadcrumb\":{\"@id\":\"https:\\\/\\\/ducktail.eu\\\/de\\\/shop\\\/regenmantel-city-rot-recycelte-materialien\\\/#breadcrumb\"},\"inLanguage\":\"de\",\"potentialAction\":[{\"@type\":\"ReadAction\",\"target\":[\"https:\\\/\\\/ducktail.eu\\\/de\\\/shop\\\/regenmantel-city-rot-recycelte-materialien\\\/\"]}]},{\"@type\":\"ImageObject\",\"inLanguage\":\"de\",\"@id\":\"https:\\\/\\\/ducktail.eu\\\/de\\\/shop\\\/regenmantel-city-rot-recycelte-materialien\\\/#primaryimage\",\"url\":\"https:\\\/\\\/ducktail.eu\\\/wp-content\\\/uploads\\\/2022\\\/08\\\/Raincoat-54-scaled.jpg\",\"contentUrl\":\"https:\\\/\\\/ducktail.eu\\\/wp-content\\\/uploads\\\/2022\\\/08\\\/Raincoat-54-scaled.jpg\",\"width\":1707,\"height\":2560},{\"@type\":\"BreadcrumbList\",\"@id\":\"https:\\\/\\\/ducktail.eu\\\/de\\\/shop\\\/regenmantel-city-rot-recycelte-materialien\\\/#breadcrumb\",\"itemListElement\":[{\"@type\":\"ListItem\",\"position\":1,\"name\":\"Home\",\"item\":\"https:\\\/\\\/ducktail.eu\\\/de\\\/\"},{\"@type\":\"ListItem\",\"position\":2,\"name\":\"Shop\",\"item\":\"https:\\\/\\\/ducktail.eu\\\/de\\\/shop\\\/\"},{\"@type\":\"ListItem\",\"position\":3,\"name\":\"REGENMANTEL CITY ROT \u2013 Recycelte Materialien\"}]},{\"@type\":\"WebSite\",\"@id\":\"https:\\\/\\\/ducktail.eu\\\/de\\\/#website\",\"url\":\"https:\\\/\\\/ducktail.eu\\\/de\\\/\",\"name\":\"Ducktail Rainwear\",\"description\":\"Ducktail.eu\",\"potentialAction\":[{\"@type\":\"SearchAction\",\"target\":{\"@type\":\"EntryPoint\",\"urlTemplate\":\"https:\\\/\\\/ducktail.eu\\\/de\\\/?s={search_term_string}\"},\"query-input\":{\"@type\":\"PropertyValueSpecification\",\"valueRequired\":true,\"valueName\":\"search_term_string\"}}],\"inLanguage\":\"de\"}]}<\/script>\n<!-- \/ Yoast SEO plugin. -->","yoast_head_json":{"title":"REGENMANTEL CITY ROT \u2013 Recycelte Materialien - Ducktail Rainwear","description":"Das Au\u00dfenmaterial des City Unisex Regenmantels besteht aus recyceltem Polyester und ist wasserdicht, winddicht und atmungsaktiv. Das Innenfutter besteht aus einem weichen, recycelten Material. Der Regenmantel hat reflektierende Schn\u00fcre und einen einzigartigen abnehmbaren doppelseitigen Ducktail, wovon eine Seite reflektierend ist. Der Regenmantel ist leicht (0.8 kg).  Wasserdichte Nahtversiegelung \u2013 Wassers\u00e4ulendruck: 10.000 mm  Das Model misst 184 cm und tr\u00e4gt eine Gr\u00f6\u00dfe M.  Designed und produziert in Vilnius, Litauen. Wir versenden weltweit.  Der Regenmantel besitzt eine gerade Unisex-Passform. Beachten Sie, dass es sich bei den Gr\u00f6\u00dfen um Herrengr\u00f6\u00dfen handelt. F\u00fcr M\u00e4nner besticht der Mantel durch seine gro\u00dfz\u00fcgige Passform. Wenn sich Ihre Gr\u00f6\u00dfe also normalerweise zwischen zwei Gr\u00f6\u00dfen befindet, empfehlen wir Ihnen, eine Nummer gr\u00f6\u00dfer zu bestellen. Bitte \u00fcberpr\u00fcfen Sie unser untenstehendes GR\u00d6SSENHANDBUCH, um Ihre Gr\u00f6\u00dfe zu ermitteln.  2% des Verkaufserl\u00f6ses wird f\u00fcr den Schutz von Wildenten und deren nat\u00fcrlichen Lebensraum gespendet.","robots":{"index":"index","follow":"follow","max-snippet":"max-snippet:-1","max-image-preview":"max-image-preview:large","max-video-preview":"max-video-preview:-1"},"canonical":"https:\/\/ducktail.eu\/de\/shop\/regenmantel-city-rot-recycelte-materialien\/","og_locale":"de_DE","og_type":"article","og_title":"REGENMANTEL CITY ROT \u2013 Recycelte Materialien - Ducktail Rainwear","og_description":"Das Au\u00dfenmaterial des City Unisex Regenmantels besteht aus recyceltem Polyester und ist wasserdicht, winddicht und atmungsaktiv. Das Innenfutter besteht aus einem weichen, recycelten Material. Der Regenmantel hat reflektierende Schn\u00fcre und einen einzigartigen abnehmbaren doppelseitigen Ducktail, wovon eine Seite reflektierend ist. Der Regenmantel ist leicht (0.8 kg).  Wasserdichte Nahtversiegelung \u2013 Wassers\u00e4ulendruck: 10.000 mm  Das Model misst 184 cm und tr\u00e4gt eine Gr\u00f6\u00dfe M.  Designed und produziert in Vilnius, Litauen. Wir versenden weltweit.  Der Regenmantel besitzt eine gerade Unisex-Passform. Beachten Sie, dass es sich bei den Gr\u00f6\u00dfen um Herrengr\u00f6\u00dfen handelt. F\u00fcr M\u00e4nner besticht der Mantel durch seine gro\u00dfz\u00fcgige Passform. Wenn sich Ihre Gr\u00f6\u00dfe also normalerweise zwischen zwei Gr\u00f6\u00dfen befindet, empfehlen wir Ihnen, eine Nummer gr\u00f6\u00dfer zu bestellen. Bitte \u00fcberpr\u00fcfen Sie unser untenstehendes GR\u00d6SSENHANDBUCH, um Ihre Gr\u00f6\u00dfe zu ermitteln.  2% des Verkaufserl\u00f6ses wird f\u00fcr den Schutz von Wildenten und deren nat\u00fcrlichen Lebensraum gespendet.","og_url":"https:\/\/ducktail.eu\/de\/shop\/regenmantel-city-rot-recycelte-materialien\/","og_site_name":"Ducktail Rainwear","article_modified_time":"2025-12-02T22:33:41+00:00","og_image":[{"width":1707,"height":2560,"url":"https:\/\/ducktail.eu\/wp-content\/uploads\/2022\/08\/Raincoat-54-scaled.jpg","type":"image\/jpeg"}],"twitter_card":"summary_large_image","twitter_misc":{"Gesch\u00e4tzte Lesezeit":"1\u00a0Minute"},"schema":{"@context":"https:\/\/schema.org","@graph":[{"@type":"WebPage","@id":"https:\/\/ducktail.eu\/de\/shop\/regenmantel-city-rot-recycelte-materialien\/","url":"https:\/\/ducktail.eu\/de\/shop\/regenmantel-city-rot-recycelte-materialien\/","name":"REGENMANTEL CITY ROT \u2013 Recycelte Materialien - Ducktail Rainwear","isPartOf":{"@id":"https:\/\/ducktail.eu\/de\/#website"},"primaryImageOfPage":{"@id":"https:\/\/ducktail.eu\/de\/shop\/regenmantel-city-rot-recycelte-materialien\/#primaryimage"},"image":{"@id":"https:\/\/ducktail.eu\/de\/shop\/regenmantel-city-rot-recycelte-materialien\/#primaryimage"},"thumbnailUrl":"https:\/\/ducktail.eu\/wp-content\/uploads\/2022\/08\/Raincoat-54-scaled.jpg","datePublished":"2022-08-08T13:53:59+00:00","dateModified":"2025-12-02T22:33:41+00:00","description":"Das Au\u00dfenmaterial des City Unisex Regenmantels besteht aus recyceltem Polyester und ist wasserdicht, winddicht und atmungsaktiv. Das Innenfutter besteht aus einem weichen, recycelten Material. Der Regenmantel hat reflektierende Schn\u00fcre und einen einzigartigen abnehmbaren doppelseitigen Ducktail, wovon eine Seite reflektierend ist. Der Regenmantel ist leicht (0.8 kg). Wasserdichte Nahtversiegelung \u2013 Wassers\u00e4ulendruck: 10.000 mm Das Model misst 184 cm und tr\u00e4gt eine Gr\u00f6\u00dfe M. Designed und produziert in Vilnius, Litauen. Wir versenden weltweit. Der Regenmantel besitzt eine gerade Unisex-Passform. Beachten Sie, dass es sich bei den Gr\u00f6\u00dfen um Herrengr\u00f6\u00dfen handelt. F\u00fcr M\u00e4nner besticht der Mantel durch seine gro\u00dfz\u00fcgige Passform. Wenn sich Ihre Gr\u00f6\u00dfe also normalerweise zwischen zwei Gr\u00f6\u00dfen befindet, empfehlen wir Ihnen, eine Nummer gr\u00f6\u00dfer zu bestellen. Bitte \u00fcberpr\u00fcfen Sie unser untenstehendes GR\u00d6SSENHANDBUCH, um Ihre Gr\u00f6\u00dfe zu ermitteln. 2% des Verkaufserl\u00f6ses wird f\u00fcr den Schutz von Wildenten und deren nat\u00fcrlichen Lebensraum gespendet.","breadcrumb":{"@id":"https:\/\/ducktail.eu\/de\/shop\/regenmantel-city-rot-recycelte-materialien\/#breadcrumb"},"inLanguage":"de","potentialAction":[{"@type":"ReadAction","target":["https:\/\/ducktail.eu\/de\/shop\/regenmantel-city-rot-recycelte-materialien\/"]}]},{"@type":"ImageObject","inLanguage":"de","@id":"https:\/\/ducktail.eu\/de\/shop\/regenmantel-city-rot-recycelte-materialien\/#primaryimage","url":"https:\/\/ducktail.eu\/wp-content\/uploads\/2022\/08\/Raincoat-54-scaled.jpg","contentUrl":"https:\/\/ducktail.eu\/wp-content\/uploads\/2022\/08\/Raincoat-54-scaled.jpg","width":1707,"height":2560},{"@type":"BreadcrumbList","@id":"https:\/\/ducktail.eu\/de\/shop\/regenmantel-city-rot-recycelte-materialien\/#breadcrumb","itemListElement":[{"@type":"ListItem","position":1,"name":"Home","item":"https:\/\/ducktail.eu\/de\/"},{"@type":"ListItem","position":2,"name":"Shop","item":"https:\/\/ducktail.eu\/de\/shop\/"},{"@type":"ListItem","position":3,"name":"REGENMANTEL CITY ROT \u2013 Recycelte Materialien"}]},{"@type":"WebSite","@id":"https:\/\/ducktail.eu\/de\/#website","url":"https:\/\/ducktail.eu\/de\/","name":"Ducktail Rainwear","description":"Ducktail.eu","potentialAction":[{"@type":"SearchAction","target":{"@type":"EntryPoint","urlTemplate":"https:\/\/ducktail.eu\/de\/?s={search_term_string}"},"query-input":{"@type":"PropertyValueSpecification","valueRequired":true,"valueName":"search_term_string"}}],"inLanguage":"de"}]}},"_links":{"self":[{"href":"https:\/\/ducktail.eu\/de\/wp-json\/wp\/v2\/product\/68684","targetHints":{"allow":["GET"]}}],"collection":[{"href":"https:\/\/ducktail.eu\/de\/wp-json\/wp\/v2\/product"}],"about":[{"href":"https:\/\/ducktail.eu\/de\/wp-json\/wp\/v2\/types\/product"}],"replies":[{"embeddable":true,"href":"https:\/\/ducktail.eu\/de\/wp-json\/wp\/v2\/comments?post=68684"}],"wp:featuredmedia":[{"embeddable":true,"href":"https:\/\/ducktail.eu\/de\/wp-json\/wp\/v2\/media\/69353"}],"wp:attachment":[{"href":"https:\/\/ducktail.eu\/de\/wp-json\/wp\/v2\/media?parent=68684"}],"wp:term":[{"taxonomy":"product_brand","embeddable":true,"href":"https:\/\/ducktail.eu\/de\/wp-json\/wp\/v2\/product_brand?post=68684"},{"taxonomy":"product_cat","embeddable":true,"href":"https:\/\/ducktail.eu\/de\/wp-json\/wp\/v2\/product_cat?post=68684"},{"taxonomy":"product_tag","embeddable":true,"href":"https:\/\/ducktail.eu\/de\/wp-json\/wp\/v2\/product_tag?post=68684"}],"curies":[{"name":"wp","href":"https:\/\/api.w.org\/{rel}","templated":true}]}}