{"id":44856,"date":"2017-12-14T11:33:09","date_gmt":"2017-12-14T13:33:09","guid":{"rendered":"https:\/\/ducktail.eu\/?page_id=44856"},"modified":"2018-10-31T12:01:48","modified_gmt":"2018-10-31T14:01:48","slug":"matmenys-unisex","status":"publish","type":"page","link":"https:\/\/ducktail.eu\/lt\/matmenys-unisex\/","title":{"rendered":"Matmenys Unisex"},"content":{"rendered":"<div class=\"wpb-content-wrapper\"><p>[vc_row][vc_column width=&#8221;1\/2&#8243;][vc_tta_tabs][vc_tta_section title=&#8221;XXXS&#8221; tab_id=&#8221;1512740039067-83be4328-509b&#8221;][vc_single_image image=&#8221;44857&#8243; img_size=&#8221;full&#8221; onclick=&#8221;link_image&#8221;][\/vc_tta_section][vc_tta_section title=&#8221;XXS&#8221; tab_id=&#8221;1512740039094-10a43af6-9a40&#8243;][vc_single_image image=&#8221;44860&#8243; img_size=&#8221;full&#8221; onclick=&#8221;link_image&#8221;][\/vc_tta_section][vc_tta_section title=&#8221;XS&#8221; tab_id=&#8221;1512740080480-ab50cdb1-3d31&#8243;][vc_single_image image=&#8221;44863&#8243; img_size=&#8221;full&#8221; onclick=&#8221;link_image&#8221;][\/vc_tta_section][vc_tta_section title=&#8221;S&#8221; tab_id=&#8221;1512740081897-2fa92880-f65e&#8221;][vc_single_image image=&#8221;44866&#8243; img_size=&#8221;full&#8221; onclick=&#8221;link_image&#8221;][\/vc_tta_section][vc_tta_section title=&#8221;M&#8221; tab_id=&#8221;1512740082746-13554d34-ff12&#8243;][vc_single_image image=&#8221;44869&#8243; img_size=&#8221;full&#8221; onclick=&#8221;link_image&#8221;][\/vc_tta_section][vc_tta_section title=&#8221;L&#8221; tab_id=&#8221;1512740106846-407cb658-9bfd&#8221;][vc_single_image image=&#8221;44872&#8243; img_size=&#8221;full&#8221; onclick=&#8221;link_image&#8221;][\/vc_tta_section][vc_tta_section title=&#8221;XL&#8221; tab_id=&#8221;1540994425604-e658ac1b-3011&#8243;][vc_single_image image=&#8221;46678&#8243; img_size=&#8221;full&#8221;][\/vc_tta_section][\/vc_tta_tabs][\/vc_column][vc_column width=&#8221;1\/2&#8243;]<div class=\"ult-spacer spacer-69d6ca7a1e9ad\" data-id=\"69d6ca7a1e9ad\" data-height=\"64\" data-height-mobile=\"7\" data-height-tab=\"7\" data-height-tab-portrait=\"7\" data-height-mobile-landscape=\"7\" style=\"clear:both;display:block;\"><\/div>[vc_column_text]<span style=\"font-size: 8pt;\">Lietpaltis yra universalus tiesaus kirpimo. Tur\u0117kite omeny, kad nurodyti dyd\u017eiai yra vyri\u0161ki. Pra\u0161ome pasinaudoti DYD\u017dI\u0172 GIDU, kad pasirinktum\u0117te tinkamiausi\u0105 dyd\u012f.<\/span><\/p>\n<p><span style=\"font-size: 8pt;\">Vyrams \u2013 lietpaltis atitinka standartinius dyd\u017eius, renkantis tarp dviej\u0173 dyd\u017ei\u0173, si\u016blome rinktis didesn\u012f.<\/span><\/p>\n<p><span style=\"font-size: 8pt;\">Moterims, ne\u0161iojan\u010dioms M dyd\u012f si\u016blome rinktis XXS arba XS, priklausomai ar m\u0117gstate laisv\u0105 ar prigludus\u012f lietpalt\u012f.<\/span>[\/vc_column_text][\/vc_column][\/vc_row]<\/p>\n<\/div>","protected":false},"excerpt":{"rendered":"<p>[vc_row][vc_column width=&#8221;1\/2&#8243;][vc_tta_tabs][vc_tta_section title=&#8221;XXXS&#8221; tab_id=&#8221;1512740039067-83be4328-509b&#8221;][vc_single_image image=&#8221;44857&#8243; img_size=&#8221;full&#8221; onclick=&#8221;link_image&#8221;][\/vc_tta_section][vc_tta_section title=&#8221;XXS&#8221; tab_id=&#8221;1512740039094-10a43af6-9a40&#8243;][vc_single_image image=&#8221;44860&#8243; img_size=&#8221;full&#8221; onclick=&#8221;link_image&#8221;][\/vc_tta_section][vc_tta_section title=&#8221;XS&#8221; tab_id=&#8221;1512740080480-ab50cdb1-3d31&#8243;][vc_single_image image=&#8221;44863&#8243; img_size=&#8221;full&#8221; onclick=&#8221;link_image&#8221;][\/vc_tta_section][vc_tta_section title=&#8221;S&#8221; tab_id=&#8221;1512740081897-2fa92880-f65e&#8221;][vc_single_image image=&#8221;44866&#8243; img_size=&#8221;full&#8221; onclick=&#8221;link_image&#8221;][\/vc_tta_section][vc_tta_section title=&#8221;M&#8221; tab_id=&#8221;1512740082746-13554d34-ff12&#8243;][vc_single_image image=&#8221;44869&#8243; img_size=&#8221;full&#8221; onclick=&#8221;link_image&#8221;][\/vc_tta_section][vc_tta_section title=&#8221;L&#8221; tab_id=&#8221;1512740106846-407cb658-9bfd&#8221;][vc_single_image image=&#8221;44872&#8243; img_size=&#8221;full&#8221; onclick=&#8221;link_image&#8221;][\/vc_tta_section][vc_tta_section title=&#8221;XL&#8221; tab_id=&#8221;1540994425604-e658ac1b-3011&#8243;][vc_single_image image=&#8221;46678&#8243; img_size=&#8221;full&#8221;][\/vc_tta_section][\/vc_tta_tabs][\/vc_column][vc_column width=&#8221;1\/2&#8243;][vc_column_text]Lietpaltis yra universalus tiesaus kirpimo. Tur\u0117kite omeny, kad nurodyti dyd\u017eiai yra vyri\u0161ki. Pra\u0161ome pasinaudoti DYD\u017dI\u0172 GIDU, kad pasirinktum\u0117te tinkamiausi\u0105 [&hellip;]<\/p>\n","protected":false},"author":2,"featured_media":0,"parent":0,"menu_order":0,"comment_status":"closed","ping_status":"closed","template":"","meta":{"footnotes":""},"class_list":["post-44856","page","type-page","status-publish","hentry","isotope-item"],"yoast_head":"<!-- This site is optimized with the Yoast SEO plugin v27.3 - https:\/\/yoast.com\/product\/yoast-seo-wordpress\/ -->\n<title>Matmenys Unisex - Ducktail Rainwear<\/title>\n<meta name=\"description\" content=\"Lietpaltis yra universalus tiesaus kirpimo. Tur\u0117kite omeny, kad nurodyti dyd\u017eiai yra vyri\u0161ki. Pra\u0161ome pasinaudoti DYD\u017dI\u0172 GIDU, kad pasirinktum\u0117te\" \/>\n<meta name=\"robots\" content=\"index, follow, max-snippet:-1, max-image-preview:large, max-video-preview:-1\" \/>\n<link rel=\"canonical\" href=\"https:\/\/ducktail.eu\/lt\/matmenys-unisex\/\" \/>\n<meta property=\"og:locale\" content=\"lt_LT\" \/>\n<meta property=\"og:type\" content=\"article\" \/>\n<meta property=\"og:title\" content=\"Matmenys Unisex - Ducktail Rainwear\" \/>\n<meta property=\"og:description\" content=\"Lietpaltis yra universalus tiesaus kirpimo. Tur\u0117kite omeny, kad nurodyti dyd\u017eiai yra vyri\u0161ki. Pra\u0161ome pasinaudoti DYD\u017dI\u0172 GIDU, kad pasirinktum\u0117te\" \/>\n<meta property=\"og:url\" content=\"https:\/\/ducktail.eu\/lt\/matmenys-unisex\/\" \/>\n<meta property=\"og:site_name\" content=\"Ducktail Rainwear\" \/>\n<meta property=\"article:modified_time\" content=\"2018-10-31T14:01:48+00:00\" \/>\n<meta property=\"og:image\" content=\"https:\/\/ducktail.eu\/wp-content\/uploads\/2020\/11\/1slidea.jpg\" \/>\n\t<meta property=\"og:image:width\" content=\"2500\" \/>\n\t<meta property=\"og:image:height\" content=\"995\" \/>\n\t<meta property=\"og:image:type\" content=\"image\/jpeg\" \/>\n<meta name=\"twitter:card\" content=\"summary_large_image\" \/>\n<meta name=\"twitter:label1\" content=\"Est. reading time\" \/>\n\t<meta name=\"twitter:data1\" content=\"1 minut\u0117\" \/>\n<script type=\"application\/ld+json\" class=\"yoast-schema-graph\">{\"@context\":\"https:\\\/\\\/schema.org\",\"@graph\":[{\"@type\":\"WebPage\",\"@id\":\"https:\\\/\\\/ducktail.eu\\\/lt\\\/matmenys-unisex\\\/\",\"url\":\"https:\\\/\\\/ducktail.eu\\\/lt\\\/matmenys-unisex\\\/\",\"name\":\"Matmenys Unisex - Ducktail Rainwear\",\"isPartOf\":{\"@id\":\"https:\\\/\\\/ducktail.eu\\\/de\\\/#website\"},\"datePublished\":\"2017-12-14T13:33:09+00:00\",\"dateModified\":\"2018-10-31T14:01:48+00:00\",\"description\":\"Lietpaltis yra universalus tiesaus kirpimo. Tur\u0117kite omeny, kad nurodyti dyd\u017eiai yra vyri\u0161ki. Pra\u0161ome pasinaudoti DYD\u017dI\u0172 GIDU, kad pasirinktum\u0117te\",\"breadcrumb\":{\"@id\":\"https:\\\/\\\/ducktail.eu\\\/lt\\\/matmenys-unisex\\\/#breadcrumb\"},\"inLanguage\":\"lt-LT\",\"potentialAction\":[{\"@type\":\"ReadAction\",\"target\":[\"https:\\\/\\\/ducktail.eu\\\/lt\\\/matmenys-unisex\\\/\"]}]},{\"@type\":\"BreadcrumbList\",\"@id\":\"https:\\\/\\\/ducktail.eu\\\/lt\\\/matmenys-unisex\\\/#breadcrumb\",\"itemListElement\":[{\"@type\":\"ListItem\",\"position\":1,\"name\":\"Home\",\"item\":\"https:\\\/\\\/ducktail.eu\\\/lt\\\/\"},{\"@type\":\"ListItem\",\"position\":2,\"name\":\"Matmenys Unisex\"}]},{\"@type\":\"WebSite\",\"@id\":\"https:\\\/\\\/ducktail.eu\\\/de\\\/#website\",\"url\":\"https:\\\/\\\/ducktail.eu\\\/de\\\/\",\"name\":\"Ducktail Rainwear\",\"description\":\"Ducktail.eu\",\"potentialAction\":[{\"@type\":\"SearchAction\",\"target\":{\"@type\":\"EntryPoint\",\"urlTemplate\":\"https:\\\/\\\/ducktail.eu\\\/de\\\/?s={search_term_string}\"},\"query-input\":{\"@type\":\"PropertyValueSpecification\",\"valueRequired\":true,\"valueName\":\"search_term_string\"}}],\"inLanguage\":\"lt-LT\"}]}<\/script>\n<!-- \/ Yoast SEO plugin. -->","yoast_head_json":{"title":"Matmenys Unisex - Ducktail Rainwear","description":"Lietpaltis yra universalus tiesaus kirpimo. Tur\u0117kite omeny, kad nurodyti dyd\u017eiai yra vyri\u0161ki. Pra\u0161ome pasinaudoti DYD\u017dI\u0172 GIDU, kad pasirinktum\u0117te","robots":{"index":"index","follow":"follow","max-snippet":"max-snippet:-1","max-image-preview":"max-image-preview:large","max-video-preview":"max-video-preview:-1"},"canonical":"https:\/\/ducktail.eu\/lt\/matmenys-unisex\/","og_locale":"lt_LT","og_type":"article","og_title":"Matmenys Unisex - Ducktail Rainwear","og_description":"Lietpaltis yra universalus tiesaus kirpimo. Tur\u0117kite omeny, kad nurodyti dyd\u017eiai yra vyri\u0161ki. Pra\u0161ome pasinaudoti DYD\u017dI\u0172 GIDU, kad pasirinktum\u0117te","og_url":"https:\/\/ducktail.eu\/lt\/matmenys-unisex\/","og_site_name":"Ducktail Rainwear","article_modified_time":"2018-10-31T14:01:48+00:00","og_image":[{"width":2500,"height":995,"url":"https:\/\/ducktail.eu\/wp-content\/uploads\/2020\/11\/1slidea.jpg","type":"image\/jpeg"}],"twitter_card":"summary_large_image","twitter_misc":{"Est. reading time":"1 minut\u0117"},"schema":{"@context":"https:\/\/schema.org","@graph":[{"@type":"WebPage","@id":"https:\/\/ducktail.eu\/lt\/matmenys-unisex\/","url":"https:\/\/ducktail.eu\/lt\/matmenys-unisex\/","name":"Matmenys Unisex - Ducktail Rainwear","isPartOf":{"@id":"https:\/\/ducktail.eu\/de\/#website"},"datePublished":"2017-12-14T13:33:09+00:00","dateModified":"2018-10-31T14:01:48+00:00","description":"Lietpaltis yra universalus tiesaus kirpimo. Tur\u0117kite omeny, kad nurodyti dyd\u017eiai yra vyri\u0161ki. Pra\u0161ome pasinaudoti DYD\u017dI\u0172 GIDU, kad pasirinktum\u0117te","breadcrumb":{"@id":"https:\/\/ducktail.eu\/lt\/matmenys-unisex\/#breadcrumb"},"inLanguage":"lt-LT","potentialAction":[{"@type":"ReadAction","target":["https:\/\/ducktail.eu\/lt\/matmenys-unisex\/"]}]},{"@type":"BreadcrumbList","@id":"https:\/\/ducktail.eu\/lt\/matmenys-unisex\/#breadcrumb","itemListElement":[{"@type":"ListItem","position":1,"name":"Home","item":"https:\/\/ducktail.eu\/lt\/"},{"@type":"ListItem","position":2,"name":"Matmenys Unisex"}]},{"@type":"WebSite","@id":"https:\/\/ducktail.eu\/de\/#website","url":"https:\/\/ducktail.eu\/de\/","name":"Ducktail Rainwear","description":"Ducktail.eu","potentialAction":[{"@type":"SearchAction","target":{"@type":"EntryPoint","urlTemplate":"https:\/\/ducktail.eu\/de\/?s={search_term_string}"},"query-input":{"@type":"PropertyValueSpecification","valueRequired":true,"valueName":"search_term_string"}}],"inLanguage":"lt-LT"}]}},"_links":{"self":[{"href":"https:\/\/ducktail.eu\/lt\/wp-json\/wp\/v2\/pages\/44856","targetHints":{"allow":["GET"]}}],"collection":[{"href":"https:\/\/ducktail.eu\/lt\/wp-json\/wp\/v2\/pages"}],"about":[{"href":"https:\/\/ducktail.eu\/lt\/wp-json\/wp\/v2\/types\/page"}],"author":[{"embeddable":true,"href":"https:\/\/ducktail.eu\/lt\/wp-json\/wp\/v2\/users\/2"}],"replies":[{"embeddable":true,"href":"https:\/\/ducktail.eu\/lt\/wp-json\/wp\/v2\/comments?post=44856"}],"version-history":[{"count":0,"href":"https:\/\/ducktail.eu\/lt\/wp-json\/wp\/v2\/pages\/44856\/revisions"}],"wp:attachment":[{"href":"https:\/\/ducktail.eu\/lt\/wp-json\/wp\/v2\/media?parent=44856"}],"curies":[{"name":"wp","href":"https:\/\/api.w.org\/{rel}","templated":true}]}}