{"id":46360,"date":"2018-06-06T05:53:56","date_gmt":"2018-06-06T07:53:56","guid":{"rendered":"https:\/\/ducktail.eu\/?page_id=46360"},"modified":"2021-04-02T09:40:09","modified_gmt":"2021-04-02T11:40:09","slug":"matmenys-long-3","status":"publish","type":"page","link":"https:\/\/ducktail.eu\/lt\/matmenys-long-3\/","title":{"rendered":"Matmenys Long"},"content":{"rendered":"<div class=\"wpb-content-wrapper\"><p>[vc_row][vc_column width=&#8221;1\/2&#8243;][vc_tta_tabs][vc_tta_section title=&#8221;XS&#8221; tab_id=&#8221;1512740080480-ab50cdb1-3d31&#8243;][vc_single_image image=&#8221;46361&#8243; img_size=&#8221;full&#8221; onclick=&#8221;link_image&#8221;][\/vc_tta_section][vc_tta_section title=&#8221;S&#8221; tab_id=&#8221;1512740081897-2fa92880-f65e&#8221;][vc_single_image image=&#8221;46364&#8243; img_size=&#8221;full&#8221; onclick=&#8221;link_image&#8221;][\/vc_tta_section][vc_tta_section title=&#8221;M&#8221; tab_id=&#8221;1512740082746-13554d34-ff12&#8243;][vc_single_image image=&#8221;46367&#8243; img_size=&#8221;full&#8221; onclick=&#8221;link_image&#8221;][\/vc_tta_section][vc_tta_section title=&#8221;L&#8221; tab_id=&#8221;1575978437457-00812baa-f6bc&#8221;][vc_single_image image=&#8221;46734&#8243; img_size=&#8221;full&#8221; onclick=&#8221;link_image&#8221;][\/vc_tta_section][vc_tta_section title=&#8221;XL&#8221; tab_id=&#8221;1575978436394-c4e7f74a-1421&#8243;][vc_single_image image=&#8221;50897&#8243; img_size=&#8221;full&#8221; onclick=&#8221;link_image&#8221;][\/vc_tta_section][\/vc_tta_tabs][\/vc_column][vc_column width=&#8221;1\/2&#8243;]<div class=\"ult-spacer spacer-69f2bf992a69e\" data-id=\"69f2bf992a69e\" data-height=\"64\" data-height-mobile=\"7\" data-height-tab=\"7\" data-height-tab-portrait=\"7\" data-height-mobile-landscape=\"7\" style=\"clear:both;display:block;\"><\/div>[vc_column_text]<span style=\"font-size: 8pt;\">Lietpaltis yra gan aptemptas, ta\u010diau leid\u017eia lengvai jud\u0117ti.<\/span>[\/vc_column_text][\/vc_column][\/vc_row]<\/p>\n<\/div>","protected":false},"excerpt":{"rendered":"<p>[vc_row][vc_column width=&#8221;1\/2&#8243;][vc_tta_tabs][vc_tta_section title=&#8221;XS&#8221; tab_id=&#8221;1512740080480-ab50cdb1-3d31&#8243;][vc_single_image image=&#8221;46361&#8243; img_size=&#8221;full&#8221; onclick=&#8221;link_image&#8221;][\/vc_tta_section][vc_tta_section title=&#8221;S&#8221; tab_id=&#8221;1512740081897-2fa92880-f65e&#8221;][vc_single_image image=&#8221;46364&#8243; img_size=&#8221;full&#8221; onclick=&#8221;link_image&#8221;][\/vc_tta_section][vc_tta_section title=&#8221;M&#8221; tab_id=&#8221;1512740082746-13554d34-ff12&#8243;][vc_single_image image=&#8221;46367&#8243; img_size=&#8221;full&#8221; onclick=&#8221;link_image&#8221;][\/vc_tta_section][vc_tta_section title=&#8221;L&#8221; tab_id=&#8221;1575978437457-00812baa-f6bc&#8221;][vc_single_image image=&#8221;46734&#8243; img_size=&#8221;full&#8221; onclick=&#8221;link_image&#8221;][\/vc_tta_section][vc_tta_section title=&#8221;XL&#8221; tab_id=&#8221;1575978436394-c4e7f74a-1421&#8243;][vc_single_image image=&#8221;50897&#8243; img_size=&#8221;full&#8221; onclick=&#8221;link_image&#8221;][\/vc_tta_section][\/vc_tta_tabs][\/vc_column][vc_column width=&#8221;1\/2&#8243;][vc_column_text]Lietpaltis yra gan aptemptas, ta\u010diau leid\u017eia lengvai jud\u0117ti.[\/vc_column_text][\/vc_column][\/vc_row]<\/p>\n","protected":false},"author":2,"featured_media":0,"parent":0,"menu_order":0,"comment_status":"closed","ping_status":"closed","template":"","meta":{"footnotes":""},"class_list":["post-46360","page","type-page","status-publish","hentry","isotope-item"],"yoast_head":"<!-- This site is optimized with the Yoast SEO plugin v27.3 - https:\/\/yoast.com\/product\/yoast-seo-wordpress\/ -->\n<title>Matmenys Long - Ducktail Rainwear<\/title>\n<meta name=\"description\" content=\"Lietpaltis yra gan aptemptas, ta\u010diau leid\u017eia lengvai jud\u0117ti.\" \/>\n<meta name=\"robots\" content=\"index, follow, max-snippet:-1, max-image-preview:large, max-video-preview:-1\" \/>\n<link rel=\"canonical\" href=\"https:\/\/www.ducktail.eu\/lt\/matmenys-long-3\/\" \/>\n<meta property=\"og:locale\" content=\"lt_LT\" \/>\n<meta property=\"og:type\" content=\"article\" \/>\n<meta property=\"og:title\" content=\"Matmenys Long - Ducktail Rainwear\" \/>\n<meta property=\"og:description\" content=\"Lietpaltis yra gan aptemptas, ta\u010diau leid\u017eia lengvai jud\u0117ti.\" \/>\n<meta property=\"og:url\" content=\"https:\/\/www.ducktail.eu\/lt\/matmenys-long-3\/\" \/>\n<meta property=\"og:site_name\" content=\"Ducktail Rainwear\" \/>\n<meta property=\"article:modified_time\" content=\"2021-04-02T11:40:09+00:00\" \/>\n<meta property=\"og:image\" content=\"https:\/\/ducktail.eu\/wp-content\/uploads\/2020\/11\/1slidea.jpg\" \/>\n\t<meta property=\"og:image:width\" content=\"2500\" \/>\n\t<meta property=\"og:image:height\" content=\"995\" \/>\n\t<meta property=\"og:image:type\" content=\"image\/jpeg\" \/>\n<meta name=\"twitter:card\" content=\"summary_large_image\" \/>\n<meta name=\"twitter:label1\" content=\"Est. reading time\" \/>\n\t<meta name=\"twitter:data1\" content=\"1 minut\u0117\" \/>\n<script type=\"application\/ld+json\" class=\"yoast-schema-graph\">{\"@context\":\"https:\\\/\\\/schema.org\",\"@graph\":[{\"@type\":\"WebPage\",\"@id\":\"https:\\\/\\\/www.ducktail.eu\\\/lt\\\/matmenys-long-3\\\/\",\"url\":\"https:\\\/\\\/www.ducktail.eu\\\/lt\\\/matmenys-long-3\\\/\",\"name\":\"Matmenys Long - Ducktail Rainwear\",\"isPartOf\":{\"@id\":\"https:\\\/\\\/ducktail.eu\\\/de\\\/#website\"},\"datePublished\":\"2018-06-06T07:53:56+00:00\",\"dateModified\":\"2021-04-02T11:40:09+00:00\",\"description\":\"Lietpaltis yra gan aptemptas, ta\u010diau leid\u017eia lengvai jud\u0117ti.\",\"breadcrumb\":{\"@id\":\"https:\\\/\\\/www.ducktail.eu\\\/lt\\\/matmenys-long-3\\\/#breadcrumb\"},\"inLanguage\":\"lt-LT\",\"potentialAction\":[{\"@type\":\"ReadAction\",\"target\":[\"https:\\\/\\\/www.ducktail.eu\\\/lt\\\/matmenys-long-3\\\/\"]}]},{\"@type\":\"BreadcrumbList\",\"@id\":\"https:\\\/\\\/www.ducktail.eu\\\/lt\\\/matmenys-long-3\\\/#breadcrumb\",\"itemListElement\":[{\"@type\":\"ListItem\",\"position\":1,\"name\":\"Home\",\"item\":\"https:\\\/\\\/ducktail.eu\\\/lt\\\/\"},{\"@type\":\"ListItem\",\"position\":2,\"name\":\"Matmenys Long\"}]},{\"@type\":\"WebSite\",\"@id\":\"https:\\\/\\\/ducktail.eu\\\/de\\\/#website\",\"url\":\"https:\\\/\\\/ducktail.eu\\\/de\\\/\",\"name\":\"Ducktail Rainwear\",\"description\":\"Ducktail.eu\",\"potentialAction\":[{\"@type\":\"SearchAction\",\"target\":{\"@type\":\"EntryPoint\",\"urlTemplate\":\"https:\\\/\\\/ducktail.eu\\\/de\\\/?s={search_term_string}\"},\"query-input\":{\"@type\":\"PropertyValueSpecification\",\"valueRequired\":true,\"valueName\":\"search_term_string\"}}],\"inLanguage\":\"lt-LT\"}]}<\/script>\n<!-- \/ Yoast SEO plugin. -->","yoast_head_json":{"title":"Matmenys Long - Ducktail Rainwear","description":"Lietpaltis yra gan aptemptas, ta\u010diau leid\u017eia lengvai jud\u0117ti.","robots":{"index":"index","follow":"follow","max-snippet":"max-snippet:-1","max-image-preview":"max-image-preview:large","max-video-preview":"max-video-preview:-1"},"canonical":"https:\/\/www.ducktail.eu\/lt\/matmenys-long-3\/","og_locale":"lt_LT","og_type":"article","og_title":"Matmenys Long - Ducktail Rainwear","og_description":"Lietpaltis yra gan aptemptas, ta\u010diau leid\u017eia lengvai jud\u0117ti.","og_url":"https:\/\/www.ducktail.eu\/lt\/matmenys-long-3\/","og_site_name":"Ducktail Rainwear","article_modified_time":"2021-04-02T11:40:09+00:00","og_image":[{"width":2500,"height":995,"url":"https:\/\/ducktail.eu\/wp-content\/uploads\/2020\/11\/1slidea.jpg","type":"image\/jpeg"}],"twitter_card":"summary_large_image","twitter_misc":{"Est. reading time":"1 minut\u0117"},"schema":{"@context":"https:\/\/schema.org","@graph":[{"@type":"WebPage","@id":"https:\/\/www.ducktail.eu\/lt\/matmenys-long-3\/","url":"https:\/\/www.ducktail.eu\/lt\/matmenys-long-3\/","name":"Matmenys Long - Ducktail Rainwear","isPartOf":{"@id":"https:\/\/ducktail.eu\/de\/#website"},"datePublished":"2018-06-06T07:53:56+00:00","dateModified":"2021-04-02T11:40:09+00:00","description":"Lietpaltis yra gan aptemptas, ta\u010diau leid\u017eia lengvai jud\u0117ti.","breadcrumb":{"@id":"https:\/\/www.ducktail.eu\/lt\/matmenys-long-3\/#breadcrumb"},"inLanguage":"lt-LT","potentialAction":[{"@type":"ReadAction","target":["https:\/\/www.ducktail.eu\/lt\/matmenys-long-3\/"]}]},{"@type":"BreadcrumbList","@id":"https:\/\/www.ducktail.eu\/lt\/matmenys-long-3\/#breadcrumb","itemListElement":[{"@type":"ListItem","position":1,"name":"Home","item":"https:\/\/ducktail.eu\/lt\/"},{"@type":"ListItem","position":2,"name":"Matmenys Long"}]},{"@type":"WebSite","@id":"https:\/\/ducktail.eu\/de\/#website","url":"https:\/\/ducktail.eu\/de\/","name":"Ducktail Rainwear","description":"Ducktail.eu","potentialAction":[{"@type":"SearchAction","target":{"@type":"EntryPoint","urlTemplate":"https:\/\/ducktail.eu\/de\/?s={search_term_string}"},"query-input":{"@type":"PropertyValueSpecification","valueRequired":true,"valueName":"search_term_string"}}],"inLanguage":"lt-LT"}]}},"_links":{"self":[{"href":"https:\/\/ducktail.eu\/lt\/wp-json\/wp\/v2\/pages\/46360","targetHints":{"allow":["GET"]}}],"collection":[{"href":"https:\/\/ducktail.eu\/lt\/wp-json\/wp\/v2\/pages"}],"about":[{"href":"https:\/\/ducktail.eu\/lt\/wp-json\/wp\/v2\/types\/page"}],"author":[{"embeddable":true,"href":"https:\/\/ducktail.eu\/lt\/wp-json\/wp\/v2\/users\/2"}],"replies":[{"embeddable":true,"href":"https:\/\/ducktail.eu\/lt\/wp-json\/wp\/v2\/comments?post=46360"}],"version-history":[{"count":1,"href":"https:\/\/ducktail.eu\/lt\/wp-json\/wp\/v2\/pages\/46360\/revisions"}],"predecessor-version":[{"id":59850,"href":"https:\/\/ducktail.eu\/lt\/wp-json\/wp\/v2\/pages\/46360\/revisions\/59850"}],"wp:attachment":[{"href":"https:\/\/ducktail.eu\/lt\/wp-json\/wp\/v2\/media?parent=46360"}],"curies":[{"name":"wp","href":"https:\/\/api.w.org\/{rel}","templated":true}]}}