{"id":47071,"date":"2019-03-31T10:17:27","date_gmt":"2019-03-31T12:17:27","guid":{"rendered":"https:\/\/ducktail.eu\/?page_id=47071"},"modified":"2021-02-12T10:23:32","modified_gmt":"2021-02-12T12:23:32","slug":"sale","status":"publish","type":"page","link":"https:\/\/ducktail.eu\/lt\/sale\/","title":{"rendered":"Sale"},"content":{"rendered":"<div class=\"wpb-content-wrapper\"><p>[vc_row][vc_column]<div class=\"woocommerce columns-4 \"><div id=\"main-shop-grid\" class=\"isotope-grid fitrows mobile-col-2 style-column-4 isotope-spaced shop-container\">\n<div class=\"post-64345 product type-product status-publish has-post-thumbnail product_cat-moterims product_cat-men-lt product_cat-accessories-lt shop-item isotope-item first instock featured shipping-taxable purchasable product-type-variable\">\n\t<div class=\"shop-item-inner item-inner do-anim \">\n\t\n\t\t\t\t\n\t\t\t\t<div class=\"product-media item-media\">\n\n\t\t\t<a href=\"https:\/\/ducktail.eu\/lt\/shop\/maiselis\/\" class=\"thumb-hover scale\">\n\t\t\t\t<span class=\"hover-image\"><img loading=\"lazy\" decoding=\"async\" class=\"hover \" src=\"https:\/\/ducktail.eu\/wp-content\/uploads\/2022\/06\/M8A3241-345x518.jpg\" data-srcset=\"https:\/\/ducktail.eu\/wp-content\/uploads\/2022\/06\/M8A3241-345x518.jpg 345w, https:\/\/ducktail.eu\/wp-content\/uploads\/2022\/06\/M8A3241-200x300.jpg 200w, https:\/\/ducktail.eu\/wp-content\/uploads\/2022\/06\/M8A3241-683x1024.jpg 683w, https:\/\/ducktail.eu\/wp-content\/uploads\/2022\/06\/M8A3241-768x1152.jpg 768w, https:\/\/ducktail.eu\/wp-content\/uploads\/2022\/06\/M8A3241-1024x1536.jpg 1024w, https:\/\/ducktail.eu\/wp-content\/uploads\/2022\/06\/M8A3241-1365x2048.jpg 1365w, https:\/\/ducktail.eu\/wp-content\/uploads\/2022\/06\/M8A3241-160x240.jpg 160w, https:\/\/ducktail.eu\/wp-content\/uploads\/2022\/06\/M8A3241-220x330.jpg 220w, https:\/\/ducktail.eu\/wp-content\/uploads\/2022\/06\/M8A3241-640x960.jpg 640w, https:\/\/ducktail.eu\/wp-content\/uploads\/2022\/06\/M8A3241-960x1440.jpg 960w, https:\/\/ducktail.eu\/wp-content\/uploads\/2022\/06\/M8A3241-1280x1920.jpg 1280w, https:\/\/ducktail.eu\/wp-content\/uploads\/2022\/06\/M8A3241-670x1005.jpg 670w, https:\/\/ducktail.eu\/wp-content\/uploads\/2022\/06\/M8A3241.jpg 1500w\" sizes=\"auto, (max-width: 345px) 100vw, 345px\" width=\"345\" height=\"518\" alt=\"_M8A3241\"\/><\/span>\t\t\t\t<img loading=\"lazy\" decoding=\"async\" width=\"345\" height=\"518\" src=\"https:\/\/ducktail.eu\/wp-content\/uploads\/2022\/02\/M8A3465-345x518.jpg\" class=\"attachment-woocommerce_thumbnail size-woocommerce_thumbnail\" alt=\"MAI\u0160ELIS\" srcset=\"https:\/\/ducktail.eu\/wp-content\/uploads\/2022\/02\/M8A3465-345x518.jpg 345w, https:\/\/ducktail.eu\/wp-content\/uploads\/2022\/02\/M8A3465-200x300.jpg 200w, https:\/\/ducktail.eu\/wp-content\/uploads\/2022\/02\/M8A3465-683x1024.jpg 683w, https:\/\/ducktail.eu\/wp-content\/uploads\/2022\/02\/M8A3465-768x1152.jpg 768w, https:\/\/ducktail.eu\/wp-content\/uploads\/2022\/02\/M8A3465-1024x1536.jpg 1024w, https:\/\/ducktail.eu\/wp-content\/uploads\/2022\/02\/M8A3465-160x240.jpg 160w, https:\/\/ducktail.eu\/wp-content\/uploads\/2022\/02\/M8A3465-220x330.jpg 220w, https:\/\/ducktail.eu\/wp-content\/uploads\/2022\/02\/M8A3465-640x960.jpg 640w, https:\/\/ducktail.eu\/wp-content\/uploads\/2022\/02\/M8A3465-960x1440.jpg 960w, https:\/\/ducktail.eu\/wp-content\/uploads\/2022\/02\/M8A3465-670x1005.jpg 670w, https:\/\/ducktail.eu\/wp-content\/uploads\/2022\/02\/M8A3465.jpg 1280w\" sizes=\"auto, (max-width: 345px) 100vw, 345px\" data-copyright=\"\" data-headline=\"_M8A3465\" data-description=\"\" \/>\t\t\t<\/a>\n\t\t\t\n\t\t\t\n\n\t\t\t<div class=\"grid-button\"><a rel=\"nofollow\" href=\"https:\/\/ducktail.eu\/lt\/shop\/maiselis\/\" data-quantity=\"1\" data-product_id=\"64345\" data-product_sku=\"\" class=\"sr-button withicon style-2 pseudo-add-to-cart product_type_variable add_to_cart_button\" data-title=\"\">\n\t\t\n\t\t<span class=\"text\">\n\t\t\t<span>\u012e krep\u0161el\u012f<\/span>\n\t\t\t<span>\u012e krep\u0161el\u012f<\/span>\n\t\t<\/span>\n\t\t<span class=\"icon\">\n\t\t\t<span class=\"arrow\">\n\t\t\t\t<svg xmlns=\"https:\/\/www.w3.org\/2000\/svg\" viewBox=\"0 0 13.2 9\">\n\t\t\t\t<path d=\"M13.1,4.4c0-0.2-0.1-0.4-0.2-0.5c0,0,0,0,0,0L9.1,0.2c-0.3-0.3-0.7-0.3-1,0c-0.3,0.3-0.3,0.7,0,1l2.6,2.6H0.7\n\t\t\t\t\tc-0.4,0-0.7,0.3-0.7,0.7c0,0.4,0.3,0.7,0.7,0.7h10L8.2,7.8c-0.3,0.3-0.3,0.7,0,1c0.3,0.3,0.7,0.3,1,0L12.9,5c0,0,0,0,0,0\n\t\t\t\t\tC13,4.9,13,4.8,13.1,4.8c0,0,0,0,0,0C13.1,4.6,13.1,4.5,13.1,4.4z\"\/>\n\t\t\t\t<\/svg>\n\t\t\t<\/span>\n\t\t\t<span class=\"sr-loader-icon\"><\/span>\n\t\t\t<span class=\"check\"><\/span>\n\t\t<\/span>\n\t\t\n\t\t<\/a><\/div><div class=\"tinv-wraper woocommerce tinv-wishlist tinvwl-after-add-to-cart tinvwl-loop-button-wrapper tinvwl-woocommerce_after_shop_loop_item\"\r\n\t data-tinvwl_product_id=\"64324\">\r\n\t<div class=\"tinv-wishlist-clear\"><\/div><a role=\"button\" tabindex=\"0\" name=\"add-to-wishlist\" aria-label=\"Add to Wishlist\" class=\"tinvwl_add_to_wishlist_button tinvwl-icon-heart  tinvwl-position-after tinvwl-loop\" data-tinv-wl-list=\"[]\" data-tinv-wl-product=\"64345\" data-tinv-wl-productvariation=\"0\" data-tinv-wl-productvariations=\"[70083,70092,64364,64365,64366,64367,0]\" data-tinv-wl-producttype=\"variable\" data-tinv-wl-action=\"add\"><span class=\"tinvwl_add_to_wishlist-text\">Add to Wishlist<\/span><\/a><div class=\"tinv-wishlist-clear\"><\/div>\t\t<div\r\n\t\tclass=\"tinvwl-tooltip\">Add to Wishlist<\/div>\r\n<\/div>\r\n\t\t\t\n\t\t\t\t\t\t<a href=\"https:\/\/ducktail.eu\/lt\/shop\/maiselis\/\" class=\"open-quick-view\" data-productid=\"64345\">\n\t\t\t\t<svg xmlns=\"https:\/\/www.w3.org\/2000\/svg\" viewBox=\"0 0 19.2 19.2\">\n\t\t\t\t<path d=\"M18.8,17.3l-4.6-4.6c1-1.3,1.6-3,1.6-4.7c0-4.3-3.5-7.8-7.8-7.8c-4.8,0-8.6,4.4-7.6,9.3c0.6,3,3,5.5,6.1,6.1 c2.4,0.5,4.6-0.2,6.3-1.5l4.6,4.6c0.2,0.2,0.5,0.3,0.7,0.3s0.5-0.1,0.7-0.3C19.2,18.3,19.2,17.7,18.8,17.3z M2.3,8 c0-3.1,2.6-5.7,5.7-5.7c3.5,0,6.3,3.2,5.6,6.9c-0.5,2.1-2.2,3.9-4.3,4.3C5.6,14.3,2.3,11.5,2.3,8z\"\/>\n\t\t\t\t<\/svg>\n\t\t\t\t<span class=\"sr-loader-icon\"><\/span>\n\t\t\t<\/a>\n\t\t\t\n\t\t\t\n\t\t<\/div>\n\t\t\t\t\n\n\t\t\t\t\n\t\t\n\n\t\t<div class=\"product-meta\">\t\n\t\t<h5 class=\"product-name h6 \"><a href=\"https:\/\/ducktail.eu\/lt\/shop\/maiselis\/\">MAI\u0160ELIS<\/a><\/h5>\n\t\t\n\t<span class=\"price\"><span class=\"woocommerce-Price-amount amount\"><bdi><span class=\"woocommerce-Price-currencySymbol\">&euro;<\/span>69.00<\/bdi><\/span><\/span>\n\t\t\t\t\n\t\t\t\t\t\n\t\t<\/div>\n    \n\t<\/div>\n<\/div> <!-- END .shop-item -->\n<div class=\"post-66580 product type-product status-publish has-post-thumbnail product_cat-men-lt product_cat-accessories-lt product_cat-moterims shop-item isotope-item  instock featured shipping-taxable purchasable product-type-variable has-default-attributes\">\n\t<div class=\"shop-item-inner item-inner do-anim \">\n\t\n\t\t\t\t\n\t\t\t\t<div class=\"product-media item-media\">\n\n\t\t\t<a href=\"https:\/\/ducktail.eu\/lt\/shop\/lietpaltis-sunims\/\" class=\"thumb-hover scale\">\n\t\t\t\t<span class=\"hover-image\"><img loading=\"lazy\" decoding=\"async\" class=\"hover \" src=\"https:\/\/ducktail.eu\/wp-content\/uploads\/2022\/06\/Dog-Raincoat-6-2-345x518.jpg\" data-srcset=\"https:\/\/ducktail.eu\/wp-content\/uploads\/2022\/06\/Dog-Raincoat-6-2-345x518.jpg 345w, https:\/\/ducktail.eu\/wp-content\/uploads\/2022\/06\/Dog-Raincoat-6-2-200x300.jpg 200w, https:\/\/ducktail.eu\/wp-content\/uploads\/2022\/06\/Dog-Raincoat-6-2-683x1024.jpg 683w, https:\/\/ducktail.eu\/wp-content\/uploads\/2022\/06\/Dog-Raincoat-6-2-768x1152.jpg 768w, https:\/\/ducktail.eu\/wp-content\/uploads\/2022\/06\/Dog-Raincoat-6-2-1024x1536.jpg 1024w, https:\/\/ducktail.eu\/wp-content\/uploads\/2022\/06\/Dog-Raincoat-6-2-160x240.jpg 160w, https:\/\/ducktail.eu\/wp-content\/uploads\/2022\/06\/Dog-Raincoat-6-2-220x330.jpg 220w, https:\/\/ducktail.eu\/wp-content\/uploads\/2022\/06\/Dog-Raincoat-6-2-640x960.jpg 640w, https:\/\/ducktail.eu\/wp-content\/uploads\/2022\/06\/Dog-Raincoat-6-2-960x1440.jpg 960w, https:\/\/ducktail.eu\/wp-content\/uploads\/2022\/06\/Dog-Raincoat-6-2-670x1005.jpg 670w, https:\/\/ducktail.eu\/wp-content\/uploads\/2022\/06\/Dog-Raincoat-6-2.jpg 1280w\" sizes=\"auto, (max-width: 345px) 100vw, 345px\" width=\"345\" height=\"518\" alt=\"Dog Raincoat (6)\"\/><\/span>\t\t\t\t<img loading=\"lazy\" decoding=\"async\" width=\"345\" height=\"518\" src=\"https:\/\/ducktail.eu\/wp-content\/uploads\/2022\/06\/Dog-Raincoat-1-2-345x518.jpg\" class=\"attachment-woocommerce_thumbnail size-woocommerce_thumbnail\" alt=\"Lietpaltis \u0160unims\" srcset=\"https:\/\/ducktail.eu\/wp-content\/uploads\/2022\/06\/Dog-Raincoat-1-2-345x518.jpg 345w, https:\/\/ducktail.eu\/wp-content\/uploads\/2022\/06\/Dog-Raincoat-1-2-200x300.jpg 200w, https:\/\/ducktail.eu\/wp-content\/uploads\/2022\/06\/Dog-Raincoat-1-2-683x1024.jpg 683w, https:\/\/ducktail.eu\/wp-content\/uploads\/2022\/06\/Dog-Raincoat-1-2-768x1152.jpg 768w, https:\/\/ducktail.eu\/wp-content\/uploads\/2022\/06\/Dog-Raincoat-1-2-1024x1536.jpg 1024w, https:\/\/ducktail.eu\/wp-content\/uploads\/2022\/06\/Dog-Raincoat-1-2-160x240.jpg 160w, https:\/\/ducktail.eu\/wp-content\/uploads\/2022\/06\/Dog-Raincoat-1-2-220x330.jpg 220w, https:\/\/ducktail.eu\/wp-content\/uploads\/2022\/06\/Dog-Raincoat-1-2-640x960.jpg 640w, https:\/\/ducktail.eu\/wp-content\/uploads\/2022\/06\/Dog-Raincoat-1-2-960x1440.jpg 960w, https:\/\/ducktail.eu\/wp-content\/uploads\/2022\/06\/Dog-Raincoat-1-2-670x1005.jpg 670w, https:\/\/ducktail.eu\/wp-content\/uploads\/2022\/06\/Dog-Raincoat-1-2.jpg 1280w\" sizes=\"auto, (max-width: 345px) 100vw, 345px\" data-copyright=\"\" data-headline=\"Dog Raincoat (1)\" data-description=\"\" \/>\t\t\t<\/a>\n\t\t\t\n\t\t\t\n\n\t\t\t<div class=\"grid-button\"><a rel=\"nofollow\" href=\"https:\/\/ducktail.eu\/lt\/shop\/lietpaltis-sunims\/\" data-quantity=\"1\" data-product_id=\"66580\" data-product_sku=\"\" class=\"sr-button withicon style-2 pseudo-add-to-cart product_type_variable add_to_cart_button\" data-title=\"\">\n\t\t\n\t\t<span class=\"text\">\n\t\t\t<span>\u012e krep\u0161el\u012f<\/span>\n\t\t\t<span>\u012e krep\u0161el\u012f<\/span>\n\t\t<\/span>\n\t\t<span class=\"icon\">\n\t\t\t<span class=\"arrow\">\n\t\t\t\t<svg xmlns=\"https:\/\/www.w3.org\/2000\/svg\" viewBox=\"0 0 13.2 9\">\n\t\t\t\t<path d=\"M13.1,4.4c0-0.2-0.1-0.4-0.2-0.5c0,0,0,0,0,0L9.1,0.2c-0.3-0.3-0.7-0.3-1,0c-0.3,0.3-0.3,0.7,0,1l2.6,2.6H0.7\n\t\t\t\t\tc-0.4,0-0.7,0.3-0.7,0.7c0,0.4,0.3,0.7,0.7,0.7h10L8.2,7.8c-0.3,0.3-0.3,0.7,0,1c0.3,0.3,0.7,0.3,1,0L12.9,5c0,0,0,0,0,0\n\t\t\t\t\tC13,4.9,13,4.8,13.1,4.8c0,0,0,0,0,0C13.1,4.6,13.1,4.5,13.1,4.4z\"\/>\n\t\t\t\t<\/svg>\n\t\t\t<\/span>\n\t\t\t<span class=\"sr-loader-icon\"><\/span>\n\t\t\t<span class=\"check\"><\/span>\n\t\t<\/span>\n\t\t\n\t\t<\/a><\/div><div class=\"tinv-wraper woocommerce tinv-wishlist tinvwl-after-add-to-cart tinvwl-loop-button-wrapper tinvwl-woocommerce_after_shop_loop_item\"\r\n\t data-tinvwl_product_id=\"66556\">\r\n\t<div class=\"tinv-wishlist-clear\"><\/div><a role=\"button\" tabindex=\"0\" name=\"add-to-wishlist\" aria-label=\"Add to Wishlist\" class=\"tinvwl_add_to_wishlist_button tinvwl-icon-heart  tinvwl-position-after tinvwl-loop\" data-tinv-wl-list=\"[]\" data-tinv-wl-product=\"66580\" data-tinv-wl-productvariation=\"68074\" data-tinv-wl-productvariations=\"[68075,68077,66696,68074,67419,67417,67418,68076,66695,0]\" data-tinv-wl-producttype=\"variable\" data-tinv-wl-action=\"add\"><span class=\"tinvwl_add_to_wishlist-text\">Add to Wishlist<\/span><\/a><div class=\"tinv-wishlist-clear\"><\/div>\t\t\t\t<input name=\"attribute_pa_color\" type=\"hidden\" value=\"oceanbluecolor\"\/>\r\n\t\t\t\t\t\t\t\t<input name=\"attribute_pa_size\" type=\"hidden\" value=\"s-en\"\/>\r\n\t\t\t\t\t\t<div\r\n\t\tclass=\"tinvwl-tooltip\">Add to Wishlist<\/div>\r\n<\/div>\r\n\t\t\t\n\t\t\t\t\t\t<a href=\"https:\/\/ducktail.eu\/lt\/shop\/lietpaltis-sunims\/\" class=\"open-quick-view\" data-productid=\"66580\">\n\t\t\t\t<svg xmlns=\"https:\/\/www.w3.org\/2000\/svg\" viewBox=\"0 0 19.2 19.2\">\n\t\t\t\t<path d=\"M18.8,17.3l-4.6-4.6c1-1.3,1.6-3,1.6-4.7c0-4.3-3.5-7.8-7.8-7.8c-4.8,0-8.6,4.4-7.6,9.3c0.6,3,3,5.5,6.1,6.1 c2.4,0.5,4.6-0.2,6.3-1.5l4.6,4.6c0.2,0.2,0.5,0.3,0.7,0.3s0.5-0.1,0.7-0.3C19.2,18.3,19.2,17.7,18.8,17.3z M2.3,8 c0-3.1,2.6-5.7,5.7-5.7c3.5,0,6.3,3.2,5.6,6.9c-0.5,2.1-2.2,3.9-4.3,4.3C5.6,14.3,2.3,11.5,2.3,8z\"\/>\n\t\t\t\t<\/svg>\n\t\t\t\t<span class=\"sr-loader-icon\"><\/span>\n\t\t\t<\/a>\n\t\t\t\n\t\t\t\n\t\t<\/div>\n\t\t\t\t\n\n\t\t\t\t\n\t\t\n\n\t\t<div class=\"product-meta\">\t\n\t\t<h5 class=\"product-name h6 \"><a href=\"https:\/\/ducktail.eu\/lt\/shop\/lietpaltis-sunims\/\">Lietpaltis \u0160unims<\/a><\/h5>\n\t\t<div class=\"star-rating\" role=\"img\" aria-label=\"\u012evertinimas: 5.00 i\u0161 5\"><span style=\"width:100%\">\u012evertinimas: <strong class=\"rating\">5.00<\/strong> i\u0161 5<\/span><\/div>\n\t<span class=\"price\"><span class=\"woocommerce-Price-amount amount\"><bdi><span class=\"woocommerce-Price-currencySymbol\">&euro;<\/span>149.00<\/bdi><\/span><\/span>\n\t\t\t\t\n\t\t\t\t\t\n\t\t<\/div>\n    \n\t<\/div>\n<\/div> <!-- END .shop-item -->\n<\/div> <!-- END #shop-grid -->\n<\/div>[\/vc_column][\/vc_row][vc_row full_width=&#8221;stretch_row&#8221; css=&#8221;.vc_custom_1605621613867{padding-bottom: 50px !important;background-color: #f2f0eb !important;background-position: center !important;background-repeat: no-repeat !important;background-size: cover !important;}&#8221;][vc_column width=&#8221;1\/4&#8243;][\/vc_column][vc_column width=&#8221;1\/2&#8243;][vc_column_text]<\/p>\n<h3 style=\"text-align: center;\">Neradote norimos nuolaidos<\/h3>\n<p style=\"text-align: center;\">U\u017esisakykite m\u016bs\u0173 naujienlai\u0161k\u012f ir gaukite 10% nuolaid\u0105 savo pirmam u\u017esakymui.<\/p>\n\n<div class=\"wpcf7 no-js\" id=\"wpcf7-f37733-o1\" lang=\"en-US\" dir=\"ltr\" data-wpcf7-id=\"37733\">\n<div class=\"screen-reader-response\"><p role=\"status\" aria-live=\"polite\" aria-atomic=\"true\"><\/p> <ul><\/ul><\/div>\n<form action=\"\/lt\/wp-json\/wp\/v2\/pages\/47071#wpcf7-f37733-o1\" method=\"post\" class=\"wpcf7-form init 04e3c879e0a5 cmatic-conn cmatic-aud-1 cmatic-mapd0-0 cmatic-v0978 cmatic-sent-0 cmatic-total-0\" aria-label=\"Contact form\" novalidate=\"novalidate\" data-status=\"init\">\n<fieldset class=\"hidden-fields-container\"><input type=\"hidden\" name=\"_wpcf7\" value=\"37733\" \/><input type=\"hidden\" name=\"_wpcf7_version\" value=\"6.1.5\" \/><input type=\"hidden\" name=\"_wpcf7_locale\" value=\"en_US\" \/><input type=\"hidden\" name=\"_wpcf7_unit_tag\" value=\"wpcf7-f37733-o1\" \/><input type=\"hidden\" name=\"_wpcf7_container_post\" value=\"0\" \/><input type=\"hidden\" name=\"_wpcf7_posted_data_hash\" value=\"\" \/><input type=\"hidden\" name=\"_wpcf7_recaptcha_response\" value=\"\" \/>\n<\/fieldset>\n<table>\n\t<tbody>\n\t\t<tr>\n\t\t\t<td>\n\t\t\t\t<p><span class=\"wpcf7-form-control-wrap\" data-name=\"email-732\"><input size=\"40\" maxlength=\"400\" class=\"wpcf7-form-control wpcf7-email wpcf7-validates-as-required wpcf7-text wpcf7-validates-as-email\" aria-required=\"true\" aria-invalid=\"false\" placeholder=\"Email address\" value=\"\" type=\"email\" name=\"email-732\" \/><\/span>\n\t\t\t\t<\/p>\n\t\t\t<\/td>\n\t\t\t<td>\n\t\t\t\t<p><input class=\"wpcf7-form-control wpcf7-submit has-spinner\" type=\"submit\" value=\"SUBSCRIBE\" \/>\n\t\t\t\t<\/p>\n\t\t\t<\/td>\n\t\t<\/tr>\n\t<\/tbody>\n<\/table><div class=\"wpcf7-response-output\" aria-hidden=\"true\"><\/div>\n<\/form>\n<\/div>\n[\/vc_column_text][\/vc_column][vc_column width=&#8221;1\/4&#8243;][\/vc_column][\/vc_row]<\/p>\n<\/div>","protected":false},"excerpt":{"rendered":"<p>[vc_row][vc_column][\/vc_column][\/vc_row][vc_row full_width=&#8221;stretch_row&#8221; css=&#8221;.vc_custom_1605621613867{padding-bottom: 50px !important;background-color: #f2f0eb !important;background-position: center !important;background-repeat: no-repeat !important;background-size: cover !important;}&#8221;][vc_column width=&#8221;1\/4&#8243;][\/vc_column][vc_column width=&#8221;1\/2&#8243;][vc_column_text] Neradote norimos nuolaidos U\u017esisakykite m\u016bs\u0173 naujienlai\u0161k\u012f ir gaukite 10% nuolaid\u0105 savo pirmam u\u017esakymui. [\/vc_column_text][\/vc_column][vc_column width=&#8221;1\/4&#8243;][\/vc_column][\/vc_row]<\/p>\n","protected":false},"author":2,"featured_media":0,"parent":0,"menu_order":0,"comment_status":"closed","ping_status":"closed","template":"","meta":{"footnotes":""},"class_list":["post-47071","page","type-page","status-publish","hentry","isotope-item"],"yoast_head":"<!-- This site is optimized with the Yoast SEO plugin v27.3 - https:\/\/yoast.com\/product\/yoast-seo-wordpress\/ -->\n<title>Sale - Ducktail Rainwear<\/title>\n<meta name=\"description\" content=\"Neradote norimos nuolaidos U\u017esisakykite m\u016bs\u0173 naujienlai\u0161k\u012f ir gaukite 10% nuolaid\u0105 savo pirmam u\u017esakymui.\" \/>\n<meta name=\"robots\" content=\"index, follow, max-snippet:-1, max-image-preview:large, max-video-preview:-1\" \/>\n<link rel=\"canonical\" href=\"https:\/\/ducktail.eu\/lt\/sale\/\" \/>\n<meta property=\"og:locale\" content=\"lt_LT\" \/>\n<meta property=\"og:type\" content=\"article\" \/>\n<meta property=\"og:title\" content=\"Sale - Ducktail Rainwear\" \/>\n<meta property=\"og:description\" content=\"Neradote norimos nuolaidos U\u017esisakykite m\u016bs\u0173 naujienlai\u0161k\u012f ir gaukite 10% nuolaid\u0105 savo pirmam u\u017esakymui.\" \/>\n<meta property=\"og:url\" content=\"https:\/\/ducktail.eu\/lt\/sale\/\" \/>\n<meta property=\"og:site_name\" content=\"Ducktail Rainwear\" \/>\n<meta property=\"article:modified_time\" content=\"2021-02-12T12:23:32+00:00\" \/>\n<meta property=\"og:image\" content=\"https:\/\/ducktail.eu\/wp-content\/uploads\/2020\/11\/1slidea.jpg\" \/>\n\t<meta property=\"og:image:width\" content=\"2500\" \/>\n\t<meta property=\"og:image:height\" content=\"995\" \/>\n\t<meta property=\"og:image:type\" content=\"image\/jpeg\" \/>\n<meta name=\"twitter:card\" content=\"summary_large_image\" \/>\n<script type=\"application\/ld+json\" class=\"yoast-schema-graph\">{\"@context\":\"https:\\\/\\\/schema.org\",\"@graph\":[{\"@type\":\"WebPage\",\"@id\":\"https:\\\/\\\/ducktail.eu\\\/lt\\\/sale\\\/\",\"url\":\"https:\\\/\\\/ducktail.eu\\\/lt\\\/sale\\\/\",\"name\":\"Sale - Ducktail Rainwear\",\"isPartOf\":{\"@id\":\"https:\\\/\\\/ducktail.eu\\\/de\\\/#website\"},\"datePublished\":\"2019-03-31T12:17:27+00:00\",\"dateModified\":\"2021-02-12T12:23:32+00:00\",\"description\":\"Neradote norimos nuolaidos U\u017esisakykite m\u016bs\u0173 naujienlai\u0161k\u012f ir gaukite 10% nuolaid\u0105 savo pirmam u\u017esakymui.\",\"breadcrumb\":{\"@id\":\"https:\\\/\\\/ducktail.eu\\\/lt\\\/sale\\\/#breadcrumb\"},\"inLanguage\":\"lt-LT\",\"potentialAction\":[{\"@type\":\"ReadAction\",\"target\":[\"https:\\\/\\\/ducktail.eu\\\/lt\\\/sale\\\/\"]}]},{\"@type\":\"BreadcrumbList\",\"@id\":\"https:\\\/\\\/ducktail.eu\\\/lt\\\/sale\\\/#breadcrumb\",\"itemListElement\":[{\"@type\":\"ListItem\",\"position\":1,\"name\":\"Home\",\"item\":\"https:\\\/\\\/ducktail.eu\\\/lt\\\/\"},{\"@type\":\"ListItem\",\"position\":2,\"name\":\"Sale\"}]},{\"@type\":\"WebSite\",\"@id\":\"https:\\\/\\\/ducktail.eu\\\/de\\\/#website\",\"url\":\"https:\\\/\\\/ducktail.eu\\\/de\\\/\",\"name\":\"Ducktail Rainwear\",\"description\":\"Ducktail.eu\",\"potentialAction\":[{\"@type\":\"SearchAction\",\"target\":{\"@type\":\"EntryPoint\",\"urlTemplate\":\"https:\\\/\\\/ducktail.eu\\\/de\\\/?s={search_term_string}\"},\"query-input\":{\"@type\":\"PropertyValueSpecification\",\"valueRequired\":true,\"valueName\":\"search_term_string\"}}],\"inLanguage\":\"lt-LT\"}]}<\/script>\n<!-- \/ Yoast SEO plugin. -->","yoast_head_json":{"title":"Sale - Ducktail Rainwear","description":"Neradote norimos nuolaidos U\u017esisakykite m\u016bs\u0173 naujienlai\u0161k\u012f ir gaukite 10% nuolaid\u0105 savo pirmam u\u017esakymui.","robots":{"index":"index","follow":"follow","max-snippet":"max-snippet:-1","max-image-preview":"max-image-preview:large","max-video-preview":"max-video-preview:-1"},"canonical":"https:\/\/ducktail.eu\/lt\/sale\/","og_locale":"lt_LT","og_type":"article","og_title":"Sale - Ducktail Rainwear","og_description":"Neradote norimos nuolaidos U\u017esisakykite m\u016bs\u0173 naujienlai\u0161k\u012f ir gaukite 10% nuolaid\u0105 savo pirmam u\u017esakymui.","og_url":"https:\/\/ducktail.eu\/lt\/sale\/","og_site_name":"Ducktail Rainwear","article_modified_time":"2021-02-12T12:23:32+00:00","og_image":[{"width":2500,"height":995,"url":"https:\/\/ducktail.eu\/wp-content\/uploads\/2020\/11\/1slidea.jpg","type":"image\/jpeg"}],"twitter_card":"summary_large_image","schema":{"@context":"https:\/\/schema.org","@graph":[{"@type":"WebPage","@id":"https:\/\/ducktail.eu\/lt\/sale\/","url":"https:\/\/ducktail.eu\/lt\/sale\/","name":"Sale - Ducktail Rainwear","isPartOf":{"@id":"https:\/\/ducktail.eu\/de\/#website"},"datePublished":"2019-03-31T12:17:27+00:00","dateModified":"2021-02-12T12:23:32+00:00","description":"Neradote norimos nuolaidos U\u017esisakykite m\u016bs\u0173 naujienlai\u0161k\u012f ir gaukite 10% nuolaid\u0105 savo pirmam u\u017esakymui.","breadcrumb":{"@id":"https:\/\/ducktail.eu\/lt\/sale\/#breadcrumb"},"inLanguage":"lt-LT","potentialAction":[{"@type":"ReadAction","target":["https:\/\/ducktail.eu\/lt\/sale\/"]}]},{"@type":"BreadcrumbList","@id":"https:\/\/ducktail.eu\/lt\/sale\/#breadcrumb","itemListElement":[{"@type":"ListItem","position":1,"name":"Home","item":"https:\/\/ducktail.eu\/lt\/"},{"@type":"ListItem","position":2,"name":"Sale"}]},{"@type":"WebSite","@id":"https:\/\/ducktail.eu\/de\/#website","url":"https:\/\/ducktail.eu\/de\/","name":"Ducktail Rainwear","description":"Ducktail.eu","potentialAction":[{"@type":"SearchAction","target":{"@type":"EntryPoint","urlTemplate":"https:\/\/ducktail.eu\/de\/?s={search_term_string}"},"query-input":{"@type":"PropertyValueSpecification","valueRequired":true,"valueName":"search_term_string"}}],"inLanguage":"lt-LT"}]}},"_links":{"self":[{"href":"https:\/\/ducktail.eu\/lt\/wp-json\/wp\/v2\/pages\/47071","targetHints":{"allow":["GET"]}}],"collection":[{"href":"https:\/\/ducktail.eu\/lt\/wp-json\/wp\/v2\/pages"}],"about":[{"href":"https:\/\/ducktail.eu\/lt\/wp-json\/wp\/v2\/types\/page"}],"author":[{"embeddable":true,"href":"https:\/\/ducktail.eu\/lt\/wp-json\/wp\/v2\/users\/2"}],"replies":[{"embeddable":true,"href":"https:\/\/ducktail.eu\/lt\/wp-json\/wp\/v2\/comments?post=47071"}],"version-history":[{"count":4,"href":"https:\/\/ducktail.eu\/lt\/wp-json\/wp\/v2\/pages\/47071\/revisions"}],"predecessor-version":[{"id":59343,"href":"https:\/\/ducktail.eu\/lt\/wp-json\/wp\/v2\/pages\/47071\/revisions\/59343"}],"wp:attachment":[{"href":"https:\/\/ducktail.eu\/lt\/wp-json\/wp\/v2\/media?parent=47071"}],"curies":[{"name":"wp","href":"https:\/\/api.w.org\/{rel}","templated":true}]}}