{"id":57815,"date":"2018-10-19T09:08:37","date_gmt":"2018-10-19T09:08:37","guid":{"rendered":"https:\/\/ducktail.eu\/our-company\/"},"modified":"2022-11-05T21:29:08","modified_gmt":"2022-11-05T19:29:08","slug":"musu-istorija","status":"publish","type":"page","link":"https:\/\/ducktail.eu\/lt\/musu-istorija\/","title":{"rendered":"M\u016bs\u0173 istorija"},"content":{"rendered":"<div class=\"wpb-content-wrapper\"><p>[vc_row full_width=&#8221;sr-vc-small-width&#8221; css=&#8221;.vc_custom_1605552285818{margin-top: 40px !important;margin-bottom: 40px !important;}&#8221;][vc_column][vc_column_text]<\/p>\n<p style=\"text-align: center;\">Ducktail Rainwear yra i\u0161skirtinis lietui atspari\u0173 produkt\u0173 prek\u0117s \u017eenklas, pasi\u017eymintis kokybe, modernumu, bei funkciniu dizainu. Nuo pat \u012fk\u016brimo 2016 m., Ducktail Rainwear misija i\u0161liko ta pati, kiekvienam \u017emogui liet\u0173 paversti malonia ir jaukia patirtimi. M\u016bs\u0173 produktus atranda ir \u012fsimyli \u012fvairiausi \u017emon\u0117s &#8211; nuo mamos, kuri pri\u017ei\u016bri vaik\u0105 namuose iki pa\u0161\u0117lusio keliautojo, nes juos visus jungia bendras siekis, jaustis saugiam, u\u017eklupus net ir pa\u010diomis netik\u0117\u010diausiomis oro s\u0105lygomis.<\/p>\n<p>[\/vc_column_text][vc_empty_space][vc_single_image image=&#8221;69918&#8243; img_size=&#8221;full&#8221;][\/vc_column][\/vc_row][vc_row full_width=&#8221;sr-vc-small-width&#8221; css=&#8221;.vc_custom_1605552294088{margin-bottom: 40px !important;}&#8221;][vc_column width=&#8221;1\/2&#8243;][vc_empty_space height=&#8221;16px&#8221;][vc_column_text]<\/p>\n<h6><strong>Istorija<\/strong><\/h6>\n<p>Ducktail Rainwear prek\u0117s \u017eenklas buvo \u012fkurtas dviej\u0173\u00a0draugi\u0173. \u012ekv\u0117pimo kurti lietpal\u010dius jos pasis\u0117m\u0117 vaik\u0161\u010diodamos palei e\u017eer\u0105 ir steb\u0117damos antis bei j\u0173 geb\u0117jim\u0105 i\u0161likti sausoms, net ir vis\u0105 laik\u0105 praleid\u017eiant vandenyje. Jeigu antys gali nesu\u0161lapti, t\u0105 pat\u012f gali ir \u017emogus, apsivilk\u0119s lietpalt\u012f!<\/p>\n<p>Ducktail Rainwear originalus dizaino elementas yra anties uodeg\u0117l\u0117, padedanti i\u0161siskirti i\u0161 daugyb\u0117s kit\u0173 lietpal\u010di\u0173 k\u016br\u0117j\u0173. \u0160i uodeg\u0117l\u0117 lietpal\u010dio ne\u0161iotoj\u0105 i\u0161skiria i\u0161 minios ir tuo pat metu atlieka svarbi\u0105 praktin\u0119 funkcij\u0105 &#8211; apsaugo u\u017epakalin\u0119 koj\u0173 pus\u0119 nuo nepageidaujam\u0173 vandens la\u0161eli\u0173, u\u017etik\u0161tan\u010di\u0173 einant.[\/vc_column_text][\/vc_column][vc_column width=&#8221;1\/2&#8243;][vc_empty_space height=&#8221;16px&#8221;][vc_column_text]<\/p>\n<h6><strong>Produktai<\/strong><\/h6>\n<p>Pagaminti rankomis i\u0161 lietui atsparios med\u017eiagos, lietpal\u010diai ir kuprin\u0117s yra patvar\u016bs bet kokioje situacijoje, ta\u010diau tuo pat metu yra i\u0161skirtinai lengvi. Nors ir b\u016bdama nepralaidi vandeniui, med\u017eiaga leid\u017eia odai kv\u0117puoti, tod\u0117l lietpalt\u012f be vargo ne\u0161iosite net ir saul\u0117t\u0105 dien\u0105. Funkcionalumas yra pagrindinis prioritetas Ducktail dizainuose &#8211; erdvios ki\u0161en\u0117s, patog\u016bs gobtuvai, at\u0161vaitin\u0117s detal\u0117s inkorporuotos \u012f kiekvien\u0105 lietpalt\u012f, o kai kurie turi ir papildom\u0173 maloni\u0173 smulkmen\u0173, toki\u0173 kaip ausini\u0173 laido anga bei nusegama dvipus\u0117 uodega. Visos kuprin\u0117s turi vandeniui nepralaid\u017eius u\u017etrauktukus, u\u017etikrinan\u010dius j\u016bs\u0173 daikt\u0173 saugum\u0105. Mes tikime, jog kiekvienas nusipelno d\u017eiaugtis lietumi, o prastas oras savaime neegzistuoja &#8211; tik netinkama apranga![\/vc_column_text][\/vc_column][\/vc_row][vc_row full_width=&#8221;sr-vc-small-width&#8221;][vc_column width=&#8221;1\/3&#8243;][vc_single_image image=&#8221;69932&#8243; img_size=&#8221;full&#8221;][vc_empty_space][\/vc_column][vc_column width=&#8221;1\/3&#8243;][vc_single_image image=&#8221;69940&#8243; img_size=&#8221;full&#8221;][vc_empty_space][\/vc_column][vc_column width=&#8221;1\/3&#8243;][vc_single_image image=&#8221;69936&#8243; img_size=&#8221;full&#8221;][vc_empty_space][\/vc_column][\/vc_row][vc_section full_width=&#8221;stretch_row&#8221; css=&#8221;.vc_custom_1605551867777{background-color: #f2f0eb !important;background-position: center !important;background-repeat: no-repeat !important;background-size: cover !important;}&#8221;][vc_row][vc_column][vc_column_text]<\/p>\n<h2 style=\"text-align: center;\"><strong>Keletas fakt\u0173 apie mus<\/strong><\/h2>\n<p>[\/vc_column_text][\/vc_column][\/vc_row][vc_row full_width=&#8221;sr-vc-small-width&#8221; css=&#8221;.vc_custom_1605551791330{background-color: #f2f0eb !important;background-position: center !important;background-repeat: no-repeat !important;background-size: cover !important;}&#8221;][vc_column width=&#8221;1\/4&#8243;]<div class=\"stats-block stats-top  \"><div class=\"aio-icon-top\"><div class=\"ult-just-icon-wrapper  \"><div class=\"align-icon\" style=\"text-align:center;\"><\/div><\/div><\/div><div class=\"stats-desc\" id=\"counter-responsv-wrap-2823\"><div id=\"counter_231160723869d3385387608\" data-id=\"counter_231160723869d3385387608\"  data-ultimate-target='#counter-responsv-wrap-2823 .stats-number'  data-responsive-json-new='{\"font-size\":\"\",\"line-height\":\"\"}'  class=\"stats-number ult-responsive\" style=\"font-size:28px;  \" data-speed=\"3\" data-counter-value=\"2016\" data-separator=\",\" data-decimal=\".\">0<\/div><div id=\"counter_231160723869d3385387608\"  data-ultimate-target='#counter-responsv-wrap-2823 .stats-text'  data-responsive-json-new='{\"font-size\":\"\",\"line-height\":\"\"}'  class=\"stats-text ult-responsive\" style=\"font-size:18px;  \">Prad\u0117jome veikl\u0105<\/div><\/div><\/div>[\/vc_column][vc_column width=&#8221;1\/4&#8243;]<div class=\"stats-block stats-top  \"><div class=\"aio-icon-top\"><div class=\"ult-just-icon-wrapper  \"><div class=\"align-icon\" style=\"text-align:center;\"><\/div><\/div><\/div><div class=\"stats-desc\" id=\"counter-responsv-wrap-8119\"><div id=\"counter_115980848169d338538767b\" data-id=\"counter_115980848169d338538767b\"  data-ultimate-target='#counter-responsv-wrap-8119 .stats-number'  data-responsive-json-new='{\"font-size\":\"\",\"line-height\":\"\"}'  class=\"stats-number ult-responsive\" style=\"font-size:28px;  \" data-speed=\"3\" data-counter-value=\"4\" data-separator=\",\" data-decimal=\".\">0<\/div><div id=\"counter_115980848169d338538767b\"  data-ultimate-target='#counter-responsv-wrap-8119 .stats-text'  data-responsive-json-new='{\"font-size\":\"\",\"line-height\":\"\"}'  class=\"stats-text ult-responsive\" style=\"font-size:18px;  \">Lietpal\u010di\u0173 modeliai<\/div><\/div><\/div>[\/vc_column][vc_column width=&#8221;1\/4&#8243;]<div class=\"stats-block stats-top  \"><div class=\"aio-icon-top\"><div class=\"ult-just-icon-wrapper  \"><div class=\"align-icon\" style=\"text-align:center;\"><\/div><\/div><\/div><div class=\"stats-desc\" id=\"counter-responsv-wrap-4316\"><div id=\"counter_425290074569d33853876d3\" data-id=\"counter_425290074569d33853876d3\"  data-ultimate-target='#counter-responsv-wrap-4316 .stats-number'  data-responsive-json-new='{\"font-size\":\"\",\"line-height\":\"\"}'  class=\"stats-number ult-responsive\" style=\"font-size:28px;  \" data-speed=\"3\" data-counter-value=\"11\" data-separator=\",\" data-decimal=\".\">0<\/div><div id=\"counter_425290074569d33853876d3\"  data-ultimate-target='#counter-responsv-wrap-4316 .stats-text'  data-responsive-json-new='{\"font-size\":\"\",\"line-height\":\"\"}'  class=\"stats-text ult-responsive\" style=\"font-size:18px;  \">Spalvos<\/div><\/div><\/div>[\/vc_column][vc_column width=&#8221;1\/4&#8243;]<div class=\"stats-block stats-top  \"><div class=\"aio-icon-top\"><div class=\"ult-just-icon-wrapper  \"><div class=\"align-icon\" style=\"text-align:center;\"><\/div><\/div><\/div><div class=\"stats-desc\" id=\"counter-responsv-wrap-5083\"><div id=\"counter_367430385569d3385387726\" data-id=\"counter_367430385569d3385387726\"  data-ultimate-target='#counter-responsv-wrap-5083 .stats-number'  data-responsive-json-new='{\"font-size\":\"\",\"line-height\":\"\"}'  class=\"stats-number ult-responsive\" style=\"font-size:28px;  \" data-speed=\"3\" data-counter-value=\"4000\" data-separator=\",\" data-decimal=\".\">0<\/div><div class=\"counter_suffix mycust ult-responsive\"  data-ultimate-target='#counter-responsv-wrap-5083 .mycust'  data-responsive-json-new='{\"font-size\":\"\",\"line-height\":\"\"}'  style=\"font-size:28px; color:\">+<\/div><div id=\"counter_367430385569d3385387726\"  data-ultimate-target='#counter-responsv-wrap-5083 .stats-text'  data-responsive-json-new='{\"font-size\":\"\",\"line-height\":\"\"}'  class=\"stats-text ult-responsive\" style=\"font-size:18px;  \">Laimingi klientai<\/div><\/div><\/div>[\/vc_column][\/vc_row][\/vc_section][vc_row full_width=&#8221;sr-vc-small-width&#8221;][vc_column][vc_empty_space][vc_column_text]<\/p>\n<h4><strong>Ducktail komanda<\/strong><\/h4>\n<p><span data-preserver-spaces=\"true\">M\u016bs\u0173 ma\u017ea, bet atsidavusi komanda sukasi aplink pagrindin\u0119 Ducktail Rainwear \u012fk\u016br\u0117j\u0105 ir savinink\u0119, Vigit\u0105. Vigita yra kompanijos siela, akylai stebinti kiekvien\u0105 su verslu susijusi\u0105 smulkmen\u0105. Niekada nepritr\u016bkdama \u012fkv\u0117pimo, ji nuolat galvoja, kuo dar gal\u0117tume prad\u017eiuginti m\u016bs\u0173 klientus. Daugiau su\u017einoti apie Vigit\u0105 galite\u00a0<\/span><a class=\"editor-rtfLink\" href=\"https:\/\/ducktail.eu\/interview\/\" target=\"_blank\" rel=\"noopener\"><span data-preserver-spaces=\"true\">\u0161iame straipsnyje<\/span><\/a><span data-preserver-spaces=\"true\">. O pagrindin\u0117 marketingo komanda visuomet yra kupina nauj\u0173 id\u0117j\u0173 pateikiant kuo \u012fdomesnio ir kokybi\u0161kesnio turinio Ducktail Rainwear klientams.\u00a0<\/span>[\/vc_column_text][vc_empty_space][vc_single_image image=&#8221;69908&#8243; img_size=&#8221;full&#8221;][\/vc_column][\/vc_row][vc_row full_width=&#8221;sr-vc-small-width&#8221; content_placement=&#8221;middle&#8221; css=&#8221;.vc_custom_1605552176015{margin-top: 40px !important;margin-bottom: 40px !important;}&#8221;][vc_column width=&#8221;1\/2&#8243;][vc_empty_space height=&#8221;16px&#8221;][vc_column_text]<\/p>\n<h4><strong>Bendradarbiavimas<\/strong><\/h4>\n<p>Norite susisiekti? Mes priimame didmenin\u0117s prekybos u\u017esakymus, taip pat dirbame konsignacijos principu su butikais visame pasaulyje.[\/vc_column_text][vc_empty_space][vc_column_text]<a href=\"https:\/\/ducktail.eu\/contact\/\" class=\"sr-button withicon style-1 button-normal\" target=\"_self\"><span class=\"text\">\n\t\t\t<span>Contact Us<\/span>\n\t\t\t<span>Contact Us<\/span>\n\t\t<\/span><span class=\"icon\">\n\t\t\t<span class=\"arrow\">\n\t\t\t\t<svg xmlns=\"http:\/\/www.w3.org\/2000\/svg\" viewBox=\"0 0 13.2 9\">\n\t\t\t\t<path d=\"M13.1,4.4c0-0.2-0.1-0.4-0.2-0.5c0,0,0,0,0,0L9.1,0.2c-0.3-0.3-0.7-0.3-1,0c-0.3,0.3-0.3,0.7,0,1l2.6,2.6H0.7\n\t\t\t\t\tc-0.4,0-0.7,0.3-0.7,0.7c0,0.4,0.3,0.7,0.7,0.7h10L8.2,7.8c-0.3,0.3-0.3,0.7,0,1c0.3,0.3,0.7,0.3,1,0L12.9,5c0,0,0,0,0,0\n\t\t\t\t\tC13,4.9,13,4.8,13.1,4.8c0,0,0,0,0,0C13.1,4.6,13.1,4.5,13.1,4.4z\"\/>\n\t\t\t\t<\/svg>\n\t\t\t<\/span>\n\t\t<\/span><\/a>[\/vc_column_text][vc_empty_space][\/vc_column][vc_column width=&#8221;1\/2&#8243;][vc_single_image image=&#8221;69927&#8243; img_size=&#8221;full&#8221;][\/vc_column][\/vc_row][vc_row css=&#8221;.vc_custom_1605552682489{margin-top: 40px !important;margin-bottom: 40px !important;}&#8221;][vc_column][vc_column_text]<\/p>\n<h4 style=\"text-align: center;\"><strong>Kod\u0117l verta apsipirkti pas mus<\/strong><\/h4>\n<p>[\/vc_column_text][\/vc_column][\/vc_row][vc_row css=&#8221;.vc_custom_1605552602550{margin-top: 40px !important;margin-bottom: 40px !important;}&#8221;][vc_column width=&#8221;1\/3&#8243;][vc_column_text]<\/p>\n<p style=\"text-align: center;\"><i class=\"ion ion-ios-cart-outline ion-3x\" ><\/i><\/p>\n<h6 style=\"text-align: center;\"><strong>Nemokamas tarptautinis siuntimas<\/strong><\/h6>\n<p style=\"text-align: center; margin-top: 5px;\">u\u017esakymams vir\u0161 250\u20ac<\/p>\n<p>[\/vc_column_text][\/vc_column][vc_column width=&#8221;1\/3&#8243;][vc_column_text]<\/p>\n<p style=\"text-align: center;\"><i class=\"ion ion-ios-loop ion-3x\" ><\/i><\/p>\n<h6 style=\"text-align: center;\"><strong>24\/7<br \/>\n<\/strong><\/h6>\n<p style=\"text-align: center; margin-top: 5px;\">klient\u0173 aptarnavimas<\/p>\n<p>[\/vc_column_text][\/vc_column][vc_column width=&#8221;1\/3&#8243;][vc_column_text]<\/p>\n<p style=\"text-align: center;\"><i class=\"ion ion-ios-unlocked-outline ion-3x\" ><\/i><\/p>\n<h6 style=\"text-align: center;\"><strong>Saugus atsiskaitymas<br \/>\n<\/strong><\/h6>\n<p style=\"text-align: center; margin-top: 5px;\">100% saugus atsiskaitymas<\/p>\n<p>[\/vc_column_text][\/vc_column][\/vc_row]<\/p>\n<\/div>","protected":false},"excerpt":{"rendered":"<p>[vc_row full_width=&#8221;sr-vc-small-width&#8221; css=&#8221;.vc_custom_1605552285818{margin-top: 40px !important;margin-bottom: 40px !important;}&#8221;][vc_column][vc_column_text] Ducktail Rainwear yra i\u0161skirtinis lietui atspari\u0173 produkt\u0173 prek\u0117s \u017eenklas, pasi\u017eymintis kokybe, modernumu, bei funkciniu dizainu. Nuo pat \u012fk\u016brimo 2016 m., Ducktail Rainwear misija i\u0161liko ta pati, kiekvienam \u017emogui liet\u0173 paversti malonia ir jaukia patirtimi. M\u016bs\u0173 produktus atranda ir \u012fsimyli \u012fvairiausi \u017emon\u0117s &#8211; nuo mamos, kuri pri\u017ei\u016bri vaik\u0105 namuose [&hellip;]<\/p>\n","protected":false},"author":1,"featured_media":0,"parent":0,"menu_order":0,"comment_status":"closed","ping_status":"closed","template":"","meta":{"footnotes":""},"class_list":["post-57815","page","type-page","status-publish","hentry","isotope-item"],"yoast_head":"<!-- This site is optimized with the Yoast SEO plugin v27.3 - https:\/\/yoast.com\/product\/yoast-seo-wordpress\/ -->\n<title>M\u016bs\u0173 istorija - Ducktail Rainwear<\/title>\n<meta name=\"description\" content=\"Ducktail Rainwear yra i\u0161skirtinis lietui atspari\u0173 produkt\u0173 prek\u0117s \u017eenklas, pasi\u017eymintis kokybe, modernumu, bei funkciniu dizainu. Nuo pat \u012fk\u016brimo 2016 m.,\" \/>\n<meta name=\"robots\" content=\"index, follow, max-snippet:-1, max-image-preview:large, max-video-preview:-1\" \/>\n<link rel=\"canonical\" href=\"https:\/\/ducktail.eu\/lt\/musu-istorija\/\" \/>\n<meta property=\"og:locale\" content=\"lt_LT\" \/>\n<meta property=\"og:type\" content=\"article\" \/>\n<meta property=\"og:title\" content=\"M\u016bs\u0173 istorija - Ducktail Rainwear\" \/>\n<meta property=\"og:description\" content=\"Ducktail Rainwear yra i\u0161skirtinis lietui atspari\u0173 produkt\u0173 prek\u0117s \u017eenklas, pasi\u017eymintis kokybe, modernumu, bei funkciniu dizainu. Nuo pat \u012fk\u016brimo 2016 m.,\" \/>\n<meta property=\"og:url\" content=\"https:\/\/ducktail.eu\/lt\/musu-istorija\/\" \/>\n<meta property=\"og:site_name\" content=\"Ducktail Rainwear\" \/>\n<meta property=\"article:modified_time\" content=\"2022-11-05T19:29:08+00:00\" \/>\n<meta property=\"og:image\" content=\"https:\/\/ducktail.eu\/wp-content\/uploads\/2020\/11\/1slidea.jpg\" \/>\n\t<meta property=\"og:image:width\" content=\"2500\" \/>\n\t<meta property=\"og:image:height\" content=\"995\" \/>\n\t<meta property=\"og:image:type\" content=\"image\/jpeg\" \/>\n<meta name=\"twitter:card\" content=\"summary_large_image\" \/>\n<meta name=\"twitter:label1\" content=\"Est. reading time\" \/>\n\t<meta name=\"twitter:data1\" content=\"3 minut\u0117s\" \/>\n<script type=\"application\/ld+json\" class=\"yoast-schema-graph\">{\"@context\":\"https:\\\/\\\/schema.org\",\"@graph\":[{\"@type\":\"WebPage\",\"@id\":\"https:\\\/\\\/ducktail.eu\\\/lt\\\/musu-istorija\\\/\",\"url\":\"https:\\\/\\\/ducktail.eu\\\/lt\\\/musu-istorija\\\/\",\"name\":\"M\u016bs\u0173 istorija - Ducktail Rainwear\",\"isPartOf\":{\"@id\":\"https:\\\/\\\/ducktail.eu\\\/de\\\/#website\"},\"datePublished\":\"2018-10-19T09:08:37+00:00\",\"dateModified\":\"2022-11-05T19:29:08+00:00\",\"description\":\"Ducktail Rainwear yra i\u0161skirtinis lietui atspari\u0173 produkt\u0173 prek\u0117s \u017eenklas, pasi\u017eymintis kokybe, modernumu, bei funkciniu dizainu. Nuo pat \u012fk\u016brimo 2016 m.,\",\"breadcrumb\":{\"@id\":\"https:\\\/\\\/ducktail.eu\\\/lt\\\/musu-istorija\\\/#breadcrumb\"},\"inLanguage\":\"lt-LT\",\"potentialAction\":[{\"@type\":\"ReadAction\",\"target\":[\"https:\\\/\\\/ducktail.eu\\\/lt\\\/musu-istorija\\\/\"]}]},{\"@type\":\"BreadcrumbList\",\"@id\":\"https:\\\/\\\/ducktail.eu\\\/lt\\\/musu-istorija\\\/#breadcrumb\",\"itemListElement\":[{\"@type\":\"ListItem\",\"position\":1,\"name\":\"Home\",\"item\":\"https:\\\/\\\/ducktail.eu\\\/lt\\\/\"},{\"@type\":\"ListItem\",\"position\":2,\"name\":\"M\u016bs\u0173 istorija\"}]},{\"@type\":\"WebSite\",\"@id\":\"https:\\\/\\\/ducktail.eu\\\/de\\\/#website\",\"url\":\"https:\\\/\\\/ducktail.eu\\\/de\\\/\",\"name\":\"Ducktail Rainwear\",\"description\":\"Ducktail.eu\",\"potentialAction\":[{\"@type\":\"SearchAction\",\"target\":{\"@type\":\"EntryPoint\",\"urlTemplate\":\"https:\\\/\\\/ducktail.eu\\\/de\\\/?s={search_term_string}\"},\"query-input\":{\"@type\":\"PropertyValueSpecification\",\"valueRequired\":true,\"valueName\":\"search_term_string\"}}],\"inLanguage\":\"lt-LT\"}]}<\/script>\n<!-- \/ Yoast SEO plugin. -->","yoast_head_json":{"title":"M\u016bs\u0173 istorija - Ducktail Rainwear","description":"Ducktail Rainwear yra i\u0161skirtinis lietui atspari\u0173 produkt\u0173 prek\u0117s \u017eenklas, pasi\u017eymintis kokybe, modernumu, bei funkciniu dizainu. Nuo pat \u012fk\u016brimo 2016 m.,","robots":{"index":"index","follow":"follow","max-snippet":"max-snippet:-1","max-image-preview":"max-image-preview:large","max-video-preview":"max-video-preview:-1"},"canonical":"https:\/\/ducktail.eu\/lt\/musu-istorija\/","og_locale":"lt_LT","og_type":"article","og_title":"M\u016bs\u0173 istorija - Ducktail Rainwear","og_description":"Ducktail Rainwear yra i\u0161skirtinis lietui atspari\u0173 produkt\u0173 prek\u0117s \u017eenklas, pasi\u017eymintis kokybe, modernumu, bei funkciniu dizainu. Nuo pat \u012fk\u016brimo 2016 m.,","og_url":"https:\/\/ducktail.eu\/lt\/musu-istorija\/","og_site_name":"Ducktail Rainwear","article_modified_time":"2022-11-05T19:29:08+00:00","og_image":[{"width":2500,"height":995,"url":"https:\/\/ducktail.eu\/wp-content\/uploads\/2020\/11\/1slidea.jpg","type":"image\/jpeg"}],"twitter_card":"summary_large_image","twitter_misc":{"Est. reading time":"3 minut\u0117s"},"schema":{"@context":"https:\/\/schema.org","@graph":[{"@type":"WebPage","@id":"https:\/\/ducktail.eu\/lt\/musu-istorija\/","url":"https:\/\/ducktail.eu\/lt\/musu-istorija\/","name":"M\u016bs\u0173 istorija - Ducktail Rainwear","isPartOf":{"@id":"https:\/\/ducktail.eu\/de\/#website"},"datePublished":"2018-10-19T09:08:37+00:00","dateModified":"2022-11-05T19:29:08+00:00","description":"Ducktail Rainwear yra i\u0161skirtinis lietui atspari\u0173 produkt\u0173 prek\u0117s \u017eenklas, pasi\u017eymintis kokybe, modernumu, bei funkciniu dizainu. Nuo pat \u012fk\u016brimo 2016 m.,","breadcrumb":{"@id":"https:\/\/ducktail.eu\/lt\/musu-istorija\/#breadcrumb"},"inLanguage":"lt-LT","potentialAction":[{"@type":"ReadAction","target":["https:\/\/ducktail.eu\/lt\/musu-istorija\/"]}]},{"@type":"BreadcrumbList","@id":"https:\/\/ducktail.eu\/lt\/musu-istorija\/#breadcrumb","itemListElement":[{"@type":"ListItem","position":1,"name":"Home","item":"https:\/\/ducktail.eu\/lt\/"},{"@type":"ListItem","position":2,"name":"M\u016bs\u0173 istorija"}]},{"@type":"WebSite","@id":"https:\/\/ducktail.eu\/de\/#website","url":"https:\/\/ducktail.eu\/de\/","name":"Ducktail Rainwear","description":"Ducktail.eu","potentialAction":[{"@type":"SearchAction","target":{"@type":"EntryPoint","urlTemplate":"https:\/\/ducktail.eu\/de\/?s={search_term_string}"},"query-input":{"@type":"PropertyValueSpecification","valueRequired":true,"valueName":"search_term_string"}}],"inLanguage":"lt-LT"}]}},"_links":{"self":[{"href":"https:\/\/ducktail.eu\/lt\/wp-json\/wp\/v2\/pages\/57815","targetHints":{"allow":["GET"]}}],"collection":[{"href":"https:\/\/ducktail.eu\/lt\/wp-json\/wp\/v2\/pages"}],"about":[{"href":"https:\/\/ducktail.eu\/lt\/wp-json\/wp\/v2\/types\/page"}],"author":[{"embeddable":true,"href":"https:\/\/ducktail.eu\/lt\/wp-json\/wp\/v2\/users\/1"}],"replies":[{"embeddable":true,"href":"https:\/\/ducktail.eu\/lt\/wp-json\/wp\/v2\/comments?post=57815"}],"version-history":[{"count":19,"href":"https:\/\/ducktail.eu\/lt\/wp-json\/wp\/v2\/pages\/57815\/revisions"}],"predecessor-version":[{"id":69950,"href":"https:\/\/ducktail.eu\/lt\/wp-json\/wp\/v2\/pages\/57815\/revisions\/69950"}],"wp:attachment":[{"href":"https:\/\/ducktail.eu\/lt\/wp-json\/wp\/v2\/media?parent=57815"}],"curies":[{"name":"wp","href":"https:\/\/api.w.org\/{rel}","templated":true}]}}