{"id":57863,"date":"2020-11-04T13:00:54","date_gmt":"2020-11-04T15:00:54","guid":{"rendered":"https:\/\/ducktail.eu\/care-instructions\/"},"modified":"2021-03-31T07:24:28","modified_gmt":"2021-03-31T09:24:28","slug":"prieziuros-rekomendacijos","status":"publish","type":"page","link":"https:\/\/ducktail.eu\/lt\/prieziuros-rekomendacijos\/","title":{"rendered":"Prie\u017ei\u016bros rekomendacijos"},"content":{"rendered":"<div class=\"wpb-content-wrapper\"><p>[vc_row css=&#8221;.vc_custom_1605550747743{margin-bottom: 40px !important;}&#8221;][vc_column][vc_single_image image=&#8221;59740&#8243; img_size=&#8221;full&#8221;][vc_empty_space][vc_column_text]Tvarumas yra vienas i\u0161 pagrindini\u0173 d\u0117mesio centr\u0173 \u0161i\u0173 dien\u0173 mados pasaulyje. Mes siekiame kurti ilgaam\u017eius produktus ir skatiname savo klientus tinkamai jais r\u016bpintis, taip prailginant j\u0173 naudojimo trukm\u0119. Geriausias b\u016bdas pa\u0161alinti smulkius ne\u0161varumus &#8211; valyti d\u0117mes\u00a0dr\u0117gna \u0161luoste (prireikus galima naudoti ir muil\u0105) ir palikti produkt\u0105 i\u0161d\u017ei\u016bti nat\u016braliai. Reguliari prie\u017ei\u016bra prailgina produkto gyvavimo cikl\u0105, ta\u010diau pernelyg da\u017enas skalbimas n\u0117ra rekomenduotinas.\u00a0[\/vc_column_text][\/vc_column][\/vc_row][vc_row][vc_column width=&#8221;1\/2&#8243;][vc_single_image image=&#8221;59732&#8243; img_size=&#8221;full&#8221;][\/vc_column][vc_column width=&#8221;1\/2&#8243;][vc_single_image image=&#8221;59736&#8243; img_size=&#8221;full&#8221;][\/vc_column][\/vc_row]<\/p>\n<\/div>","protected":false},"excerpt":{"rendered":"<p>[vc_row css=&#8221;.vc_custom_1605550747743{margin-bottom: 40px !important;}&#8221;][vc_column][vc_single_image image=&#8221;59740&#8243; img_size=&#8221;full&#8221;][vc_empty_space][vc_column_text]Tvarumas yra vienas i\u0161 pagrindini\u0173 d\u0117mesio centr\u0173 \u0161i\u0173 dien\u0173 mados pasaulyje. Mes siekiame kurti ilgaam\u017eius produktus ir skatiname savo klientus tinkamai jais r\u016bpintis, taip prailginant j\u0173 naudojimo trukm\u0119. Geriausias b\u016bdas pa\u0161alinti smulkius ne\u0161varumus &#8211; valyti d\u0117mes\u00a0dr\u0117gna \u0161luoste (prireikus galima naudoti ir muil\u0105) ir palikti produkt\u0105 i\u0161d\u017ei\u016bti nat\u016braliai. Reguliari prie\u017ei\u016bra prailgina [&hellip;]<\/p>\n","protected":false},"author":1,"featured_media":0,"parent":0,"menu_order":0,"comment_status":"closed","ping_status":"closed","template":"","meta":{"footnotes":""},"class_list":["post-57863","page","type-page","status-publish","hentry","isotope-item"],"yoast_head":"<!-- This site is optimized with the Yoast SEO plugin v27.3 - https:\/\/yoast.com\/product\/yoast-seo-wordpress\/ -->\n<title>Ducktail Raincoats - Ducktail.eu<\/title>\n<meta name=\"description\" content=\"Ducktail Raincoats is a new extraordinary outerwear brand founded in Vilnius, Lithuania in 2016.\" \/>\n<meta name=\"robots\" content=\"index, follow, max-snippet:-1, max-image-preview:large, max-video-preview:-1\" \/>\n<link rel=\"canonical\" href=\"https:\/\/www.ducktail.eu\/lt\/prieziuros-rekomendacijos\/\" \/>\n<meta property=\"og:locale\" content=\"lt_LT\" \/>\n<meta property=\"og:type\" content=\"article\" \/>\n<meta property=\"og:title\" content=\"Ducktail Raincoats - Ducktail.eu\" \/>\n<meta property=\"og:description\" content=\"Ducktail Raincoats is a new extraordinary outerwear brand founded in Vilnius, Lithuania in 2016.\" \/>\n<meta property=\"og:url\" content=\"https:\/\/www.ducktail.eu\/lt\/prieziuros-rekomendacijos\/\" \/>\n<meta property=\"og:site_name\" content=\"Ducktail Rainwear\" \/>\n<meta property=\"article:modified_time\" content=\"2021-03-31T09:24:28+00:00\" \/>\n<meta property=\"og:image\" content=\"https:\/\/ducktail.eu\/wp-content\/uploads\/2020\/11\/1slidea.jpg\" \/>\n\t<meta property=\"og:image:width\" content=\"2500\" \/>\n\t<meta property=\"og:image:height\" content=\"995\" \/>\n\t<meta property=\"og:image:type\" content=\"image\/jpeg\" \/>\n<meta name=\"twitter:card\" content=\"summary_large_image\" \/>\n<meta name=\"twitter:label1\" content=\"Est. reading time\" \/>\n\t<meta name=\"twitter:data1\" content=\"1 minut\u0117\" \/>\n<script type=\"application\/ld+json\" class=\"yoast-schema-graph\">{\"@context\":\"https:\\\/\\\/schema.org\",\"@graph\":[{\"@type\":\"WebPage\",\"@id\":\"https:\\\/\\\/www.ducktail.eu\\\/lt\\\/prieziuros-rekomendacijos\\\/\",\"url\":\"https:\\\/\\\/www.ducktail.eu\\\/lt\\\/prieziuros-rekomendacijos\\\/\",\"name\":\"Ducktail Raincoats - Ducktail.eu\",\"isPartOf\":{\"@id\":\"https:\\\/\\\/ducktail.eu\\\/de\\\/#website\"},\"datePublished\":\"2020-11-04T15:00:54+00:00\",\"dateModified\":\"2021-03-31T09:24:28+00:00\",\"description\":\"Ducktail Raincoats is a new extraordinary outerwear brand founded in Vilnius, Lithuania in 2016.\",\"breadcrumb\":{\"@id\":\"https:\\\/\\\/www.ducktail.eu\\\/lt\\\/prieziuros-rekomendacijos\\\/#breadcrumb\"},\"inLanguage\":\"lt-LT\",\"potentialAction\":[{\"@type\":\"ReadAction\",\"target\":[\"https:\\\/\\\/www.ducktail.eu\\\/lt\\\/prieziuros-rekomendacijos\\\/\"]}]},{\"@type\":\"BreadcrumbList\",\"@id\":\"https:\\\/\\\/www.ducktail.eu\\\/lt\\\/prieziuros-rekomendacijos\\\/#breadcrumb\",\"itemListElement\":[{\"@type\":\"ListItem\",\"position\":1,\"name\":\"Home\",\"item\":\"https:\\\/\\\/ducktail.eu\\\/lt\\\/\"},{\"@type\":\"ListItem\",\"position\":2,\"name\":\"Prie\u017ei\u016bros rekomendacijos\"}]},{\"@type\":\"WebSite\",\"@id\":\"https:\\\/\\\/ducktail.eu\\\/de\\\/#website\",\"url\":\"https:\\\/\\\/ducktail.eu\\\/de\\\/\",\"name\":\"Ducktail Rainwear\",\"description\":\"Ducktail.eu\",\"potentialAction\":[{\"@type\":\"SearchAction\",\"target\":{\"@type\":\"EntryPoint\",\"urlTemplate\":\"https:\\\/\\\/ducktail.eu\\\/de\\\/?s={search_term_string}\"},\"query-input\":{\"@type\":\"PropertyValueSpecification\",\"valueRequired\":true,\"valueName\":\"search_term_string\"}}],\"inLanguage\":\"lt-LT\"}]}<\/script>\n<!-- \/ Yoast SEO plugin. -->","yoast_head_json":{"title":"Ducktail Raincoats - Ducktail.eu","description":"Ducktail Raincoats is a new extraordinary outerwear brand founded in Vilnius, Lithuania in 2016.","robots":{"index":"index","follow":"follow","max-snippet":"max-snippet:-1","max-image-preview":"max-image-preview:large","max-video-preview":"max-video-preview:-1"},"canonical":"https:\/\/www.ducktail.eu\/lt\/prieziuros-rekomendacijos\/","og_locale":"lt_LT","og_type":"article","og_title":"Ducktail Raincoats - Ducktail.eu","og_description":"Ducktail Raincoats is a new extraordinary outerwear brand founded in Vilnius, Lithuania in 2016.","og_url":"https:\/\/www.ducktail.eu\/lt\/prieziuros-rekomendacijos\/","og_site_name":"Ducktail Rainwear","article_modified_time":"2021-03-31T09:24:28+00:00","og_image":[{"width":2500,"height":995,"url":"https:\/\/ducktail.eu\/wp-content\/uploads\/2020\/11\/1slidea.jpg","type":"image\/jpeg"}],"twitter_card":"summary_large_image","twitter_misc":{"Est. reading time":"1 minut\u0117"},"schema":{"@context":"https:\/\/schema.org","@graph":[{"@type":"WebPage","@id":"https:\/\/www.ducktail.eu\/lt\/prieziuros-rekomendacijos\/","url":"https:\/\/www.ducktail.eu\/lt\/prieziuros-rekomendacijos\/","name":"Ducktail Raincoats - Ducktail.eu","isPartOf":{"@id":"https:\/\/ducktail.eu\/de\/#website"},"datePublished":"2020-11-04T15:00:54+00:00","dateModified":"2021-03-31T09:24:28+00:00","description":"Ducktail Raincoats is a new extraordinary outerwear brand founded in Vilnius, Lithuania in 2016.","breadcrumb":{"@id":"https:\/\/www.ducktail.eu\/lt\/prieziuros-rekomendacijos\/#breadcrumb"},"inLanguage":"lt-LT","potentialAction":[{"@type":"ReadAction","target":["https:\/\/www.ducktail.eu\/lt\/prieziuros-rekomendacijos\/"]}]},{"@type":"BreadcrumbList","@id":"https:\/\/www.ducktail.eu\/lt\/prieziuros-rekomendacijos\/#breadcrumb","itemListElement":[{"@type":"ListItem","position":1,"name":"Home","item":"https:\/\/ducktail.eu\/lt\/"},{"@type":"ListItem","position":2,"name":"Prie\u017ei\u016bros rekomendacijos"}]},{"@type":"WebSite","@id":"https:\/\/ducktail.eu\/de\/#website","url":"https:\/\/ducktail.eu\/de\/","name":"Ducktail Rainwear","description":"Ducktail.eu","potentialAction":[{"@type":"SearchAction","target":{"@type":"EntryPoint","urlTemplate":"https:\/\/ducktail.eu\/de\/?s={search_term_string}"},"query-input":{"@type":"PropertyValueSpecification","valueRequired":true,"valueName":"search_term_string"}}],"inLanguage":"lt-LT"}]}},"_links":{"self":[{"href":"https:\/\/ducktail.eu\/lt\/wp-json\/wp\/v2\/pages\/57863","targetHints":{"allow":["GET"]}}],"collection":[{"href":"https:\/\/ducktail.eu\/lt\/wp-json\/wp\/v2\/pages"}],"about":[{"href":"https:\/\/ducktail.eu\/lt\/wp-json\/wp\/v2\/types\/page"}],"author":[{"embeddable":true,"href":"https:\/\/ducktail.eu\/lt\/wp-json\/wp\/v2\/users\/1"}],"replies":[{"embeddable":true,"href":"https:\/\/ducktail.eu\/lt\/wp-json\/wp\/v2\/comments?post=57863"}],"version-history":[{"count":4,"href":"https:\/\/ducktail.eu\/lt\/wp-json\/wp\/v2\/pages\/57863\/revisions"}],"predecessor-version":[{"id":59746,"href":"https:\/\/ducktail.eu\/lt\/wp-json\/wp\/v2\/pages\/57863\/revisions\/59746"}],"wp:attachment":[{"href":"https:\/\/ducktail.eu\/lt\/wp-json\/wp\/v2\/media?parent=57863"}],"curies":[{"name":"wp","href":"https:\/\/api.w.org\/{rel}","templated":true}]}}