{"id":58161,"date":"2020-11-19T06:01:34","date_gmt":"2020-11-19T08:01:34","guid":{"rendered":"https:\/\/ducktail.eu\/?page_id=58161"},"modified":"2022-10-02T13:09:54","modified_gmt":"2022-10-02T10:09:54","slug":"matmenys-moteriskas-long","status":"publish","type":"page","link":"https:\/\/ducktail.eu\/lt\/matmenys-moteriskas-long\/","title":{"rendered":"Matmenys Long LT New"},"content":{"rendered":"<div class=\"wpb-content-wrapper\"><p>[vc_row][vc_column width=&#8221;1\/2&#8243;][vc_tta_tabs][vc_tta_section title=&#8221;XS&#8221; tab_id=&#8221;1512740080480-ab50cdb1-3d31&#8243;][vc_single_image image=&#8221;59868&#8243; img_size=&#8221;full&#8221; onclick=&#8221;img_link_large&#8221;][\/vc_tta_section][vc_tta_section title=&#8221;S&#8221; tab_id=&#8221;1512740081897-2fa92880-f65e&#8221;][vc_single_image image=&#8221;59860&#8243; img_size=&#8221;full&#8221; onclick=&#8221;img_link_large&#8221;][\/vc_tta_section][vc_tta_section title=&#8221;M&#8221; tab_id=&#8221;1512740082746-13554d34-ff12&#8243;][vc_single_image image=&#8221;59856&#8243; img_size=&#8221;full&#8221; onclick=&#8221;img_link_large&#8221;][\/vc_tta_section][vc_tta_section title=&#8221;L&#8221; tab_id=&#8221;1575978437457-00812baa-f6bc&#8221;][vc_single_image image=&#8221;59852&#8243; img_size=&#8221;full&#8221; onclick=&#8221;img_link_large&#8221;][\/vc_tta_section][vc_tta_section title=&#8221;XL&#8221; tab_id=&#8221;1575978436394-c4e7f74a-1421&#8243;][vc_single_image image=&#8221;59864&#8243; img_size=&#8221;full&#8221; onclick=&#8221;img_link_large&#8221;][\/vc_tta_section][vc_tta_section title=&#8221;XXL&#8221; tab_id=&#8221;1664705087162-9fb32b83-2219&#8243;][vc_single_image image=&#8221;69624&#8243; img_size=&#8221;full&#8221; onclick=&#8221;img_link_large&#8221;][\/vc_tta_section][\/vc_tta_tabs][\/vc_column][vc_column width=&#8221;1\/2&#8243;][vc_column_text]Lietpaltis yra \u012fliemenuotas, ta\u010diau leid\u017eia lengvai jud\u0117ti.[\/vc_column_text][\/vc_column][\/vc_row]<\/p>\n<\/div>","protected":false},"excerpt":{"rendered":"<p>[vc_row][vc_column width=&#8221;1\/2&#8243;][vc_tta_tabs][vc_tta_section title=&#8221;XS&#8221; tab_id=&#8221;1512740080480-ab50cdb1-3d31&#8243;][vc_single_image image=&#8221;59868&#8243; img_size=&#8221;full&#8221; onclick=&#8221;img_link_large&#8221;][\/vc_tta_section][vc_tta_section title=&#8221;S&#8221; tab_id=&#8221;1512740081897-2fa92880-f65e&#8221;][vc_single_image image=&#8221;59860&#8243; img_size=&#8221;full&#8221; onclick=&#8221;img_link_large&#8221;][\/vc_tta_section][vc_tta_section title=&#8221;M&#8221; tab_id=&#8221;1512740082746-13554d34-ff12&#8243;][vc_single_image image=&#8221;59856&#8243; img_size=&#8221;full&#8221; onclick=&#8221;img_link_large&#8221;][\/vc_tta_section][vc_tta_section title=&#8221;L&#8221; tab_id=&#8221;1575978437457-00812baa-f6bc&#8221;][vc_single_image image=&#8221;59852&#8243; img_size=&#8221;full&#8221; onclick=&#8221;img_link_large&#8221;][\/vc_tta_section][vc_tta_section title=&#8221;XL&#8221; tab_id=&#8221;1575978436394-c4e7f74a-1421&#8243;][vc_single_image image=&#8221;59864&#8243; img_size=&#8221;full&#8221; onclick=&#8221;img_link_large&#8221;][\/vc_tta_section][vc_tta_section title=&#8221;XXL&#8221; tab_id=&#8221;1664705087162-9fb32b83-2219&#8243;][vc_single_image image=&#8221;69624&#8243; img_size=&#8221;full&#8221; onclick=&#8221;img_link_large&#8221;][\/vc_tta_section][\/vc_tta_tabs][\/vc_column][vc_column width=&#8221;1\/2&#8243;][vc_column_text]Lietpaltis yra \u012fliemenuotas, ta\u010diau leid\u017eia lengvai jud\u0117ti.[\/vc_column_text][\/vc_column][\/vc_row]<\/p>\n","protected":false},"author":2,"featured_media":0,"parent":0,"menu_order":0,"comment_status":"closed","ping_status":"closed","template":"","meta":{"footnotes":""},"class_list":["post-58161","page","type-page","status-publish","hentry","isotope-item"],"yoast_head":"<!-- This site is optimized with the Yoast SEO plugin v27.3 - https:\/\/yoast.com\/product\/yoast-seo-wordpress\/ -->\n<title>Matmenys Long LT New - Ducktail Rainwear<\/title>\n<meta name=\"description\" content=\"Lietpaltis yra \u012fliemenuotas, ta\u010diau leid\u017eia lengvai jud\u0117ti.\" \/>\n<meta name=\"robots\" content=\"index, follow, max-snippet:-1, max-image-preview:large, max-video-preview:-1\" \/>\n<link rel=\"canonical\" href=\"https:\/\/ducktail.eu\/lt\/matmenys-moteriskas-long\/\" \/>\n<meta property=\"og:locale\" content=\"lt_LT\" \/>\n<meta property=\"og:type\" content=\"article\" \/>\n<meta property=\"og:title\" content=\"Matmenys Long LT New - Ducktail Rainwear\" \/>\n<meta property=\"og:description\" content=\"Lietpaltis yra \u012fliemenuotas, ta\u010diau leid\u017eia lengvai jud\u0117ti.\" \/>\n<meta property=\"og:url\" content=\"https:\/\/ducktail.eu\/lt\/matmenys-moteriskas-long\/\" \/>\n<meta property=\"og:site_name\" content=\"Ducktail Rainwear\" \/>\n<meta property=\"article:modified_time\" content=\"2022-10-02T10:09:54+00:00\" \/>\n<meta property=\"og:image\" content=\"https:\/\/ducktail.eu\/wp-content\/uploads\/2020\/11\/1slidea.jpg\" \/>\n\t<meta property=\"og:image:width\" content=\"2500\" \/>\n\t<meta property=\"og:image:height\" content=\"995\" \/>\n\t<meta property=\"og:image:type\" content=\"image\/jpeg\" \/>\n<meta name=\"twitter:card\" content=\"summary_large_image\" \/>\n<meta name=\"twitter:label1\" content=\"Est. reading time\" \/>\n\t<meta name=\"twitter:data1\" content=\"1 minut\u0117\" \/>\n<script type=\"application\/ld+json\" class=\"yoast-schema-graph\">{\"@context\":\"https:\\\/\\\/schema.org\",\"@graph\":[{\"@type\":\"WebPage\",\"@id\":\"https:\\\/\\\/ducktail.eu\\\/lt\\\/matmenys-moteriskas-long\\\/\",\"url\":\"https:\\\/\\\/ducktail.eu\\\/lt\\\/matmenys-moteriskas-long\\\/\",\"name\":\"Matmenys Long LT New - Ducktail Rainwear\",\"isPartOf\":{\"@id\":\"https:\\\/\\\/ducktail.eu\\\/de\\\/#website\"},\"datePublished\":\"2020-11-19T08:01:34+00:00\",\"dateModified\":\"2022-10-02T10:09:54+00:00\",\"description\":\"Lietpaltis yra \u012fliemenuotas, ta\u010diau leid\u017eia lengvai jud\u0117ti.\",\"breadcrumb\":{\"@id\":\"https:\\\/\\\/ducktail.eu\\\/lt\\\/matmenys-moteriskas-long\\\/#breadcrumb\"},\"inLanguage\":\"lt-LT\",\"potentialAction\":[{\"@type\":\"ReadAction\",\"target\":[\"https:\\\/\\\/ducktail.eu\\\/lt\\\/matmenys-moteriskas-long\\\/\"]}]},{\"@type\":\"BreadcrumbList\",\"@id\":\"https:\\\/\\\/ducktail.eu\\\/lt\\\/matmenys-moteriskas-long\\\/#breadcrumb\",\"itemListElement\":[{\"@type\":\"ListItem\",\"position\":1,\"name\":\"Home\",\"item\":\"https:\\\/\\\/ducktail.eu\\\/lt\\\/\"},{\"@type\":\"ListItem\",\"position\":2,\"name\":\"Matmenys Long LT New\"}]},{\"@type\":\"WebSite\",\"@id\":\"https:\\\/\\\/ducktail.eu\\\/de\\\/#website\",\"url\":\"https:\\\/\\\/ducktail.eu\\\/de\\\/\",\"name\":\"Ducktail Rainwear\",\"description\":\"Ducktail.eu\",\"potentialAction\":[{\"@type\":\"SearchAction\",\"target\":{\"@type\":\"EntryPoint\",\"urlTemplate\":\"https:\\\/\\\/ducktail.eu\\\/de\\\/?s={search_term_string}\"},\"query-input\":{\"@type\":\"PropertyValueSpecification\",\"valueRequired\":true,\"valueName\":\"search_term_string\"}}],\"inLanguage\":\"lt-LT\"}]}<\/script>\n<!-- \/ Yoast SEO plugin. -->","yoast_head_json":{"title":"Matmenys Long LT New - Ducktail Rainwear","description":"Lietpaltis yra \u012fliemenuotas, ta\u010diau leid\u017eia lengvai jud\u0117ti.","robots":{"index":"index","follow":"follow","max-snippet":"max-snippet:-1","max-image-preview":"max-image-preview:large","max-video-preview":"max-video-preview:-1"},"canonical":"https:\/\/ducktail.eu\/lt\/matmenys-moteriskas-long\/","og_locale":"lt_LT","og_type":"article","og_title":"Matmenys Long LT New - Ducktail Rainwear","og_description":"Lietpaltis yra \u012fliemenuotas, ta\u010diau leid\u017eia lengvai jud\u0117ti.","og_url":"https:\/\/ducktail.eu\/lt\/matmenys-moteriskas-long\/","og_site_name":"Ducktail Rainwear","article_modified_time":"2022-10-02T10:09:54+00:00","og_image":[{"width":2500,"height":995,"url":"https:\/\/ducktail.eu\/wp-content\/uploads\/2020\/11\/1slidea.jpg","type":"image\/jpeg"}],"twitter_card":"summary_large_image","twitter_misc":{"Est. reading time":"1 minut\u0117"},"schema":{"@context":"https:\/\/schema.org","@graph":[{"@type":"WebPage","@id":"https:\/\/ducktail.eu\/lt\/matmenys-moteriskas-long\/","url":"https:\/\/ducktail.eu\/lt\/matmenys-moteriskas-long\/","name":"Matmenys Long LT New - Ducktail Rainwear","isPartOf":{"@id":"https:\/\/ducktail.eu\/de\/#website"},"datePublished":"2020-11-19T08:01:34+00:00","dateModified":"2022-10-02T10:09:54+00:00","description":"Lietpaltis yra \u012fliemenuotas, ta\u010diau leid\u017eia lengvai jud\u0117ti.","breadcrumb":{"@id":"https:\/\/ducktail.eu\/lt\/matmenys-moteriskas-long\/#breadcrumb"},"inLanguage":"lt-LT","potentialAction":[{"@type":"ReadAction","target":["https:\/\/ducktail.eu\/lt\/matmenys-moteriskas-long\/"]}]},{"@type":"BreadcrumbList","@id":"https:\/\/ducktail.eu\/lt\/matmenys-moteriskas-long\/#breadcrumb","itemListElement":[{"@type":"ListItem","position":1,"name":"Home","item":"https:\/\/ducktail.eu\/lt\/"},{"@type":"ListItem","position":2,"name":"Matmenys Long LT New"}]},{"@type":"WebSite","@id":"https:\/\/ducktail.eu\/de\/#website","url":"https:\/\/ducktail.eu\/de\/","name":"Ducktail Rainwear","description":"Ducktail.eu","potentialAction":[{"@type":"SearchAction","target":{"@type":"EntryPoint","urlTemplate":"https:\/\/ducktail.eu\/de\/?s={search_term_string}"},"query-input":{"@type":"PropertyValueSpecification","valueRequired":true,"valueName":"search_term_string"}}],"inLanguage":"lt-LT"}]}},"_links":{"self":[{"href":"https:\/\/ducktail.eu\/lt\/wp-json\/wp\/v2\/pages\/58161","targetHints":{"allow":["GET"]}}],"collection":[{"href":"https:\/\/ducktail.eu\/lt\/wp-json\/wp\/v2\/pages"}],"about":[{"href":"https:\/\/ducktail.eu\/lt\/wp-json\/wp\/v2\/types\/page"}],"author":[{"embeddable":true,"href":"https:\/\/ducktail.eu\/lt\/wp-json\/wp\/v2\/users\/2"}],"replies":[{"embeddable":true,"href":"https:\/\/ducktail.eu\/lt\/wp-json\/wp\/v2\/comments?post=58161"}],"version-history":[{"count":4,"href":"https:\/\/ducktail.eu\/lt\/wp-json\/wp\/v2\/pages\/58161\/revisions"}],"predecessor-version":[{"id":69629,"href":"https:\/\/ducktail.eu\/lt\/wp-json\/wp\/v2\/pages\/58161\/revisions\/69629"}],"wp:attachment":[{"href":"https:\/\/ducktail.eu\/lt\/wp-json\/wp\/v2\/media?parent=58161"}],"curies":[{"name":"wp","href":"https:\/\/api.w.org\/{rel}","templated":true}]}}