{"id":63095,"date":"2021-10-29T04:09:54","date_gmt":"2021-10-29T06:09:54","guid":{"rendered":"https:\/\/ducktail.eu\/?page_id=63095"},"modified":"2023-06-01T11:15:12","modified_gmt":"2023-06-01T08:15:12","slug":"tvarumas","status":"publish","type":"page","link":"https:\/\/ducktail.eu\/lt\/tvarumas\/","title":{"rendered":"Tvarumas"},"content":{"rendered":"<div class=\"wpb-content-wrapper\"><p>[vc_row css=&#8221;.vc_custom_1617634418126{margin-bottom: 40px !important;}&#8221;][vc_column width=&#8221;1\/6&#8243;][\/vc_column][vc_column width=&#8221;2\/3&#8243;][vc_single_image image=&#8221;63247&#8243; img_size=&#8221;large&#8221;][vc_empty_space][vc_column_text]<\/p>\n<p style=\"text-align: center;\">Ducktail Rainwear <strong>pasineria \u012f gyvenim\u0105<\/strong> su s\u0105moningumu mus supan\u010diai aplinkai.<br \/>\nSavo kelion\u0119 prad\u0117jome 2016 m., kuomet supratome, kad norime \u017emones apsaugoti nuo ni\u016braus oro stilingai.<\/p>\n<p style=\"text-align: center;\">\u0160iandien \u0161i misija paaugo kartu su mumis &#8211; siekiame ne tik apsaugoti \u017emones nuo oro negand\u0173, bet taip pat prisid\u0117ti prie aplinkos, kurioje augame ir gyvename, i\u0161saugojimo.<\/p>\n<p>[\/vc_column_text][\/vc_column][vc_column width=&#8221;1\/6&#8243;][\/vc_column][\/vc_row][vc_row][vc_column width=&#8221;1\/6&#8243;][\/vc_column][vc_column width=&#8221;2\/3&#8243;][vc_single_image image=&#8221;63252&#8243; img_size=&#8221;large&#8221;][vc_empty_space][vc_column_text]<\/p>\n<p style=\"text-align: center;\">M\u016bs\u0173 produkcija yra gaminama Lietuvoje, norint remti \u0161alies ekonomik\u0105 ir u\u017etikrinti geras darbo s\u0105lygas bei, \u017einoma, tinkamas algas. Taip mes kuriame ne tik palanki\u0105 darbo aplink\u0105, bet ir patys dalyvaujame gamybos procese. Mes siekiame, kad kiekvienas produktas b\u016bt\u0173 pagamintas su i\u0161skirtiniu d\u0117mesiu detal\u0117ms ir kokybei.<\/p>\n<p style=\"text-align: center;\">Auk\u0161tos kokyb\u0117s med\u017eiagos yra perkamos Pranc\u016bzijoje, tad visa gamyba yra i\u0161laikoma Europos zonoje su minimaliu tar\u0161os p\u0117dsaku transportavimo metu.<\/p>\n<p style=\"text-align: center;\">Kuriant lietpal\u010dius, mes vadovaujam\u0117s \u012fsitikinimu, kad kiekvienas i\u0161 j\u0173 atne\u0161 m\u016bs\u0173 klientams d\u017eiaugsmo tiek lietingomis, tiek saul\u0117tomis dienomis. D\u0117l to Ducktail Rainwear <strong>neremia greitai besikei\u010dian\u010dios, masin\u0117s produkcijos<\/strong>. Lietpal\u010diai ir kiti produktai yra gaminami ma\u017eais kiekiais.<\/p>\n<p>[\/vc_column_text][vc_empty_space][\/vc_column][vc_column width=&#8221;1\/6&#8243;][\/vc_column][\/vc_row][vc_row][vc_column width=&#8221;1\/6&#8243;][\/vc_column][vc_column width=&#8221;2\/3&#8243;][vc_single_image image=&#8221;63256&#8243; img_size=&#8221;large&#8221; alignment=&#8221;center&#8221;][vc_empty_space][vc_column_text]<\/p>\n<p style=\"text-align: center;\">M\u016bs\u0173 tikslas yra kurti ilgaam\u017eius, tvarius ir universalius produktus. Modernus lietpal\u010di\u0173 dizainas yra lengvai derinamas prie bet kokio drabu\u017eio \u2013 nuo patogios, sportin\u0117s aprangos pasivaik\u0161\u010diojimui su \u0161unimi iki eleganti\u0161ko, vakaro derinio.<\/p>\n<p style=\"text-align: center;\">Mes tikime, kad <strong>ilgaam\u017eiai, patvar\u016bs<\/strong>\u00a0ir <strong>tvar\u016bs<\/strong> produktai nerei\u0161kia, kad tavo stilius privalo b\u016bti nuobodus. Su Ducktail Rainwear gali tur\u0117ti ilgaam\u017eius drabu\u017eius ir m\u0117gautis skirtingais, universaliais \u012fvaizd\u017eiais.<\/p>\n<p style=\"text-align: center;\">Ducktail Rainwear siekia kurti aprang\u0105, kuri yra nepakei\u010diama ir lengvai prisitaikanti prie nauj\u0173 mados tendencij\u0173.<\/p>\n<p>[\/vc_column_text][vc_empty_space][\/vc_column][vc_column width=&#8221;1\/6&#8243;][\/vc_column][\/vc_row][vc_row][vc_column width=&#8221;1\/2&#8243;][vc_single_image image=&#8221;63114&#8243; img_size=&#8221;420&#215;630&#8243; alignment=&#8221;right&#8221;][vc_empty_space][\/vc_column][vc_column width=&#8221;1\/2&#8243;][vc_single_image image=&#8221;63118&#8243; img_size=&#8221;420&#215;630&#8243;][vc_empty_space][\/vc_column][\/vc_row][vc_row][vc_column width=&#8221;1\/6&#8243;][\/vc_column][vc_column width=&#8221;2\/3&#8243;][vc_single_image image=&#8221;63260&#8243; img_size=&#8221;large&#8221; alignment=&#8221;center&#8221;][vc_empty_space][vc_column_text]<\/p>\n<p style=\"text-align: center;\">Mes praleid\u017eiame daug laiko kuriant produktus, kurie yra ne tik ilgaam\u017eiai, bet ir funkcional\u016bs. Visi m\u016bs\u0173 produktai yra pagaminti su specialia membrana ir laminuotomis si\u016bl\u0117mis. D\u0117l \u0161ios prie\u017easties Ducktail Rainwear lietpal\u010diai, kuprin\u0117s ir kiti aksesuarai yra <strong>atspar\u016bs lietui, v\u0117jui<\/strong> bei yra <strong>pralaid\u016bs orui<\/strong>. B\u016btent d\u0117l to Ducktail Rainwear produktai yra tinkami tiek Vasaros, tiek Rudens sezono metu.<\/p>\n<p style=\"text-align: center;\">Taip pat, didelis d\u0117mesys yra skiriamas at\u0161vaitams ir didel\u0117ms ki\u0161en\u0117ms \u2013 jos yra inkorporuojamos \u012f lietpal\u010di\u0173 dizainus, norint suteikti m\u016bs\u0173 klientams saugumo ir patogumo jausm\u0105.<\/p>\n<p>[\/vc_column_text][\/vc_column][vc_column width=&#8221;1\/6&#8243;][\/vc_column][\/vc_row][vc_row][vc_column width=&#8221;1\/6&#8243;][\/vc_column][vc_column width=&#8221;2\/3&#8243;][vc_empty_space][vc_single_image image=&#8221;63264&#8243; img_size=&#8221;large&#8221;][vc_empty_space][\/vc_column][vc_column width=&#8221;1\/6&#8243;][\/vc_column][\/vc_row][vc_row][vc_column width=&#8221;1\/6&#8243;][\/vc_column][vc_column width=&#8221;2\/3&#8243;][vc_column_text]<\/p>\n<p style=\"text-align: center;\">Kaip kompanija, mes visuomet stengiam\u0117s augti ir tobulinti m\u016bs\u0173 vizij\u0105, vertybes ir darbo etik\u0105. Per paskutiniuosius metus Ducktail Rainwear patyr\u0117 ne vien\u0105 pokyt\u012f, kuriuo mes did\u017eiuojam\u0117s ir \u0161iandien.<\/p>\n<p style=\"text-align: center;\">2021 m. mes i\u0161leidome pirmuosius lietpal\u010dius, pagamintus i\u0161 <strong>perdirbto poliesterio<\/strong> ir <strong>\u0161velnaus, perdirbto pamu\u0161alo<\/strong>. Nor\u0117dami u\u017etikrinti tvarum\u0105, mes pasirinkome si\u016bti lietpal\u010dius i\u0161 perdirbt\u0173 med\u017eiag\u0173, kurios yra sertifikuotos <strong>GRS &#8211; Pasaulinis perdirbimo standartas<\/strong>, kuris u\u017etikrina atsaking\u0105 socialin\u0119, ekologin\u0119 ir chemin\u0119 gamybos etik\u0105.<\/p>\n<p style=\"text-align: center;\">\u0160iandien m\u016bs\u0173 produkt\u0173 asortimente daug\u0117ja produkt\u0173, pagamint\u0173 i\u0161 visi\u0161kai perdirbt\u0173 med\u017eiag\u0173. Siekiame, jog ateityje klientams ir ma\u017emenininkams suteiksime tik <strong>perdirbtus<\/strong> ir nuo vis\u0173 oro negand\u0173 apsaugojan\u010dius produktus.<\/p>\n<p>[\/vc_column_text][\/vc_column][vc_column width=&#8221;1\/6&#8243;][\/vc_column][\/vc_row][vc_row][vc_column width=&#8221;1\/2&#8243;][vc_empty_space][vc_single_image image=&#8221;63194&#8243; img_size=&#8221;420&#215;630&#8243; alignment=&#8221;right&#8221;][vc_empty_space][\/vc_column][vc_column width=&#8221;1\/2&#8243;][vc_empty_space][vc_single_image image=&#8221;63198&#8243; img_size=&#8221;420&#215;630&#8243;][vc_empty_space][\/vc_column][\/vc_row][vc_row][vc_column width=&#8221;1\/6&#8243;][\/vc_column][vc_column width=&#8221;2\/3&#8243;][vc_column_text]<\/p>\n<p style=\"text-align: center;\">Dar vienas didelis \u017eingsnis, kurio \u0117m\u0117m\u0117s 2021 m., buvo aktyvios bendradarbiavimo su Lietuvos ornitolog\u0173 draugija prad\u017eia. <strong>2% nuo kiekvieno parduoto produkto<\/strong> sumos yra skiriami laukini\u0173 pauk\u0161\u010di\u0173 saugojimui (kai kurie i\u0161 j\u0173 yra nykstan\u010dios r\u016b\u0161ys). Kartu su \u0161ia organizacija \u012frengiame inkilus prie vandens telkini\u0173, kad kuo daugiau vandens pauk\u0161\u010di\u0173 atsivest\u0173 jauniklius jiems palankiomis s\u0105lygomis. Daugiau informacijos apie tai galite rasti <a href=\"https:\/\/ducktail.eu\/we-support\/\">\u010dia<\/a>.<\/p>\n<p>[\/vc_column_text][vc_empty_space][\/vc_column][vc_column width=&#8221;1\/6&#8243;][\/vc_column][\/vc_row][vc_row][vc_column width=&#8221;1\/6&#8243;][\/vc_column][vc_column width=&#8221;2\/3&#8243;][vc_single_image image=&#8221;63268&#8243; img_size=&#8221;large&#8221; alignment=&#8221;center&#8221;][vc_empty_space][vc_column_text]<\/p>\n<p style=\"text-align: center;\">Per \u0161iuos visus metus Ducktail Rainwear \u012fgyvendino daug svarbi\u0173 poky\u010di\u0173, kuriais mes labai did\u017eiuojam\u0117s. Mes nuolat ie\u0161kome, k\u0105 gal\u0117tume pagerinti m\u016bs\u0173 gamybos procese bei k\u0105 galime padaryti, kaip socialiai atsakinga \u012fmon\u0117.<\/p>\n<p style=\"text-align: center;\">Ateityje mes norime ir toliau imtis \u017eingsni\u0173, kurie atne\u0161 pozityvi\u0173 rezultat\u0173 \u017emon\u0117ms ir mus supan\u010diai aplinkai. Tod\u0117l mes atvira \u0161irdimi priimame pasi\u016blymus, kurie pad\u0117t\u0173 mums <strong>nerti \u012f gyvenim\u0105<\/strong> su pasitik\u0117jimu, meile ir \u0161iluma.<\/p>\n<p>[\/vc_column_text][vc_empty_space][\/vc_column][vc_column width=&#8221;1\/6&#8243;][\/vc_column][\/vc_row][vc_row][vc_column][\/vc_column][\/vc_row]<\/p>\n<\/div>","protected":false},"excerpt":{"rendered":"<p>[vc_row css=&#8221;.vc_custom_1617634418126{margin-bottom: 40px !important;}&#8221;][vc_column width=&#8221;1\/6&#8243;][\/vc_column][vc_column width=&#8221;2\/3&#8243;][vc_single_image image=&#8221;63247&#8243; img_size=&#8221;large&#8221;][vc_empty_space][vc_column_text] Ducktail Rainwear pasineria \u012f gyvenim\u0105 su s\u0105moningumu mus supan\u010diai aplinkai. Savo kelion\u0119 prad\u0117jome 2016 m., kuomet supratome, kad norime \u017emones apsaugoti nuo ni\u016braus oro stilingai. \u0160iandien \u0161i misija paaugo kartu su mumis &#8211; siekiame ne tik apsaugoti \u017emones nuo oro negand\u0173, bet taip pat prisid\u0117ti prie aplinkos, [&hellip;]<\/p>\n","protected":false},"author":2,"featured_media":63146,"parent":0,"menu_order":0,"comment_status":"closed","ping_status":"closed","template":"","meta":{"footnotes":""},"class_list":["post-63095","page","type-page","status-publish","has-post-thumbnail","hentry","isotope-item"],"yoast_head":"<!-- This site is optimized with the Yoast SEO plugin v27.3 - https:\/\/yoast.com\/product\/yoast-seo-wordpress\/ -->\n<title>Ducktail Raincoats - We Support<\/title>\n<meta name=\"description\" content=\"We support Lithuanian Ornithologist Society to help save the ducks and other water birds (some of them are endangered spieces).\" \/>\n<meta name=\"robots\" content=\"index, follow, max-snippet:-1, max-image-preview:large, max-video-preview:-1\" \/>\n<link rel=\"canonical\" href=\"https:\/\/www.ducktail.eu\/lt\/tvarumas\/\" \/>\n<meta property=\"og:locale\" content=\"lt_LT\" \/>\n<meta property=\"og:type\" content=\"article\" \/>\n<meta property=\"og:title\" content=\"Ducktail Raincoats - We Support\" \/>\n<meta property=\"og:description\" content=\"We support Lithuanian Ornithologist Society to help save the ducks and other water birds (some of them are endangered spieces).\" \/>\n<meta property=\"og:url\" content=\"https:\/\/www.ducktail.eu\/lt\/tvarumas\/\" \/>\n<meta property=\"og:site_name\" content=\"Ducktail Rainwear\" \/>\n<meta property=\"article:modified_time\" content=\"2023-06-01T08:15:12+00:00\" \/>\n<meta property=\"og:image\" content=\"https:\/\/www.ducktail.eu\/wp-content\/uploads\/2021\/10\/Sustainability-scaled.jpg\" \/>\n\t<meta property=\"og:image:width\" content=\"2560\" \/>\n\t<meta property=\"og:image:height\" content=\"1280\" \/>\n\t<meta property=\"og:image:type\" content=\"image\/jpeg\" \/>\n<meta name=\"twitter:card\" content=\"summary_large_image\" \/>\n<meta name=\"twitter:label1\" content=\"Est. reading time\" \/>\n\t<meta name=\"twitter:data1\" content=\"3 minut\u0117s\" \/>\n<script type=\"application\/ld+json\" class=\"yoast-schema-graph\">{\"@context\":\"https:\\\/\\\/schema.org\",\"@graph\":[{\"@type\":\"WebPage\",\"@id\":\"https:\\\/\\\/www.ducktail.eu\\\/lt\\\/tvarumas\\\/\",\"url\":\"https:\\\/\\\/www.ducktail.eu\\\/lt\\\/tvarumas\\\/\",\"name\":\"Ducktail Raincoats - We Support\",\"isPartOf\":{\"@id\":\"https:\\\/\\\/ducktail.eu\\\/de\\\/#website\"},\"primaryImageOfPage\":{\"@id\":\"https:\\\/\\\/www.ducktail.eu\\\/lt\\\/tvarumas\\\/#primaryimage\"},\"image\":{\"@id\":\"https:\\\/\\\/www.ducktail.eu\\\/lt\\\/tvarumas\\\/#primaryimage\"},\"thumbnailUrl\":\"https:\\\/\\\/ducktail.eu\\\/wp-content\\\/uploads\\\/2021\\\/10\\\/Sustainability-scaled.jpg\",\"datePublished\":\"2021-10-29T06:09:54+00:00\",\"dateModified\":\"2023-06-01T08:15:12+00:00\",\"description\":\"We support Lithuanian Ornithologist Society to help save the ducks and other water birds (some of them are endangered spieces).\",\"breadcrumb\":{\"@id\":\"https:\\\/\\\/www.ducktail.eu\\\/lt\\\/tvarumas\\\/#breadcrumb\"},\"inLanguage\":\"lt-LT\",\"potentialAction\":[{\"@type\":\"ReadAction\",\"target\":[\"https:\\\/\\\/www.ducktail.eu\\\/lt\\\/tvarumas\\\/\"]}]},{\"@type\":\"ImageObject\",\"inLanguage\":\"lt-LT\",\"@id\":\"https:\\\/\\\/www.ducktail.eu\\\/lt\\\/tvarumas\\\/#primaryimage\",\"url\":\"https:\\\/\\\/ducktail.eu\\\/wp-content\\\/uploads\\\/2021\\\/10\\\/Sustainability-scaled.jpg\",\"contentUrl\":\"https:\\\/\\\/ducktail.eu\\\/wp-content\\\/uploads\\\/2021\\\/10\\\/Sustainability-scaled.jpg\",\"width\":2560,\"height\":1280},{\"@type\":\"BreadcrumbList\",\"@id\":\"https:\\\/\\\/www.ducktail.eu\\\/lt\\\/tvarumas\\\/#breadcrumb\",\"itemListElement\":[{\"@type\":\"ListItem\",\"position\":1,\"name\":\"Home\",\"item\":\"https:\\\/\\\/ducktail.eu\\\/lt\\\/\"},{\"@type\":\"ListItem\",\"position\":2,\"name\":\"Tvarumas\"}]},{\"@type\":\"WebSite\",\"@id\":\"https:\\\/\\\/ducktail.eu\\\/de\\\/#website\",\"url\":\"https:\\\/\\\/ducktail.eu\\\/de\\\/\",\"name\":\"Ducktail Rainwear\",\"description\":\"Ducktail.eu\",\"potentialAction\":[{\"@type\":\"SearchAction\",\"target\":{\"@type\":\"EntryPoint\",\"urlTemplate\":\"https:\\\/\\\/ducktail.eu\\\/de\\\/?s={search_term_string}\"},\"query-input\":{\"@type\":\"PropertyValueSpecification\",\"valueRequired\":true,\"valueName\":\"search_term_string\"}}],\"inLanguage\":\"lt-LT\"}]}<\/script>\n<!-- \/ Yoast SEO plugin. -->","yoast_head_json":{"title":"Ducktail Raincoats - We Support","description":"We support Lithuanian Ornithologist Society to help save the ducks and other water birds (some of them are endangered spieces).","robots":{"index":"index","follow":"follow","max-snippet":"max-snippet:-1","max-image-preview":"max-image-preview:large","max-video-preview":"max-video-preview:-1"},"canonical":"https:\/\/www.ducktail.eu\/lt\/tvarumas\/","og_locale":"lt_LT","og_type":"article","og_title":"Ducktail Raincoats - We Support","og_description":"We support Lithuanian Ornithologist Society to help save the ducks and other water birds (some of them are endangered spieces).","og_url":"https:\/\/www.ducktail.eu\/lt\/tvarumas\/","og_site_name":"Ducktail Rainwear","article_modified_time":"2023-06-01T08:15:12+00:00","og_image":[{"width":2560,"height":1280,"url":"https:\/\/www.ducktail.eu\/wp-content\/uploads\/2021\/10\/Sustainability-scaled.jpg","type":"image\/jpeg"}],"twitter_card":"summary_large_image","twitter_misc":{"Est. reading time":"3 minut\u0117s"},"schema":{"@context":"https:\/\/schema.org","@graph":[{"@type":"WebPage","@id":"https:\/\/www.ducktail.eu\/lt\/tvarumas\/","url":"https:\/\/www.ducktail.eu\/lt\/tvarumas\/","name":"Ducktail Raincoats - We Support","isPartOf":{"@id":"https:\/\/ducktail.eu\/de\/#website"},"primaryImageOfPage":{"@id":"https:\/\/www.ducktail.eu\/lt\/tvarumas\/#primaryimage"},"image":{"@id":"https:\/\/www.ducktail.eu\/lt\/tvarumas\/#primaryimage"},"thumbnailUrl":"https:\/\/ducktail.eu\/wp-content\/uploads\/2021\/10\/Sustainability-scaled.jpg","datePublished":"2021-10-29T06:09:54+00:00","dateModified":"2023-06-01T08:15:12+00:00","description":"We support Lithuanian Ornithologist Society to help save the ducks and other water birds (some of them are endangered spieces).","breadcrumb":{"@id":"https:\/\/www.ducktail.eu\/lt\/tvarumas\/#breadcrumb"},"inLanguage":"lt-LT","potentialAction":[{"@type":"ReadAction","target":["https:\/\/www.ducktail.eu\/lt\/tvarumas\/"]}]},{"@type":"ImageObject","inLanguage":"lt-LT","@id":"https:\/\/www.ducktail.eu\/lt\/tvarumas\/#primaryimage","url":"https:\/\/ducktail.eu\/wp-content\/uploads\/2021\/10\/Sustainability-scaled.jpg","contentUrl":"https:\/\/ducktail.eu\/wp-content\/uploads\/2021\/10\/Sustainability-scaled.jpg","width":2560,"height":1280},{"@type":"BreadcrumbList","@id":"https:\/\/www.ducktail.eu\/lt\/tvarumas\/#breadcrumb","itemListElement":[{"@type":"ListItem","position":1,"name":"Home","item":"https:\/\/ducktail.eu\/lt\/"},{"@type":"ListItem","position":2,"name":"Tvarumas"}]},{"@type":"WebSite","@id":"https:\/\/ducktail.eu\/de\/#website","url":"https:\/\/ducktail.eu\/de\/","name":"Ducktail Rainwear","description":"Ducktail.eu","potentialAction":[{"@type":"SearchAction","target":{"@type":"EntryPoint","urlTemplate":"https:\/\/ducktail.eu\/de\/?s={search_term_string}"},"query-input":{"@type":"PropertyValueSpecification","valueRequired":true,"valueName":"search_term_string"}}],"inLanguage":"lt-LT"}]}},"_links":{"self":[{"href":"https:\/\/ducktail.eu\/lt\/wp-json\/wp\/v2\/pages\/63095","targetHints":{"allow":["GET"]}}],"collection":[{"href":"https:\/\/ducktail.eu\/lt\/wp-json\/wp\/v2\/pages"}],"about":[{"href":"https:\/\/ducktail.eu\/lt\/wp-json\/wp\/v2\/types\/page"}],"author":[{"embeddable":true,"href":"https:\/\/ducktail.eu\/lt\/wp-json\/wp\/v2\/users\/2"}],"replies":[{"embeddable":true,"href":"https:\/\/ducktail.eu\/lt\/wp-json\/wp\/v2\/comments?post=63095"}],"version-history":[{"count":9,"href":"https:\/\/ducktail.eu\/lt\/wp-json\/wp\/v2\/pages\/63095\/revisions"}],"predecessor-version":[{"id":70770,"href":"https:\/\/ducktail.eu\/lt\/wp-json\/wp\/v2\/pages\/63095\/revisions\/70770"}],"wp:featuredmedia":[{"embeddable":true,"href":"https:\/\/ducktail.eu\/lt\/wp-json\/wp\/v2\/media\/63146"}],"wp:attachment":[{"href":"https:\/\/ducktail.eu\/lt\/wp-json\/wp\/v2\/media?parent=63095"}],"curies":[{"name":"wp","href":"https:\/\/api.w.org\/{rel}","templated":true}]}}