{"id":64572,"date":"2022-05-31T11:21:41","date_gmt":"2022-05-31T08:21:41","guid":{"rendered":"https:\/\/ducktail.eu\/?page_id=64572"},"modified":"2022-07-01T13:53:50","modified_gmt":"2022-07-01T10:53:50","slug":"tvarumas-2","status":"publish","type":"page","link":"https:\/\/ducktail.eu\/lt\/tvarumas-2\/","title":{"rendered":"Origami"},"content":{"rendered":"<div class=\"wpb-content-wrapper\"><p>[vc_row css=&#8221;.vc_custom_1617634418126{margin-bottom: 40px !important;}&#8221;][vc_column width=&#8221;1\/6&#8243;][\/vc_column][vc_column width=&#8221;2\/3&#8243;][vc_single_image image=&#8221;64832&#8243; img_size=&#8221;full&#8221; alignment=&#8221;center&#8221;][vc_empty_space height=&#8221;16px&#8221;][vc_column_text]<\/p>\n<p style=\"text-align: center;\">Origami \u2013 popieriaus lankstymo menas, asocijuojamas su fokuso i\u0161laikymu, d\u0117mesiu detal\u0117ms ir kruop\u0161tumo praktika. \u0160i praktika yra stipriai susijusi su Ducktail Rainwear vertyb\u0117mis, atsargiai kuriant ir pristatant kiekvien\u0105 lietpalt\u012f m\u016bs\u0173 klientams.<\/p>\n<p style=\"text-align: center;\">\u0160iandien mes nor\u0117tum\u0117me pakviesti tave praktikuoti savo d\u0117mesio i\u0161laikym\u0105 ir kruop\u0161tum\u0105 detal\u0117ms, neriant \u012f origami antyt\u0117s lankstymo proces\u0105. Tam, kad palengvinti \u0161\u012f proces\u0105, m\u016bs\u0173 komanda paruo\u0161\u0117 instrukcij\u0105 su vaizdo \u012fra\u0161u. Sek vaizdo \u012fra\u0161\u0105 apa\u010dioje, sul\u0117tink savo kasdienin\u0119 rutin\u0105 ir b\u016bk \u0161ioje akimirkoje.<\/p>\n<p>[\/vc_column_text][\/vc_column][vc_column width=&#8221;1\/6&#8243;][\/vc_column][\/vc_row][vc_row][vc_column width=&#8221;1\/6&#8243;][\/vc_column][vc_column width=&#8221;2\/3&#8243;][vc_column_text]<\/p>\n<div style=\"width: 1920px;\" class=\"wp-video\"><video class=\"wp-video-shortcode\" id=\"video-64572-1\" width=\"1920\" height=\"1080\" preload=\"metadata\" controls=\"controls\"><source type=\"video\/mp4\" src=\"https:\/\/ducktail.eu\/wp-content\/uploads\/2022\/05\/MVI_8628_1.mp4?_=1\" \/><a href=\"https:\/\/ducktail.eu\/wp-content\/uploads\/2022\/05\/MVI_8628_1.mp4\">https:\/\/ducktail.eu\/wp-content\/uploads\/2022\/05\/MVI_8628_1.mp4<\/a><\/video><\/div>\n<p>[\/vc_column_text][\/vc_column][vc_column width=&#8221;1\/6&#8243;][\/vc_column][\/vc_row][vc_row css=&#8221;.vc_custom_1617634418126{margin-bottom: 40px !important;}&#8221;][vc_column width=&#8221;1\/6&#8243;][\/vc_column][vc_column width=&#8221;2\/3&#8243;][vc_empty_space height=&#8221;16px&#8221;][vc_single_image image=&#8221;68175&#8243; img_size=&#8221;full&#8221; alignment=&#8221;center&#8221; onclick=&#8221;img_link_large&#8221;][\/vc_column][vc_column width=&#8221;1\/6&#8243;][\/vc_column][\/vc_row][vc_row][vc_column width=&#8221;1\/6&#8243;][\/vc_column][vc_column width=&#8221;2\/3&#8243;][vc_single_image image=&#8221;65102&#8243; img_size=&#8221;full&#8221; alignment=&#8221;center&#8221;][vc_empty_space height=&#8221;16px&#8221;][vc_column_text]<\/p>\n<p style=\"text-align: center;\">Dalinkis savo origami lankstymo procesu, potyriais ir rezultatais su mumis, \u017eym\u0117damas @ducktailrainwear Instagram platformoje.<\/p>\n<p>[\/vc_column_text][vc_empty_space][\/vc_column][vc_column width=&#8221;1\/6&#8243;][\/vc_column][\/vc_row]<\/p>\n<\/div>","protected":false},"excerpt":{"rendered":"<p>[vc_row css=&#8221;.vc_custom_1617634418126{margin-bottom: 40px !important;}&#8221;][vc_column width=&#8221;1\/6&#8243;][\/vc_column][vc_column width=&#8221;2\/3&#8243;][vc_single_image image=&#8221;64832&#8243; img_size=&#8221;full&#8221; alignment=&#8221;center&#8221;][vc_empty_space height=&#8221;16px&#8221;][vc_column_text] Origami \u2013 popieriaus lankstymo menas, asocijuojamas su fokuso i\u0161laikymu, d\u0117mesiu detal\u0117ms ir kruop\u0161tumo praktika. \u0160i praktika yra stipriai susijusi su Ducktail Rainwear vertyb\u0117mis, atsargiai kuriant ir pristatant kiekvien\u0105 lietpalt\u012f m\u016bs\u0173 klientams. \u0160iandien mes nor\u0117tum\u0117me pakviesti tave praktikuoti savo d\u0117mesio i\u0161laikym\u0105 ir kruop\u0161tum\u0105 detal\u0117ms, neriant \u012f [&hellip;]<\/p>\n","protected":false},"author":2,"featured_media":0,"parent":0,"menu_order":0,"comment_status":"closed","ping_status":"closed","template":"","meta":{"footnotes":""},"class_list":["post-64572","page","type-page","status-publish","hentry","isotope-item"],"yoast_head":"<!-- This site is optimized with the Yoast SEO plugin v27.3 - https:\/\/yoast.com\/product\/yoast-seo-wordpress\/ -->\n<title>Ducktail Raincoats - We Support<\/title>\n<meta name=\"description\" content=\"We support Lithuanian Ornithologist Society to help save the ducks and other water birds (some of them are endangered spieces).\" \/>\n<meta name=\"robots\" content=\"index, follow, max-snippet:-1, max-image-preview:large, max-video-preview:-1\" \/>\n<link rel=\"canonical\" href=\"https:\/\/ducktail.eu\/lt\/tvarumas-2\/\" \/>\n<meta property=\"og:locale\" content=\"lt_LT\" \/>\n<meta property=\"og:type\" content=\"article\" \/>\n<meta property=\"og:title\" content=\"Ducktail Raincoats - We Support\" \/>\n<meta property=\"og:description\" content=\"We support Lithuanian Ornithologist Society to help save the ducks and other water birds (some of them are endangered spieces).\" \/>\n<meta property=\"og:url\" content=\"https:\/\/ducktail.eu\/lt\/tvarumas-2\/\" \/>\n<meta property=\"og:site_name\" content=\"Ducktail Rainwear\" \/>\n<meta property=\"article:modified_time\" content=\"2022-07-01T10:53:50+00:00\" \/>\n<meta property=\"og:image\" content=\"https:\/\/ducktail.eu\/wp-content\/uploads\/2020\/11\/1slidea.jpg\" \/>\n\t<meta property=\"og:image:width\" content=\"2500\" \/>\n\t<meta property=\"og:image:height\" content=\"995\" \/>\n\t<meta property=\"og:image:type\" content=\"image\/jpeg\" \/>\n<meta name=\"twitter:card\" content=\"summary_large_image\" \/>\n<meta name=\"twitter:label1\" content=\"Est. reading time\" \/>\n\t<meta name=\"twitter:data1\" content=\"1 minut\u0117\" \/>\n<script type=\"application\/ld+json\" class=\"yoast-schema-graph\">{\"@context\":\"https:\\\/\\\/schema.org\",\"@graph\":[{\"@type\":\"WebPage\",\"@id\":\"https:\\\/\\\/ducktail.eu\\\/lt\\\/tvarumas-2\\\/\",\"url\":\"https:\\\/\\\/ducktail.eu\\\/lt\\\/tvarumas-2\\\/\",\"name\":\"Ducktail Raincoats - We Support\",\"isPartOf\":{\"@id\":\"https:\\\/\\\/ducktail.eu\\\/de\\\/#website\"},\"datePublished\":\"2022-05-31T08:21:41+00:00\",\"dateModified\":\"2022-07-01T10:53:50+00:00\",\"description\":\"We support Lithuanian Ornithologist Society to help save the ducks and other water birds (some of them are endangered spieces).\",\"breadcrumb\":{\"@id\":\"https:\\\/\\\/ducktail.eu\\\/lt\\\/tvarumas-2\\\/#breadcrumb\"},\"inLanguage\":\"lt-LT\",\"potentialAction\":[{\"@type\":\"ReadAction\",\"target\":[\"https:\\\/\\\/ducktail.eu\\\/lt\\\/tvarumas-2\\\/\"]}]},{\"@type\":\"BreadcrumbList\",\"@id\":\"https:\\\/\\\/ducktail.eu\\\/lt\\\/tvarumas-2\\\/#breadcrumb\",\"itemListElement\":[{\"@type\":\"ListItem\",\"position\":1,\"name\":\"Home\",\"item\":\"https:\\\/\\\/ducktail.eu\\\/lt\\\/\"},{\"@type\":\"ListItem\",\"position\":2,\"name\":\"Origami\"}]},{\"@type\":\"WebSite\",\"@id\":\"https:\\\/\\\/ducktail.eu\\\/de\\\/#website\",\"url\":\"https:\\\/\\\/ducktail.eu\\\/de\\\/\",\"name\":\"Ducktail Rainwear\",\"description\":\"Ducktail.eu\",\"potentialAction\":[{\"@type\":\"SearchAction\",\"target\":{\"@type\":\"EntryPoint\",\"urlTemplate\":\"https:\\\/\\\/ducktail.eu\\\/de\\\/?s={search_term_string}\"},\"query-input\":{\"@type\":\"PropertyValueSpecification\",\"valueRequired\":true,\"valueName\":\"search_term_string\"}}],\"inLanguage\":\"lt-LT\"}]}<\/script>\n<!-- \/ Yoast SEO plugin. -->","yoast_head_json":{"title":"Ducktail Raincoats - We Support","description":"We support Lithuanian Ornithologist Society to help save the ducks and other water birds (some of them are endangered spieces).","robots":{"index":"index","follow":"follow","max-snippet":"max-snippet:-1","max-image-preview":"max-image-preview:large","max-video-preview":"max-video-preview:-1"},"canonical":"https:\/\/ducktail.eu\/lt\/tvarumas-2\/","og_locale":"lt_LT","og_type":"article","og_title":"Ducktail Raincoats - We Support","og_description":"We support Lithuanian Ornithologist Society to help save the ducks and other water birds (some of them are endangered spieces).","og_url":"https:\/\/ducktail.eu\/lt\/tvarumas-2\/","og_site_name":"Ducktail Rainwear","article_modified_time":"2022-07-01T10:53:50+00:00","og_image":[{"width":2500,"height":995,"url":"https:\/\/ducktail.eu\/wp-content\/uploads\/2020\/11\/1slidea.jpg","type":"image\/jpeg"}],"twitter_card":"summary_large_image","twitter_misc":{"Est. reading time":"1 minut\u0117"},"schema":{"@context":"https:\/\/schema.org","@graph":[{"@type":"WebPage","@id":"https:\/\/ducktail.eu\/lt\/tvarumas-2\/","url":"https:\/\/ducktail.eu\/lt\/tvarumas-2\/","name":"Ducktail Raincoats - We Support","isPartOf":{"@id":"https:\/\/ducktail.eu\/de\/#website"},"datePublished":"2022-05-31T08:21:41+00:00","dateModified":"2022-07-01T10:53:50+00:00","description":"We support Lithuanian Ornithologist Society to help save the ducks and other water birds (some of them are endangered spieces).","breadcrumb":{"@id":"https:\/\/ducktail.eu\/lt\/tvarumas-2\/#breadcrumb"},"inLanguage":"lt-LT","potentialAction":[{"@type":"ReadAction","target":["https:\/\/ducktail.eu\/lt\/tvarumas-2\/"]}]},{"@type":"BreadcrumbList","@id":"https:\/\/ducktail.eu\/lt\/tvarumas-2\/#breadcrumb","itemListElement":[{"@type":"ListItem","position":1,"name":"Home","item":"https:\/\/ducktail.eu\/lt\/"},{"@type":"ListItem","position":2,"name":"Origami"}]},{"@type":"WebSite","@id":"https:\/\/ducktail.eu\/de\/#website","url":"https:\/\/ducktail.eu\/de\/","name":"Ducktail Rainwear","description":"Ducktail.eu","potentialAction":[{"@type":"SearchAction","target":{"@type":"EntryPoint","urlTemplate":"https:\/\/ducktail.eu\/de\/?s={search_term_string}"},"query-input":{"@type":"PropertyValueSpecification","valueRequired":true,"valueName":"search_term_string"}}],"inLanguage":"lt-LT"}]}},"_links":{"self":[{"href":"https:\/\/ducktail.eu\/lt\/wp-json\/wp\/v2\/pages\/64572","targetHints":{"allow":["GET"]}}],"collection":[{"href":"https:\/\/ducktail.eu\/lt\/wp-json\/wp\/v2\/pages"}],"about":[{"href":"https:\/\/ducktail.eu\/lt\/wp-json\/wp\/v2\/types\/page"}],"author":[{"embeddable":true,"href":"https:\/\/ducktail.eu\/lt\/wp-json\/wp\/v2\/users\/2"}],"replies":[{"embeddable":true,"href":"https:\/\/ducktail.eu\/lt\/wp-json\/wp\/v2\/comments?post=64572"}],"version-history":[{"count":23,"href":"https:\/\/ducktail.eu\/lt\/wp-json\/wp\/v2\/pages\/64572\/revisions"}],"predecessor-version":[{"id":68188,"href":"https:\/\/ducktail.eu\/lt\/wp-json\/wp\/v2\/pages\/64572\/revisions\/68188"}],"wp:attachment":[{"href":"https:\/\/ducktail.eu\/lt\/wp-json\/wp\/v2\/media?parent=64572"}],"curies":[{"name":"wp","href":"https:\/\/api.w.org\/{rel}","templated":true}]}}