{"id":44333,"date":"2017-01-08T08:10:52","date_gmt":"2017-01-08T10:10:52","guid":{"rendered":"https:\/\/ducktail.eu\/shop\/gift-card\/"},"modified":"2021-03-31T19:00:14","modified_gmt":"2021-03-31T21:00:14","slug":"gift-card","status":"publish","type":"product","link":"https:\/\/ducktail.eu\/lt\/shop\/gift-card\/","title":{"rendered":"DOVAN\u0172 KUPONAS"},"content":{"rendered":"","protected":false},"excerpt":{"rendered":"<p>Ducktail Rainwear dovan\u0173 kuponas yra puikus pasirinkimas kiekvienai progai! Rinkit\u0117s, koki\u0105 sum\u0105 norite dovanoti nuo 50 Eur iki 250 Eur. Dovan\u0173 kuponas bus i\u0161si\u0173stas jums el. pa\u0161tu per kelias valandas arba mes galime jums atsi\u0173sti atspaudint\u0105 kupon\u0105 pa\u0161tu.<\/p>\n","protected":false},"featured_media":71056,"comment_status":"closed","ping_status":"closed","template":"","meta":[],"product_brand":[],"product_cat":[319,427,428],"product_tag":[],"class_list":{"0":"post-44333","1":"product","2":"type-product","3":"status-publish","4":"has-post-thumbnail","6":"product_cat-moterims","7":"product_cat-men-lt","8":"product_cat-accessories-lt","9":"shop-item","10":"isotope-item","12":"first","13":"instock","14":"featured","15":"shipping-taxable","16":"purchasable","17":"product-type-variable"},"yoast_head":"<!-- This site is optimized with the Yoast SEO plugin v27.3 - https:\/\/yoast.com\/product\/yoast-seo-wordpress\/ -->\n<title>DOVAN\u0172 KUPONAS - Ducktail Rainwear<\/title>\n<meta name=\"description\" content=\"Ducktail Rainwear dovan\u0173 kuponas yra puikus pasirinkimas kiekvienai progai! Rinkit\u0117s, koki\u0105 sum\u0105 norite dovanoti nuo 50 Eur iki 250 Eur. Dovan\u0173 kuponas bus i\u0161si\u0173stas jums el. pa\u0161tu per kelias valandas arba mes galime jums atsi\u0173sti atspaudint\u0105 kupon\u0105 pa\u0161tu.\" \/>\n<meta name=\"robots\" content=\"index, follow, max-snippet:-1, max-image-preview:large, max-video-preview:-1\" \/>\n<link rel=\"canonical\" href=\"https:\/\/ducktail.eu\/lt\/shop\/gift-card\/\" \/>\n<meta property=\"og:locale\" content=\"lt_LT\" \/>\n<meta property=\"og:type\" content=\"article\" \/>\n<meta property=\"og:title\" content=\"DOVAN\u0172 KUPONAS - Ducktail Rainwear\" \/>\n<meta property=\"og:description\" content=\"Ducktail Rainwear dovan\u0173 kuponas yra puikus pasirinkimas kiekvienai progai! Rinkit\u0117s, koki\u0105 sum\u0105 norite dovanoti nuo 50 Eur iki 250 Eur. Dovan\u0173 kuponas bus i\u0161si\u0173stas jums el. pa\u0161tu per kelias valandas arba mes galime jums atsi\u0173sti atspaudint\u0105 kupon\u0105 pa\u0161tu.\" \/>\n<meta property=\"og:url\" content=\"https:\/\/ducktail.eu\/lt\/shop\/gift-card\/\" \/>\n<meta property=\"og:site_name\" content=\"Ducktail Rainwear\" \/>\n<meta property=\"article:modified_time\" content=\"2021-03-31T21:00:14+00:00\" \/>\n<meta property=\"og:image\" content=\"https:\/\/ducktail.eu\/wp-content\/uploads\/2017\/01\/Untitled-design-10.png\" \/>\n\t<meta property=\"og:image:width\" content=\"2000\" \/>\n\t<meta property=\"og:image:height\" content=\"3000\" \/>\n\t<meta property=\"og:image:type\" content=\"image\/png\" \/>\n<meta name=\"twitter:card\" content=\"summary_large_image\" \/>\n<script type=\"application\/ld+json\" class=\"yoast-schema-graph\">{\"@context\":\"https:\\\/\\\/schema.org\",\"@graph\":[{\"@type\":\"WebPage\",\"@id\":\"https:\\\/\\\/ducktail.eu\\\/lt\\\/shop\\\/gift-card\\\/\",\"url\":\"https:\\\/\\\/ducktail.eu\\\/lt\\\/shop\\\/gift-card\\\/\",\"name\":\"DOVAN\u0172 KUPONAS - Ducktail Rainwear\",\"isPartOf\":{\"@id\":\"https:\\\/\\\/ducktail.eu\\\/de\\\/#website\"},\"primaryImageOfPage\":{\"@id\":\"https:\\\/\\\/ducktail.eu\\\/lt\\\/shop\\\/gift-card\\\/#primaryimage\"},\"image\":{\"@id\":\"https:\\\/\\\/ducktail.eu\\\/lt\\\/shop\\\/gift-card\\\/#primaryimage\"},\"thumbnailUrl\":\"https:\\\/\\\/ducktail.eu\\\/wp-content\\\/uploads\\\/2017\\\/01\\\/Untitled-design-10.png\",\"datePublished\":\"2017-01-08T10:10:52+00:00\",\"dateModified\":\"2021-03-31T21:00:14+00:00\",\"description\":\"Ducktail Rainwear dovan\u0173 kuponas yra puikus pasirinkimas kiekvienai progai! Rinkit\u0117s, koki\u0105 sum\u0105 norite dovanoti nuo 50 Eur iki 250 Eur. Dovan\u0173 kuponas bus i\u0161si\u0173stas jums el. pa\u0161tu per kelias valandas arba mes galime jums atsi\u0173sti atspaudint\u0105 kupon\u0105 pa\u0161tu.\",\"breadcrumb\":{\"@id\":\"https:\\\/\\\/ducktail.eu\\\/lt\\\/shop\\\/gift-card\\\/#breadcrumb\"},\"inLanguage\":\"lt-LT\",\"potentialAction\":[{\"@type\":\"ReadAction\",\"target\":[\"https:\\\/\\\/ducktail.eu\\\/lt\\\/shop\\\/gift-card\\\/\"]}]},{\"@type\":\"ImageObject\",\"inLanguage\":\"lt-LT\",\"@id\":\"https:\\\/\\\/ducktail.eu\\\/lt\\\/shop\\\/gift-card\\\/#primaryimage\",\"url\":\"https:\\\/\\\/ducktail.eu\\\/wp-content\\\/uploads\\\/2017\\\/01\\\/Untitled-design-10.png\",\"contentUrl\":\"https:\\\/\\\/ducktail.eu\\\/wp-content\\\/uploads\\\/2017\\\/01\\\/Untitled-design-10.png\",\"width\":2000,\"height\":3000},{\"@type\":\"BreadcrumbList\",\"@id\":\"https:\\\/\\\/ducktail.eu\\\/lt\\\/shop\\\/gift-card\\\/#breadcrumb\",\"itemListElement\":[{\"@type\":\"ListItem\",\"position\":1,\"name\":\"Home\",\"item\":\"https:\\\/\\\/ducktail.eu\\\/lt\\\/\"},{\"@type\":\"ListItem\",\"position\":2,\"name\":\"Parduotuv\u0117\",\"item\":\"https:\\\/\\\/ducktail.eu\\\/lt\\\/parduotuve\\\/\"},{\"@type\":\"ListItem\",\"position\":3,\"name\":\"DOVAN\u0172 KUPONAS\"}]},{\"@type\":\"WebSite\",\"@id\":\"https:\\\/\\\/ducktail.eu\\\/de\\\/#website\",\"url\":\"https:\\\/\\\/ducktail.eu\\\/de\\\/\",\"name\":\"Ducktail Rainwear\",\"description\":\"Ducktail.eu\",\"potentialAction\":[{\"@type\":\"SearchAction\",\"target\":{\"@type\":\"EntryPoint\",\"urlTemplate\":\"https:\\\/\\\/ducktail.eu\\\/de\\\/?s={search_term_string}\"},\"query-input\":{\"@type\":\"PropertyValueSpecification\",\"valueRequired\":true,\"valueName\":\"search_term_string\"}}],\"inLanguage\":\"lt-LT\"}]}<\/script>\n<!-- \/ Yoast SEO plugin. -->","yoast_head_json":{"title":"DOVAN\u0172 KUPONAS - Ducktail Rainwear","description":"Ducktail Rainwear dovan\u0173 kuponas yra puikus pasirinkimas kiekvienai progai! Rinkit\u0117s, koki\u0105 sum\u0105 norite dovanoti nuo 50 Eur iki 250 Eur. Dovan\u0173 kuponas bus i\u0161si\u0173stas jums el. pa\u0161tu per kelias valandas arba mes galime jums atsi\u0173sti atspaudint\u0105 kupon\u0105 pa\u0161tu.","robots":{"index":"index","follow":"follow","max-snippet":"max-snippet:-1","max-image-preview":"max-image-preview:large","max-video-preview":"max-video-preview:-1"},"canonical":"https:\/\/ducktail.eu\/lt\/shop\/gift-card\/","og_locale":"lt_LT","og_type":"article","og_title":"DOVAN\u0172 KUPONAS - Ducktail Rainwear","og_description":"Ducktail Rainwear dovan\u0173 kuponas yra puikus pasirinkimas kiekvienai progai! Rinkit\u0117s, koki\u0105 sum\u0105 norite dovanoti nuo 50 Eur iki 250 Eur. Dovan\u0173 kuponas bus i\u0161si\u0173stas jums el. pa\u0161tu per kelias valandas arba mes galime jums atsi\u0173sti atspaudint\u0105 kupon\u0105 pa\u0161tu.","og_url":"https:\/\/ducktail.eu\/lt\/shop\/gift-card\/","og_site_name":"Ducktail Rainwear","article_modified_time":"2021-03-31T21:00:14+00:00","og_image":[{"width":2000,"height":3000,"url":"https:\/\/ducktail.eu\/wp-content\/uploads\/2017\/01\/Untitled-design-10.png","type":"image\/png"}],"twitter_card":"summary_large_image","schema":{"@context":"https:\/\/schema.org","@graph":[{"@type":"WebPage","@id":"https:\/\/ducktail.eu\/lt\/shop\/gift-card\/","url":"https:\/\/ducktail.eu\/lt\/shop\/gift-card\/","name":"DOVAN\u0172 KUPONAS - Ducktail Rainwear","isPartOf":{"@id":"https:\/\/ducktail.eu\/de\/#website"},"primaryImageOfPage":{"@id":"https:\/\/ducktail.eu\/lt\/shop\/gift-card\/#primaryimage"},"image":{"@id":"https:\/\/ducktail.eu\/lt\/shop\/gift-card\/#primaryimage"},"thumbnailUrl":"https:\/\/ducktail.eu\/wp-content\/uploads\/2017\/01\/Untitled-design-10.png","datePublished":"2017-01-08T10:10:52+00:00","dateModified":"2021-03-31T21:00:14+00:00","description":"Ducktail Rainwear dovan\u0173 kuponas yra puikus pasirinkimas kiekvienai progai! Rinkit\u0117s, koki\u0105 sum\u0105 norite dovanoti nuo 50 Eur iki 250 Eur. Dovan\u0173 kuponas bus i\u0161si\u0173stas jums el. pa\u0161tu per kelias valandas arba mes galime jums atsi\u0173sti atspaudint\u0105 kupon\u0105 pa\u0161tu.","breadcrumb":{"@id":"https:\/\/ducktail.eu\/lt\/shop\/gift-card\/#breadcrumb"},"inLanguage":"lt-LT","potentialAction":[{"@type":"ReadAction","target":["https:\/\/ducktail.eu\/lt\/shop\/gift-card\/"]}]},{"@type":"ImageObject","inLanguage":"lt-LT","@id":"https:\/\/ducktail.eu\/lt\/shop\/gift-card\/#primaryimage","url":"https:\/\/ducktail.eu\/wp-content\/uploads\/2017\/01\/Untitled-design-10.png","contentUrl":"https:\/\/ducktail.eu\/wp-content\/uploads\/2017\/01\/Untitled-design-10.png","width":2000,"height":3000},{"@type":"BreadcrumbList","@id":"https:\/\/ducktail.eu\/lt\/shop\/gift-card\/#breadcrumb","itemListElement":[{"@type":"ListItem","position":1,"name":"Home","item":"https:\/\/ducktail.eu\/lt\/"},{"@type":"ListItem","position":2,"name":"Parduotuv\u0117","item":"https:\/\/ducktail.eu\/lt\/parduotuve\/"},{"@type":"ListItem","position":3,"name":"DOVAN\u0172 KUPONAS"}]},{"@type":"WebSite","@id":"https:\/\/ducktail.eu\/de\/#website","url":"https:\/\/ducktail.eu\/de\/","name":"Ducktail Rainwear","description":"Ducktail.eu","potentialAction":[{"@type":"SearchAction","target":{"@type":"EntryPoint","urlTemplate":"https:\/\/ducktail.eu\/de\/?s={search_term_string}"},"query-input":{"@type":"PropertyValueSpecification","valueRequired":true,"valueName":"search_term_string"}}],"inLanguage":"lt-LT"}]}},"_links":{"self":[{"href":"https:\/\/ducktail.eu\/lt\/wp-json\/wp\/v2\/product\/44333","targetHints":{"allow":["GET"]}}],"collection":[{"href":"https:\/\/ducktail.eu\/lt\/wp-json\/wp\/v2\/product"}],"about":[{"href":"https:\/\/ducktail.eu\/lt\/wp-json\/wp\/v2\/types\/product"}],"replies":[{"embeddable":true,"href":"https:\/\/ducktail.eu\/lt\/wp-json\/wp\/v2\/comments?post=44333"}],"wp:featuredmedia":[{"embeddable":true,"href":"https:\/\/ducktail.eu\/lt\/wp-json\/wp\/v2\/media\/71056"}],"wp:attachment":[{"href":"https:\/\/ducktail.eu\/lt\/wp-json\/wp\/v2\/media?parent=44333"}],"wp:term":[{"taxonomy":"product_brand","embeddable":true,"href":"https:\/\/ducktail.eu\/lt\/wp-json\/wp\/v2\/product_brand?post=44333"},{"taxonomy":"product_cat","embeddable":true,"href":"https:\/\/ducktail.eu\/lt\/wp-json\/wp\/v2\/product_cat?post=44333"},{"taxonomy":"product_tag","embeddable":true,"href":"https:\/\/ducktail.eu\/lt\/wp-json\/wp\/v2\/product_tag?post=44333"}],"curies":[{"name":"wp","href":"https:\/\/api.w.org\/{rel}","templated":true}]}}