{"id":55186,"date":"2020-11-13T11:57:04","date_gmt":"2020-11-13T13:57:08","guid":{"rendered":"https:\/\/ducktail.eu\/?post_type=product&#038;p=55186"},"modified":"2022-11-11T23:04:31","modified_gmt":"2022-11-11T21:04:31","slug":"juoda-veido-kauke","status":"publish","type":"product","link":"https:\/\/ducktail.eu\/lt\/shop\/juoda-veido-kauke\/","title":{"rendered":"JUODA VEIDO KAUK\u0116"},"content":{"rendered":"<p><strong>MED\u017dIAGA<\/strong><\/p>\n<p>I\u0161or\u0117 \u2013 90 % poliesteris, 10 % poliuretano elastomeras; pamu\u0161alas \u2013 100 % medviln\u0117.<\/p>\n<p><strong>PRIE\u017dI\u016aRA<\/strong><\/p>\n<p>Skalbti rankomis; lyginimas \u2013 i\u0161or\u0117 (iki 110\u00b0C), galimas sausas valymas; d\u017eiovinimas d\u017eiovykl\u0117je normalioje temperat\u016broje; nebalinti.<\/p>\n<p>*D\u0117l skirting\u0173 monitori\u0173 atvaizdavimo nustatym\u0173 lietpal\u010di\u0173 spalv\u0173 intensyvumas realyb\u0117je gali skirtis nuo atvaizduot\u0173j\u0173.<\/p>\n<p>Ra\u0161ykite \u017einut\u0119 jei turite klausim\u0173 , abejoni\u0173 ar pasi\u016blym\u0173.<\/p>\n","protected":false},"excerpt":{"rendered":"<p>Veido kauk\u0117 yra pagaminta rankomis i\u0161 lietui atsparaus ir orui pralaidaus poliesterio ir \u0161velnaus pamu\u0161alo viduje su plok\u0161\u010diomis aus\u0173 gumyt\u0117mis. Vandeniui nepralaidus audinys apsaugo nos\u012f ir burn\u0105 nuo vandens la\u0161eli\u0173. Aplink vis\u0105 kauk\u0119 yra apsi\u016btas \u0161vies\u0105 atspindintis kantelis, kuris u\u017etikrins matomum\u0105 tamsiu paros metu. Kauk\u0117 yra tinkama vyrams ir moterims.<\/p>\n<p><strong>Vieno dyd\u017eio (S\/M).<\/strong><\/p>\n<p>Sukurta ir pagaminta Vilniuje, Lietuvoje.<\/p>\n<p>Mes siun\u010diame prekes visame pasaulyje.<\/p>\n","protected":false},"featured_media":56788,"comment_status":"open","ping_status":"closed","template":"","meta":[],"product_brand":[],"product_cat":[428,319,427],"product_tag":[],"class_list":{"0":"post-55186","1":"product","2":"type-product","3":"status-publish","4":"has-post-thumbnail","6":"product_cat-accessories-lt","7":"product_cat-moterims","8":"product_cat-men-lt","9":"shop-item","10":"isotope-item","12":"first","13":"instock","14":"featured","15":"shipping-taxable","16":"purchasable","17":"product-type-variable"},"yoast_head":"<!-- This site is optimized with the Yoast SEO plugin v27.3 - https:\/\/yoast.com\/product\/yoast-seo-wordpress\/ -->\n<title>JUODA VEIDO KAUK\u0116 - Ducktail Rainwear<\/title>\n<meta name=\"description\" content=\"Veido kauk\u0117 yra pagaminta rankomis i\u0161 lietui atsparaus ir orui pralaidaus poliesterio ir \u0161velnaus pamu\u0161alo viduje su plok\u0161\u010diomis aus\u0173 gumyt\u0117mis. Vandeniui nepralaidus audinys apsaugo nos\u012f ir burn\u0105 nuo vandens la\u0161eli\u0173. Aplink vis\u0105 kauk\u0119 yra apsi\u016btas \u0161vies\u0105 atspindintis kantelis, kuris u\u017etikrins matomum\u0105 tamsiu paros metu. Kauk\u0117 yra tinkama vyrams ir moterims.  Vieno dyd\u017eio (S\/M).  Sukurta ir pagaminta Vilniuje, Lietuvoje.  Mes siun\u010diame prekes visame pasaulyje.\" \/>\n<meta name=\"robots\" content=\"index, follow, max-snippet:-1, max-image-preview:large, max-video-preview:-1\" \/>\n<link rel=\"canonical\" href=\"https:\/\/ducktail.eu\/lt\/shop\/juoda-veido-kauke\/\" \/>\n<meta property=\"og:locale\" content=\"lt_LT\" \/>\n<meta property=\"og:type\" content=\"article\" \/>\n<meta property=\"og:title\" content=\"JUODA VEIDO KAUK\u0116 - Ducktail Rainwear\" \/>\n<meta property=\"og:description\" content=\"Veido kauk\u0117 yra pagaminta rankomis i\u0161 lietui atsparaus ir orui pralaidaus poliesterio ir \u0161velnaus pamu\u0161alo viduje su plok\u0161\u010diomis aus\u0173 gumyt\u0117mis. Vandeniui nepralaidus audinys apsaugo nos\u012f ir burn\u0105 nuo vandens la\u0161eli\u0173. Aplink vis\u0105 kauk\u0119 yra apsi\u016btas \u0161vies\u0105 atspindintis kantelis, kuris u\u017etikrins matomum\u0105 tamsiu paros metu. Kauk\u0117 yra tinkama vyrams ir moterims.  Vieno dyd\u017eio (S\/M).  Sukurta ir pagaminta Vilniuje, Lietuvoje.  Mes siun\u010diame prekes visame pasaulyje.\" \/>\n<meta property=\"og:url\" content=\"https:\/\/ducktail.eu\/lt\/shop\/juoda-veido-kauke\/\" \/>\n<meta property=\"og:site_name\" content=\"Ducktail Rainwear\" \/>\n<meta property=\"article:modified_time\" content=\"2022-11-11T21:04:31+00:00\" \/>\n<meta property=\"og:image\" content=\"https:\/\/ducktail.eu\/wp-content\/uploads\/2020\/11\/Raincoat-116-1.jpg\" \/>\n\t<meta property=\"og:image:width\" content=\"1045\" \/>\n\t<meta property=\"og:image:height\" content=\"1568\" \/>\n\t<meta property=\"og:image:type\" content=\"image\/jpeg\" \/>\n<meta name=\"twitter:card\" content=\"summary_large_image\" \/>\n<script type=\"application\/ld+json\" class=\"yoast-schema-graph\">{\"@context\":\"https:\\\/\\\/schema.org\",\"@graph\":[{\"@type\":\"WebPage\",\"@id\":\"https:\\\/\\\/ducktail.eu\\\/lt\\\/shop\\\/juoda-veido-kauke\\\/\",\"url\":\"https:\\\/\\\/ducktail.eu\\\/lt\\\/shop\\\/juoda-veido-kauke\\\/\",\"name\":\"JUODA VEIDO KAUK\u0116 - Ducktail Rainwear\",\"isPartOf\":{\"@id\":\"https:\\\/\\\/ducktail.eu\\\/de\\\/#website\"},\"primaryImageOfPage\":{\"@id\":\"https:\\\/\\\/ducktail.eu\\\/lt\\\/shop\\\/juoda-veido-kauke\\\/#primaryimage\"},\"image\":{\"@id\":\"https:\\\/\\\/ducktail.eu\\\/lt\\\/shop\\\/juoda-veido-kauke\\\/#primaryimage\"},\"thumbnailUrl\":\"https:\\\/\\\/ducktail.eu\\\/wp-content\\\/uploads\\\/2020\\\/11\\\/Raincoat-116-1.jpg\",\"datePublished\":\"2020-11-13T13:57:08+00:00\",\"dateModified\":\"2022-11-11T21:04:31+00:00\",\"description\":\"Veido kauk\u0117 yra pagaminta rankomis i\u0161 lietui atsparaus ir orui pralaidaus poliesterio ir \u0161velnaus pamu\u0161alo viduje su plok\u0161\u010diomis aus\u0173 gumyt\u0117mis. Vandeniui nepralaidus audinys apsaugo nos\u012f ir burn\u0105 nuo vandens la\u0161eli\u0173. Aplink vis\u0105 kauk\u0119 yra apsi\u016btas \u0161vies\u0105 atspindintis kantelis, kuris u\u017etikrins matomum\u0105 tamsiu paros metu. Kauk\u0117 yra tinkama vyrams ir moterims. Vieno dyd\u017eio (S\\\/M). Sukurta ir pagaminta Vilniuje, Lietuvoje. Mes siun\u010diame prekes visame pasaulyje.\",\"breadcrumb\":{\"@id\":\"https:\\\/\\\/ducktail.eu\\\/lt\\\/shop\\\/juoda-veido-kauke\\\/#breadcrumb\"},\"inLanguage\":\"lt-LT\",\"potentialAction\":[{\"@type\":\"ReadAction\",\"target\":[\"https:\\\/\\\/ducktail.eu\\\/lt\\\/shop\\\/juoda-veido-kauke\\\/\"]}]},{\"@type\":\"ImageObject\",\"inLanguage\":\"lt-LT\",\"@id\":\"https:\\\/\\\/ducktail.eu\\\/lt\\\/shop\\\/juoda-veido-kauke\\\/#primaryimage\",\"url\":\"https:\\\/\\\/ducktail.eu\\\/wp-content\\\/uploads\\\/2020\\\/11\\\/Raincoat-116-1.jpg\",\"contentUrl\":\"https:\\\/\\\/ducktail.eu\\\/wp-content\\\/uploads\\\/2020\\\/11\\\/Raincoat-116-1.jpg\",\"width\":1045,\"height\":1568},{\"@type\":\"BreadcrumbList\",\"@id\":\"https:\\\/\\\/ducktail.eu\\\/lt\\\/shop\\\/juoda-veido-kauke\\\/#breadcrumb\",\"itemListElement\":[{\"@type\":\"ListItem\",\"position\":1,\"name\":\"Home\",\"item\":\"https:\\\/\\\/ducktail.eu\\\/lt\\\/\"},{\"@type\":\"ListItem\",\"position\":2,\"name\":\"Parduotuv\u0117\",\"item\":\"https:\\\/\\\/ducktail.eu\\\/lt\\\/parduotuve\\\/\"},{\"@type\":\"ListItem\",\"position\":3,\"name\":\"JUODA VEIDO KAUK\u0116\"}]},{\"@type\":\"WebSite\",\"@id\":\"https:\\\/\\\/ducktail.eu\\\/de\\\/#website\",\"url\":\"https:\\\/\\\/ducktail.eu\\\/de\\\/\",\"name\":\"Ducktail Rainwear\",\"description\":\"Ducktail.eu\",\"potentialAction\":[{\"@type\":\"SearchAction\",\"target\":{\"@type\":\"EntryPoint\",\"urlTemplate\":\"https:\\\/\\\/ducktail.eu\\\/de\\\/?s={search_term_string}\"},\"query-input\":{\"@type\":\"PropertyValueSpecification\",\"valueRequired\":true,\"valueName\":\"search_term_string\"}}],\"inLanguage\":\"lt-LT\"}]}<\/script>\n<!-- \/ Yoast SEO plugin. -->","yoast_head_json":{"title":"JUODA VEIDO KAUK\u0116 - Ducktail Rainwear","description":"Veido kauk\u0117 yra pagaminta rankomis i\u0161 lietui atsparaus ir orui pralaidaus poliesterio ir \u0161velnaus pamu\u0161alo viduje su plok\u0161\u010diomis aus\u0173 gumyt\u0117mis. Vandeniui nepralaidus audinys apsaugo nos\u012f ir burn\u0105 nuo vandens la\u0161eli\u0173. Aplink vis\u0105 kauk\u0119 yra apsi\u016btas \u0161vies\u0105 atspindintis kantelis, kuris u\u017etikrins matomum\u0105 tamsiu paros metu. Kauk\u0117 yra tinkama vyrams ir moterims.  Vieno dyd\u017eio (S\/M).  Sukurta ir pagaminta Vilniuje, Lietuvoje.  Mes siun\u010diame prekes visame pasaulyje.","robots":{"index":"index","follow":"follow","max-snippet":"max-snippet:-1","max-image-preview":"max-image-preview:large","max-video-preview":"max-video-preview:-1"},"canonical":"https:\/\/ducktail.eu\/lt\/shop\/juoda-veido-kauke\/","og_locale":"lt_LT","og_type":"article","og_title":"JUODA VEIDO KAUK\u0116 - Ducktail Rainwear","og_description":"Veido kauk\u0117 yra pagaminta rankomis i\u0161 lietui atsparaus ir orui pralaidaus poliesterio ir \u0161velnaus pamu\u0161alo viduje su plok\u0161\u010diomis aus\u0173 gumyt\u0117mis. Vandeniui nepralaidus audinys apsaugo nos\u012f ir burn\u0105 nuo vandens la\u0161eli\u0173. Aplink vis\u0105 kauk\u0119 yra apsi\u016btas \u0161vies\u0105 atspindintis kantelis, kuris u\u017etikrins matomum\u0105 tamsiu paros metu. Kauk\u0117 yra tinkama vyrams ir moterims.  Vieno dyd\u017eio (S\/M).  Sukurta ir pagaminta Vilniuje, Lietuvoje.  Mes siun\u010diame prekes visame pasaulyje.","og_url":"https:\/\/ducktail.eu\/lt\/shop\/juoda-veido-kauke\/","og_site_name":"Ducktail Rainwear","article_modified_time":"2022-11-11T21:04:31+00:00","og_image":[{"width":1045,"height":1568,"url":"https:\/\/ducktail.eu\/wp-content\/uploads\/2020\/11\/Raincoat-116-1.jpg","type":"image\/jpeg"}],"twitter_card":"summary_large_image","schema":{"@context":"https:\/\/schema.org","@graph":[{"@type":"WebPage","@id":"https:\/\/ducktail.eu\/lt\/shop\/juoda-veido-kauke\/","url":"https:\/\/ducktail.eu\/lt\/shop\/juoda-veido-kauke\/","name":"JUODA VEIDO KAUK\u0116 - Ducktail Rainwear","isPartOf":{"@id":"https:\/\/ducktail.eu\/de\/#website"},"primaryImageOfPage":{"@id":"https:\/\/ducktail.eu\/lt\/shop\/juoda-veido-kauke\/#primaryimage"},"image":{"@id":"https:\/\/ducktail.eu\/lt\/shop\/juoda-veido-kauke\/#primaryimage"},"thumbnailUrl":"https:\/\/ducktail.eu\/wp-content\/uploads\/2020\/11\/Raincoat-116-1.jpg","datePublished":"2020-11-13T13:57:08+00:00","dateModified":"2022-11-11T21:04:31+00:00","description":"Veido kauk\u0117 yra pagaminta rankomis i\u0161 lietui atsparaus ir orui pralaidaus poliesterio ir \u0161velnaus pamu\u0161alo viduje su plok\u0161\u010diomis aus\u0173 gumyt\u0117mis. Vandeniui nepralaidus audinys apsaugo nos\u012f ir burn\u0105 nuo vandens la\u0161eli\u0173. Aplink vis\u0105 kauk\u0119 yra apsi\u016btas \u0161vies\u0105 atspindintis kantelis, kuris u\u017etikrins matomum\u0105 tamsiu paros metu. Kauk\u0117 yra tinkama vyrams ir moterims. Vieno dyd\u017eio (S\/M). Sukurta ir pagaminta Vilniuje, Lietuvoje. Mes siun\u010diame prekes visame pasaulyje.","breadcrumb":{"@id":"https:\/\/ducktail.eu\/lt\/shop\/juoda-veido-kauke\/#breadcrumb"},"inLanguage":"lt-LT","potentialAction":[{"@type":"ReadAction","target":["https:\/\/ducktail.eu\/lt\/shop\/juoda-veido-kauke\/"]}]},{"@type":"ImageObject","inLanguage":"lt-LT","@id":"https:\/\/ducktail.eu\/lt\/shop\/juoda-veido-kauke\/#primaryimage","url":"https:\/\/ducktail.eu\/wp-content\/uploads\/2020\/11\/Raincoat-116-1.jpg","contentUrl":"https:\/\/ducktail.eu\/wp-content\/uploads\/2020\/11\/Raincoat-116-1.jpg","width":1045,"height":1568},{"@type":"BreadcrumbList","@id":"https:\/\/ducktail.eu\/lt\/shop\/juoda-veido-kauke\/#breadcrumb","itemListElement":[{"@type":"ListItem","position":1,"name":"Home","item":"https:\/\/ducktail.eu\/lt\/"},{"@type":"ListItem","position":2,"name":"Parduotuv\u0117","item":"https:\/\/ducktail.eu\/lt\/parduotuve\/"},{"@type":"ListItem","position":3,"name":"JUODA VEIDO KAUK\u0116"}]},{"@type":"WebSite","@id":"https:\/\/ducktail.eu\/de\/#website","url":"https:\/\/ducktail.eu\/de\/","name":"Ducktail Rainwear","description":"Ducktail.eu","potentialAction":[{"@type":"SearchAction","target":{"@type":"EntryPoint","urlTemplate":"https:\/\/ducktail.eu\/de\/?s={search_term_string}"},"query-input":{"@type":"PropertyValueSpecification","valueRequired":true,"valueName":"search_term_string"}}],"inLanguage":"lt-LT"}]}},"_links":{"self":[{"href":"https:\/\/ducktail.eu\/lt\/wp-json\/wp\/v2\/product\/55186","targetHints":{"allow":["GET"]}}],"collection":[{"href":"https:\/\/ducktail.eu\/lt\/wp-json\/wp\/v2\/product"}],"about":[{"href":"https:\/\/ducktail.eu\/lt\/wp-json\/wp\/v2\/types\/product"}],"replies":[{"embeddable":true,"href":"https:\/\/ducktail.eu\/lt\/wp-json\/wp\/v2\/comments?post=55186"}],"wp:featuredmedia":[{"embeddable":true,"href":"https:\/\/ducktail.eu\/lt\/wp-json\/wp\/v2\/media\/56788"}],"wp:attachment":[{"href":"https:\/\/ducktail.eu\/lt\/wp-json\/wp\/v2\/media?parent=55186"}],"wp:term":[{"taxonomy":"product_brand","embeddable":true,"href":"https:\/\/ducktail.eu\/lt\/wp-json\/wp\/v2\/product_brand?post=55186"},{"taxonomy":"product_cat","embeddable":true,"href":"https:\/\/ducktail.eu\/lt\/wp-json\/wp\/v2\/product_cat?post=55186"},{"taxonomy":"product_tag","embeddable":true,"href":"https:\/\/ducktail.eu\/lt\/wp-json\/wp\/v2\/product_tag?post=55186"}],"curies":[{"name":"wp","href":"https:\/\/api.w.org\/{rel}","templated":true}]}}