{"id":58971,"date":"2021-01-25T17:07:26","date_gmt":"2021-01-25T14:21:49","guid":{"rendered":"https:\/\/ducktail.eu\/?post_type=product&#038;p=58971"},"modified":"2022-02-07T20:42:41","modified_gmt":"2022-02-07T18:42:41","slug":"termo-puodelis","status":"publish","type":"product","link":"https:\/\/ducktail.eu\/lt\/shop\/termo-puodelis\/","title":{"rendered":"TERMO PUODELIS"},"content":{"rendered":"<p><strong>MED\u017dIAGA<\/strong><\/p>\n<p>Korpusas \u2013 100 % kietas aliuminis; dangtelis \u2013 100 % plastikas.<\/p>\n<p><strong>PRIE\u017dI\u016aRA<\/strong><\/p>\n<p>Plauti rankomis arba indaplov\u0117je.<\/p>\n<p>Ra\u0161ykite \u017einut\u0119 jei turite klausim\u0173, abejoni\u0173 ar pasi\u016blym\u0173.<\/p>\n","protected":false},"excerpt":{"rendered":"<p>Termo puodelis yra pagamintas i\u0161 kieto aliuminio. Puodelis yra ergonomi\u0161ko dizaino ir \u0161velnaus, malonaus laikyti, matinio pavir\u0161iaus. Tvirtas dangtelis apsaugo nuo skys\u010dio i\u0161siliejimo. Puodelis i\u0161laiko kar\u0161t\u012f iki 3h ir \u0161alt\u012f iki 3h, jis puikiai tiks j\u016bs\u0173 kasdieniams pasivaik\u0161\u010diojimams.<\/p>\n<p>Talpa &#8211; 400 ml.<br \/>\nDydis &#8211; 7,7 x 20 cm<\/p>\n<p>Sukurta Vilniuje, Lietuvoje.<\/p>\n<p>Mes siun\u010diame prekes visame pasaulyje.<\/p>\n","protected":false},"featured_media":63163,"comment_status":"open","ping_status":"closed","template":"","meta":[],"product_brand":[],"product_cat":[319,427,428],"product_tag":[],"class_list":{"0":"post-58971","1":"product","2":"type-product","3":"status-publish","4":"has-post-thumbnail","6":"product_cat-moterims","7":"product_cat-men-lt","8":"product_cat-accessories-lt","9":"shop-item","10":"isotope-item","12":"first","13":"instock","14":"featured","15":"shipping-taxable","16":"purchasable","17":"product-type-variable"},"yoast_head":"<!-- This site is optimized with the Yoast SEO plugin v27.5 - https:\/\/yoast.com\/product\/yoast-seo-wordpress\/ -->\n<title>TERMO PUODELIS - Ducktail Rainwear<\/title>\n<meta name=\"description\" content=\"Termo puodelis yra pagamintas i\u0161 kieto aliuminio. Puodelis yra ergonomi\u0161ko dizaino ir \u0161velnaus, malonaus laikyti, matinio pavir\u0161iaus. Tvirtas dangtelis apsaugo nuo skys\u010dio i\u0161siliejimo. Puodelis i\u0161laiko kar\u0161t\u012f iki 3h ir \u0161alt\u012f iki 3h, jis puikiai tiks j\u016bs\u0173 kasdieniams pasivaik\u0161\u010diojimams.  Talpa - 400 ml. Dydis - 7,7 x 20 cm  Sukurta Vilniuje, Lietuvoje.  Mes siun\u010diame prekes visame pasaulyje.\" \/>\n<meta name=\"robots\" content=\"index, follow, max-snippet:-1, max-image-preview:large, max-video-preview:-1\" \/>\n<link rel=\"canonical\" href=\"https:\/\/ducktail.eu\/lt\/shop\/termo-puodelis\/\" \/>\n<meta property=\"og:locale\" content=\"lt_LT\" \/>\n<meta property=\"og:type\" content=\"article\" \/>\n<meta property=\"og:title\" content=\"TERMO PUODELIS - Ducktail Rainwear\" \/>\n<meta property=\"og:description\" content=\"Termo puodelis yra pagamintas i\u0161 kieto aliuminio. Puodelis yra ergonomi\u0161ko dizaino ir \u0161velnaus, malonaus laikyti, matinio pavir\u0161iaus. Tvirtas dangtelis apsaugo nuo skys\u010dio i\u0161siliejimo. Puodelis i\u0161laiko kar\u0161t\u012f iki 3h ir \u0161alt\u012f iki 3h, jis puikiai tiks j\u016bs\u0173 kasdieniams pasivaik\u0161\u010diojimams.  Talpa - 400 ml. Dydis - 7,7 x 20 cm  Sukurta Vilniuje, Lietuvoje.  Mes siun\u010diame prekes visame pasaulyje.\" \/>\n<meta property=\"og:url\" content=\"https:\/\/ducktail.eu\/lt\/shop\/termo-puodelis\/\" \/>\n<meta property=\"og:site_name\" content=\"Ducktail Rainwear\" \/>\n<meta property=\"article:modified_time\" content=\"2022-02-07T18:42:41+00:00\" \/>\n<meta property=\"og:image\" content=\"https:\/\/ducktail.eu\/wp-content\/uploads\/2021\/01\/2020-11-01-20.16-88-1-scaled.jpg\" \/>\n\t<meta property=\"og:image:width\" content=\"1707\" \/>\n\t<meta property=\"og:image:height\" content=\"2560\" \/>\n\t<meta property=\"og:image:type\" content=\"image\/jpeg\" \/>\n<meta name=\"twitter:card\" content=\"summary_large_image\" \/>\n<script type=\"application\/ld+json\" class=\"yoast-schema-graph\">{\"@context\":\"https:\\\/\\\/schema.org\",\"@graph\":[{\"@type\":\"WebPage\",\"@id\":\"https:\\\/\\\/ducktail.eu\\\/lt\\\/shop\\\/termo-puodelis\\\/\",\"url\":\"https:\\\/\\\/ducktail.eu\\\/lt\\\/shop\\\/termo-puodelis\\\/\",\"name\":\"TERMO PUODELIS - Ducktail Rainwear\",\"isPartOf\":{\"@id\":\"https:\\\/\\\/ducktail.eu\\\/de\\\/#website\"},\"primaryImageOfPage\":{\"@id\":\"https:\\\/\\\/ducktail.eu\\\/lt\\\/shop\\\/termo-puodelis\\\/#primaryimage\"},\"image\":{\"@id\":\"https:\\\/\\\/ducktail.eu\\\/lt\\\/shop\\\/termo-puodelis\\\/#primaryimage\"},\"thumbnailUrl\":\"https:\\\/\\\/ducktail.eu\\\/wp-content\\\/uploads\\\/2021\\\/01\\\/2020-11-01-20.16-88-1-scaled.jpg\",\"datePublished\":\"2021-01-25T14:21:49+00:00\",\"dateModified\":\"2022-02-07T18:42:41+00:00\",\"description\":\"Termo puodelis yra pagamintas i\u0161 kieto aliuminio. Puodelis yra ergonomi\u0161ko dizaino ir \u0161velnaus, malonaus laikyti, matinio pavir\u0161iaus. Tvirtas dangtelis apsaugo nuo skys\u010dio i\u0161siliejimo. Puodelis i\u0161laiko kar\u0161t\u012f iki 3h ir \u0161alt\u012f iki 3h, jis puikiai tiks j\u016bs\u0173 kasdieniams pasivaik\u0161\u010diojimams. Talpa - 400 ml. Dydis - 7,7 x 20 cm Sukurta Vilniuje, Lietuvoje. Mes siun\u010diame prekes visame pasaulyje.\",\"breadcrumb\":{\"@id\":\"https:\\\/\\\/ducktail.eu\\\/lt\\\/shop\\\/termo-puodelis\\\/#breadcrumb\"},\"inLanguage\":\"lt-LT\",\"potentialAction\":[{\"@type\":\"ReadAction\",\"target\":[\"https:\\\/\\\/ducktail.eu\\\/lt\\\/shop\\\/termo-puodelis\\\/\"]}]},{\"@type\":\"ImageObject\",\"inLanguage\":\"lt-LT\",\"@id\":\"https:\\\/\\\/ducktail.eu\\\/lt\\\/shop\\\/termo-puodelis\\\/#primaryimage\",\"url\":\"https:\\\/\\\/ducktail.eu\\\/wp-content\\\/uploads\\\/2021\\\/01\\\/2020-11-01-20.16-88-1-scaled.jpg\",\"contentUrl\":\"https:\\\/\\\/ducktail.eu\\\/wp-content\\\/uploads\\\/2021\\\/01\\\/2020-11-01-20.16-88-1-scaled.jpg\",\"width\":1707,\"height\":2560},{\"@type\":\"BreadcrumbList\",\"@id\":\"https:\\\/\\\/ducktail.eu\\\/lt\\\/shop\\\/termo-puodelis\\\/#breadcrumb\",\"itemListElement\":[{\"@type\":\"ListItem\",\"position\":1,\"name\":\"Home\",\"item\":\"https:\\\/\\\/ducktail.eu\\\/lt\\\/\"},{\"@type\":\"ListItem\",\"position\":2,\"name\":\"Parduotuv\u0117\",\"item\":\"https:\\\/\\\/ducktail.eu\\\/lt\\\/parduotuve\\\/\"},{\"@type\":\"ListItem\",\"position\":3,\"name\":\"TERMO PUODELIS\"}]},{\"@type\":\"WebSite\",\"@id\":\"https:\\\/\\\/ducktail.eu\\\/de\\\/#website\",\"url\":\"https:\\\/\\\/ducktail.eu\\\/de\\\/\",\"name\":\"Ducktail Rainwear\",\"description\":\"Ducktail.eu\",\"potentialAction\":[{\"@type\":\"SearchAction\",\"target\":{\"@type\":\"EntryPoint\",\"urlTemplate\":\"https:\\\/\\\/ducktail.eu\\\/de\\\/?s={search_term_string}\"},\"query-input\":{\"@type\":\"PropertyValueSpecification\",\"valueRequired\":true,\"valueName\":\"search_term_string\"}}],\"inLanguage\":\"lt-LT\"}]}<\/script>\n<!-- \/ Yoast SEO plugin. -->","yoast_head_json":{"title":"TERMO PUODELIS - Ducktail Rainwear","description":"Termo puodelis yra pagamintas i\u0161 kieto aliuminio. Puodelis yra ergonomi\u0161ko dizaino ir \u0161velnaus, malonaus laikyti, matinio pavir\u0161iaus. Tvirtas dangtelis apsaugo nuo skys\u010dio i\u0161siliejimo. Puodelis i\u0161laiko kar\u0161t\u012f iki 3h ir \u0161alt\u012f iki 3h, jis puikiai tiks j\u016bs\u0173 kasdieniams pasivaik\u0161\u010diojimams.  Talpa - 400 ml. Dydis - 7,7 x 20 cm  Sukurta Vilniuje, Lietuvoje.  Mes siun\u010diame prekes visame pasaulyje.","robots":{"index":"index","follow":"follow","max-snippet":"max-snippet:-1","max-image-preview":"max-image-preview:large","max-video-preview":"max-video-preview:-1"},"canonical":"https:\/\/ducktail.eu\/lt\/shop\/termo-puodelis\/","og_locale":"lt_LT","og_type":"article","og_title":"TERMO PUODELIS - Ducktail Rainwear","og_description":"Termo puodelis yra pagamintas i\u0161 kieto aliuminio. Puodelis yra ergonomi\u0161ko dizaino ir \u0161velnaus, malonaus laikyti, matinio pavir\u0161iaus. Tvirtas dangtelis apsaugo nuo skys\u010dio i\u0161siliejimo. Puodelis i\u0161laiko kar\u0161t\u012f iki 3h ir \u0161alt\u012f iki 3h, jis puikiai tiks j\u016bs\u0173 kasdieniams pasivaik\u0161\u010diojimams.  Talpa - 400 ml. Dydis - 7,7 x 20 cm  Sukurta Vilniuje, Lietuvoje.  Mes siun\u010diame prekes visame pasaulyje.","og_url":"https:\/\/ducktail.eu\/lt\/shop\/termo-puodelis\/","og_site_name":"Ducktail Rainwear","article_modified_time":"2022-02-07T18:42:41+00:00","og_image":[{"width":1707,"height":2560,"url":"https:\/\/ducktail.eu\/wp-content\/uploads\/2021\/01\/2020-11-01-20.16-88-1-scaled.jpg","type":"image\/jpeg"}],"twitter_card":"summary_large_image","schema":{"@context":"https:\/\/schema.org","@graph":[{"@type":"WebPage","@id":"https:\/\/ducktail.eu\/lt\/shop\/termo-puodelis\/","url":"https:\/\/ducktail.eu\/lt\/shop\/termo-puodelis\/","name":"TERMO PUODELIS - Ducktail Rainwear","isPartOf":{"@id":"https:\/\/ducktail.eu\/de\/#website"},"primaryImageOfPage":{"@id":"https:\/\/ducktail.eu\/lt\/shop\/termo-puodelis\/#primaryimage"},"image":{"@id":"https:\/\/ducktail.eu\/lt\/shop\/termo-puodelis\/#primaryimage"},"thumbnailUrl":"https:\/\/ducktail.eu\/wp-content\/uploads\/2021\/01\/2020-11-01-20.16-88-1-scaled.jpg","datePublished":"2021-01-25T14:21:49+00:00","dateModified":"2022-02-07T18:42:41+00:00","description":"Termo puodelis yra pagamintas i\u0161 kieto aliuminio. Puodelis yra ergonomi\u0161ko dizaino ir \u0161velnaus, malonaus laikyti, matinio pavir\u0161iaus. Tvirtas dangtelis apsaugo nuo skys\u010dio i\u0161siliejimo. Puodelis i\u0161laiko kar\u0161t\u012f iki 3h ir \u0161alt\u012f iki 3h, jis puikiai tiks j\u016bs\u0173 kasdieniams pasivaik\u0161\u010diojimams. Talpa - 400 ml. Dydis - 7,7 x 20 cm Sukurta Vilniuje, Lietuvoje. Mes siun\u010diame prekes visame pasaulyje.","breadcrumb":{"@id":"https:\/\/ducktail.eu\/lt\/shop\/termo-puodelis\/#breadcrumb"},"inLanguage":"lt-LT","potentialAction":[{"@type":"ReadAction","target":["https:\/\/ducktail.eu\/lt\/shop\/termo-puodelis\/"]}]},{"@type":"ImageObject","inLanguage":"lt-LT","@id":"https:\/\/ducktail.eu\/lt\/shop\/termo-puodelis\/#primaryimage","url":"https:\/\/ducktail.eu\/wp-content\/uploads\/2021\/01\/2020-11-01-20.16-88-1-scaled.jpg","contentUrl":"https:\/\/ducktail.eu\/wp-content\/uploads\/2021\/01\/2020-11-01-20.16-88-1-scaled.jpg","width":1707,"height":2560},{"@type":"BreadcrumbList","@id":"https:\/\/ducktail.eu\/lt\/shop\/termo-puodelis\/#breadcrumb","itemListElement":[{"@type":"ListItem","position":1,"name":"Home","item":"https:\/\/ducktail.eu\/lt\/"},{"@type":"ListItem","position":2,"name":"Parduotuv\u0117","item":"https:\/\/ducktail.eu\/lt\/parduotuve\/"},{"@type":"ListItem","position":3,"name":"TERMO PUODELIS"}]},{"@type":"WebSite","@id":"https:\/\/ducktail.eu\/de\/#website","url":"https:\/\/ducktail.eu\/de\/","name":"Ducktail Rainwear","description":"Ducktail.eu","potentialAction":[{"@type":"SearchAction","target":{"@type":"EntryPoint","urlTemplate":"https:\/\/ducktail.eu\/de\/?s={search_term_string}"},"query-input":{"@type":"PropertyValueSpecification","valueRequired":true,"valueName":"search_term_string"}}],"inLanguage":"lt-LT"}]}},"_links":{"self":[{"href":"https:\/\/ducktail.eu\/lt\/wp-json\/wp\/v2\/product\/58971","targetHints":{"allow":["GET"]}}],"collection":[{"href":"https:\/\/ducktail.eu\/lt\/wp-json\/wp\/v2\/product"}],"about":[{"href":"https:\/\/ducktail.eu\/lt\/wp-json\/wp\/v2\/types\/product"}],"replies":[{"embeddable":true,"href":"https:\/\/ducktail.eu\/lt\/wp-json\/wp\/v2\/comments?post=58971"}],"wp:featuredmedia":[{"embeddable":true,"href":"https:\/\/ducktail.eu\/lt\/wp-json\/wp\/v2\/media\/63163"}],"wp:attachment":[{"href":"https:\/\/ducktail.eu\/lt\/wp-json\/wp\/v2\/media?parent=58971"}],"wp:term":[{"taxonomy":"product_brand","embeddable":true,"href":"https:\/\/ducktail.eu\/lt\/wp-json\/wp\/v2\/product_brand?post=58971"},{"taxonomy":"product_cat","embeddable":true,"href":"https:\/\/ducktail.eu\/lt\/wp-json\/wp\/v2\/product_cat?post=58971"},{"taxonomy":"product_tag","embeddable":true,"href":"https:\/\/ducktail.eu\/lt\/wp-json\/wp\/v2\/product_tag?post=58971"}],"curies":[{"name":"wp","href":"https:\/\/api.w.org\/{rel}","templated":true}]}}