{"id":62358,"date":"2021-06-16T12:17:14","date_gmt":"2021-06-16T14:17:20","guid":{"rendered":"https:\/\/ducktail.eu\/?post_type=product&#038;p=62358"},"modified":"2022-12-10T23:01:26","modified_gmt":"2022-12-10T21:01:26","slug":"kepure-vyrams","status":"publish","type":"product","link":"https:\/\/ducktail.eu\/lt\/shop\/kepure-vyrams\/","title":{"rendered":"KEPUR\u0116"},"content":{"rendered":"<p><strong>MED\u017dIAGA<\/strong><\/p>\n<p>90 % poliesteris, 10 % poliuretano elastomeras.<\/p>\n<p><strong>PRIE\u017dI\u016aRA<\/strong><\/p>\n<p>Skalbti rankomis; lyginimas \u2013 i\u0161or\u0117 (iki 110\u00b0C); galimas sausas valymas; d\u017eiovinimas d\u017eiovykl\u0117je normalioje temperat\u016broje; nebalinti.<\/p>\n<p>*D\u0117l skirting\u0173 monitori\u0173 atvaizdavimo nustatym\u0173 lietpal\u010di\u0173 spalv\u0173 intensyvumas realyb\u0117je gali skirtis nuo atvaizduot\u0173j\u0173.<\/p>\n<p>Ra\u0161ykite \u017einut\u0119 jei turite klausim\u0173, abejoni\u0173 ar pasi\u016blym\u0173.<\/p>\n","protected":false},"excerpt":{"rendered":"<p>Kepur\u0117 yra pagaminta i\u0161 lietui atsparaus ir orui pralaidaus poliesterio. Kepur\u0117 yra dvipus\u0117 (i\u0161ver\u010diama), dviej\u0173 skirting\u0173 spalv\u0173 viduje ir i\u0161or\u0117je (viduje pilka arba juoda be logotipo). Abiej\u0173 pusi\u0173 med\u017eiaga yra nepralaidi vandeniui, tod\u0117l kepur\u0119 galima ne\u0161ioti i\u0161vertus \u012f bet kuri\u0105 pus\u0119. Prakti\u0161kas, ta\u010diau stilingas dizainas yra unisex tipo, tod\u0117l tinkamas d\u0117v\u0117ti ir vyrams, ir moterims. Vieno dyd\u017eio.<\/p>\n<p>Galvos apimtis &#8211; 60,5 cm.<\/p>\n<p>Sukurta ir pagaminta Vilniuje, Lietuvoje.<br \/>\nMes siun\u010diame prekes visame pasaulyje.<\/p>\n<p><span style=\"color: #3c9158;\"><strong>Pirkdami m\u016bs\u0173 produktus, skiriate 2% laukini\u0173 an\u010di\u0173 ir j\u0173 aplinkos i\u0161saugojimui Lietuvoje ir mes esame u\u017e tai labai d\u0117kingi!<\/strong><\/span><\/p>\n","protected":false},"featured_media":69219,"comment_status":"open","ping_status":"closed","template":"","meta":[],"product_brand":[],"product_cat":[427,428],"product_tag":[],"class_list":{"0":"post-62358","1":"product","2":"type-product","3":"status-publish","4":"has-post-thumbnail","6":"product_cat-men-lt","7":"product_cat-accessories-lt","8":"shop-item","9":"isotope-item","11":"first","12":"instock","13":"featured","14":"shipping-taxable","15":"purchasable","16":"product-type-variable","17":"has-default-attributes"},"yoast_head":"<!-- This site is optimized with the Yoast SEO plugin v27.3 - https:\/\/yoast.com\/product\/yoast-seo-wordpress\/ -->\n<title>KEPUR\u0116 - Ducktail Rainwear<\/title>\n<meta name=\"description\" content=\"Kepur\u0117 yra pagaminta i\u0161 lietui atsparaus ir orui pralaidaus poliesterio. Kepur\u0117 yra dvipus\u0117 (i\u0161ver\u010diama), dviej\u0173 skirting\u0173 spalv\u0173 viduje ir i\u0161or\u0117je (viduje pilka arba juoda be logotipo). Abiej\u0173 pusi\u0173 med\u017eiaga yra nepralaidi vandeniui, tod\u0117l kepur\u0119 galima ne\u0161ioti i\u0161vertus \u012f bet kuri\u0105 pus\u0119. Prakti\u0161kas, ta\u010diau stilingas dizainas yra unisex tipo, tod\u0117l tinkamas d\u0117v\u0117ti ir vyrams, ir moterims. Vieno dyd\u017eio.  Galvos apimtis - 60,5 cm.  Sukurta ir pagaminta Vilniuje, Lietuvoje. Mes siun\u010diame prekes visame pasaulyje.  Pirkdami m\u016bs\u0173 produktus, skiriate 2% laukini\u0173 an\u010di\u0173 ir j\u0173 aplinkos i\u0161saugojimui Lietuvoje ir mes esame u\u017e tai labai d\u0117kingi!\" \/>\n<meta name=\"robots\" content=\"index, follow, max-snippet:-1, max-image-preview:large, max-video-preview:-1\" \/>\n<link rel=\"canonical\" href=\"https:\/\/ducktail.eu\/shop\/bucket-hat-men\/\" \/>\n<meta property=\"og:locale\" content=\"lt_LT\" \/>\n<meta property=\"og:type\" content=\"article\" \/>\n<meta property=\"og:title\" content=\"KEPUR\u0116 - Ducktail Rainwear\" \/>\n<meta property=\"og:description\" content=\"Kepur\u0117 yra pagaminta i\u0161 lietui atsparaus ir orui pralaidaus poliesterio. Kepur\u0117 yra dvipus\u0117 (i\u0161ver\u010diama), dviej\u0173 skirting\u0173 spalv\u0173 viduje ir i\u0161or\u0117je (viduje pilka arba juoda be logotipo). Abiej\u0173 pusi\u0173 med\u017eiaga yra nepralaidi vandeniui, tod\u0117l kepur\u0119 galima ne\u0161ioti i\u0161vertus \u012f bet kuri\u0105 pus\u0119. Prakti\u0161kas, ta\u010diau stilingas dizainas yra unisex tipo, tod\u0117l tinkamas d\u0117v\u0117ti ir vyrams, ir moterims. Vieno dyd\u017eio.  Galvos apimtis - 60,5 cm.  Sukurta ir pagaminta Vilniuje, Lietuvoje. Mes siun\u010diame prekes visame pasaulyje.  Pirkdami m\u016bs\u0173 produktus, skiriate 2% laukini\u0173 an\u010di\u0173 ir j\u0173 aplinkos i\u0161saugojimui Lietuvoje ir mes esame u\u017e tai labai d\u0117kingi!\" \/>\n<meta property=\"og:url\" content=\"https:\/\/ducktail.eu\/shop\/bucket-hat-men\/\" \/>\n<meta property=\"og:site_name\" content=\"Ducktail Rainwear\" \/>\n<meta property=\"article:modified_time\" content=\"2022-12-10T21:01:26+00:00\" \/>\n<meta property=\"og:image\" content=\"https:\/\/ducktail.eu\/wp-content\/uploads\/2022\/08\/Raincoat-21.jpg\" \/>\n\t<meta property=\"og:image:width\" content=\"1100\" \/>\n\t<meta property=\"og:image:height\" content=\"1650\" \/>\n\t<meta property=\"og:image:type\" content=\"image\/jpeg\" \/>\n<meta name=\"twitter:card\" content=\"summary_large_image\" \/>\n<script type=\"application\/ld+json\" class=\"yoast-schema-graph\">{\"@context\":\"https:\\\/\\\/schema.org\",\"@graph\":[{\"@type\":\"WebPage\",\"@id\":\"https:\\\/\\\/ducktail.eu\\\/shop\\\/bucket-hat-men\\\/\",\"url\":\"https:\\\/\\\/ducktail.eu\\\/shop\\\/bucket-hat-men\\\/\",\"name\":\"KEPUR\u0116 - Ducktail Rainwear\",\"isPartOf\":{\"@id\":\"https:\\\/\\\/ducktail.eu\\\/de\\\/#website\"},\"primaryImageOfPage\":{\"@id\":\"https:\\\/\\\/ducktail.eu\\\/shop\\\/bucket-hat-men\\\/#primaryimage\"},\"image\":{\"@id\":\"https:\\\/\\\/ducktail.eu\\\/shop\\\/bucket-hat-men\\\/#primaryimage\"},\"thumbnailUrl\":\"https:\\\/\\\/ducktail.eu\\\/wp-content\\\/uploads\\\/2022\\\/08\\\/Raincoat-21.jpg\",\"datePublished\":\"2021-06-16T14:17:20+00:00\",\"dateModified\":\"2022-12-10T21:01:26+00:00\",\"description\":\"Kepur\u0117 yra pagaminta i\u0161 lietui atsparaus ir orui pralaidaus poliesterio. Kepur\u0117 yra dvipus\u0117 (i\u0161ver\u010diama), dviej\u0173 skirting\u0173 spalv\u0173 viduje ir i\u0161or\u0117je (viduje pilka arba juoda be logotipo). Abiej\u0173 pusi\u0173 med\u017eiaga yra nepralaidi vandeniui, tod\u0117l kepur\u0119 galima ne\u0161ioti i\u0161vertus \u012f bet kuri\u0105 pus\u0119. Prakti\u0161kas, ta\u010diau stilingas dizainas yra unisex tipo, tod\u0117l tinkamas d\u0117v\u0117ti ir vyrams, ir moterims. Vieno dyd\u017eio. Galvos apimtis - 60,5 cm. Sukurta ir pagaminta Vilniuje, Lietuvoje. Mes siun\u010diame prekes visame pasaulyje. Pirkdami m\u016bs\u0173 produktus, skiriate 2% laukini\u0173 an\u010di\u0173 ir j\u0173 aplinkos i\u0161saugojimui Lietuvoje ir mes esame u\u017e tai labai d\u0117kingi!\",\"breadcrumb\":{\"@id\":\"https:\\\/\\\/ducktail.eu\\\/shop\\\/bucket-hat-men\\\/#breadcrumb\"},\"inLanguage\":\"lt-LT\",\"potentialAction\":[{\"@type\":\"ReadAction\",\"target\":[\"https:\\\/\\\/ducktail.eu\\\/shop\\\/bucket-hat-men\\\/\"]}]},{\"@type\":\"ImageObject\",\"inLanguage\":\"lt-LT\",\"@id\":\"https:\\\/\\\/ducktail.eu\\\/shop\\\/bucket-hat-men\\\/#primaryimage\",\"url\":\"https:\\\/\\\/ducktail.eu\\\/wp-content\\\/uploads\\\/2022\\\/08\\\/Raincoat-21.jpg\",\"contentUrl\":\"https:\\\/\\\/ducktail.eu\\\/wp-content\\\/uploads\\\/2022\\\/08\\\/Raincoat-21.jpg\",\"width\":1100,\"height\":1650},{\"@type\":\"BreadcrumbList\",\"@id\":\"https:\\\/\\\/ducktail.eu\\\/shop\\\/bucket-hat-men\\\/#breadcrumb\",\"itemListElement\":[{\"@type\":\"ListItem\",\"position\":1,\"name\":\"Home\",\"item\":\"https:\\\/\\\/ducktail.eu\\\/lt\\\/\"},{\"@type\":\"ListItem\",\"position\":2,\"name\":\"Parduotuv\u0117\",\"item\":\"https:\\\/\\\/ducktail.eu\\\/lt\\\/parduotuve\\\/\"},{\"@type\":\"ListItem\",\"position\":3,\"name\":\"KEPUR\u0116\"}]},{\"@type\":\"WebSite\",\"@id\":\"https:\\\/\\\/ducktail.eu\\\/de\\\/#website\",\"url\":\"https:\\\/\\\/ducktail.eu\\\/de\\\/\",\"name\":\"Ducktail Rainwear\",\"description\":\"Ducktail.eu\",\"potentialAction\":[{\"@type\":\"SearchAction\",\"target\":{\"@type\":\"EntryPoint\",\"urlTemplate\":\"https:\\\/\\\/ducktail.eu\\\/de\\\/?s={search_term_string}\"},\"query-input\":{\"@type\":\"PropertyValueSpecification\",\"valueRequired\":true,\"valueName\":\"search_term_string\"}}],\"inLanguage\":\"lt-LT\"}]}<\/script>\n<!-- \/ Yoast SEO plugin. -->","yoast_head_json":{"title":"KEPUR\u0116 - Ducktail Rainwear","description":"Kepur\u0117 yra pagaminta i\u0161 lietui atsparaus ir orui pralaidaus poliesterio. Kepur\u0117 yra dvipus\u0117 (i\u0161ver\u010diama), dviej\u0173 skirting\u0173 spalv\u0173 viduje ir i\u0161or\u0117je (viduje pilka arba juoda be logotipo). Abiej\u0173 pusi\u0173 med\u017eiaga yra nepralaidi vandeniui, tod\u0117l kepur\u0119 galima ne\u0161ioti i\u0161vertus \u012f bet kuri\u0105 pus\u0119. Prakti\u0161kas, ta\u010diau stilingas dizainas yra unisex tipo, tod\u0117l tinkamas d\u0117v\u0117ti ir vyrams, ir moterims. Vieno dyd\u017eio.  Galvos apimtis - 60,5 cm.  Sukurta ir pagaminta Vilniuje, Lietuvoje. Mes siun\u010diame prekes visame pasaulyje.  Pirkdami m\u016bs\u0173 produktus, skiriate 2% laukini\u0173 an\u010di\u0173 ir j\u0173 aplinkos i\u0161saugojimui Lietuvoje ir mes esame u\u017e tai labai d\u0117kingi!","robots":{"index":"index","follow":"follow","max-snippet":"max-snippet:-1","max-image-preview":"max-image-preview:large","max-video-preview":"max-video-preview:-1"},"canonical":"https:\/\/ducktail.eu\/shop\/bucket-hat-men\/","og_locale":"lt_LT","og_type":"article","og_title":"KEPUR\u0116 - Ducktail Rainwear","og_description":"Kepur\u0117 yra pagaminta i\u0161 lietui atsparaus ir orui pralaidaus poliesterio. Kepur\u0117 yra dvipus\u0117 (i\u0161ver\u010diama), dviej\u0173 skirting\u0173 spalv\u0173 viduje ir i\u0161or\u0117je (viduje pilka arba juoda be logotipo). Abiej\u0173 pusi\u0173 med\u017eiaga yra nepralaidi vandeniui, tod\u0117l kepur\u0119 galima ne\u0161ioti i\u0161vertus \u012f bet kuri\u0105 pus\u0119. Prakti\u0161kas, ta\u010diau stilingas dizainas yra unisex tipo, tod\u0117l tinkamas d\u0117v\u0117ti ir vyrams, ir moterims. Vieno dyd\u017eio.  Galvos apimtis - 60,5 cm.  Sukurta ir pagaminta Vilniuje, Lietuvoje. Mes siun\u010diame prekes visame pasaulyje.  Pirkdami m\u016bs\u0173 produktus, skiriate 2% laukini\u0173 an\u010di\u0173 ir j\u0173 aplinkos i\u0161saugojimui Lietuvoje ir mes esame u\u017e tai labai d\u0117kingi!","og_url":"https:\/\/ducktail.eu\/shop\/bucket-hat-men\/","og_site_name":"Ducktail Rainwear","article_modified_time":"2022-12-10T21:01:26+00:00","og_image":[{"width":1100,"height":1650,"url":"https:\/\/ducktail.eu\/wp-content\/uploads\/2022\/08\/Raincoat-21.jpg","type":"image\/jpeg"}],"twitter_card":"summary_large_image","schema":{"@context":"https:\/\/schema.org","@graph":[{"@type":"WebPage","@id":"https:\/\/ducktail.eu\/shop\/bucket-hat-men\/","url":"https:\/\/ducktail.eu\/shop\/bucket-hat-men\/","name":"KEPUR\u0116 - Ducktail Rainwear","isPartOf":{"@id":"https:\/\/ducktail.eu\/de\/#website"},"primaryImageOfPage":{"@id":"https:\/\/ducktail.eu\/shop\/bucket-hat-men\/#primaryimage"},"image":{"@id":"https:\/\/ducktail.eu\/shop\/bucket-hat-men\/#primaryimage"},"thumbnailUrl":"https:\/\/ducktail.eu\/wp-content\/uploads\/2022\/08\/Raincoat-21.jpg","datePublished":"2021-06-16T14:17:20+00:00","dateModified":"2022-12-10T21:01:26+00:00","description":"Kepur\u0117 yra pagaminta i\u0161 lietui atsparaus ir orui pralaidaus poliesterio. Kepur\u0117 yra dvipus\u0117 (i\u0161ver\u010diama), dviej\u0173 skirting\u0173 spalv\u0173 viduje ir i\u0161or\u0117je (viduje pilka arba juoda be logotipo). Abiej\u0173 pusi\u0173 med\u017eiaga yra nepralaidi vandeniui, tod\u0117l kepur\u0119 galima ne\u0161ioti i\u0161vertus \u012f bet kuri\u0105 pus\u0119. Prakti\u0161kas, ta\u010diau stilingas dizainas yra unisex tipo, tod\u0117l tinkamas d\u0117v\u0117ti ir vyrams, ir moterims. Vieno dyd\u017eio. Galvos apimtis - 60,5 cm. Sukurta ir pagaminta Vilniuje, Lietuvoje. Mes siun\u010diame prekes visame pasaulyje. Pirkdami m\u016bs\u0173 produktus, skiriate 2% laukini\u0173 an\u010di\u0173 ir j\u0173 aplinkos i\u0161saugojimui Lietuvoje ir mes esame u\u017e tai labai d\u0117kingi!","breadcrumb":{"@id":"https:\/\/ducktail.eu\/shop\/bucket-hat-men\/#breadcrumb"},"inLanguage":"lt-LT","potentialAction":[{"@type":"ReadAction","target":["https:\/\/ducktail.eu\/shop\/bucket-hat-men\/"]}]},{"@type":"ImageObject","inLanguage":"lt-LT","@id":"https:\/\/ducktail.eu\/shop\/bucket-hat-men\/#primaryimage","url":"https:\/\/ducktail.eu\/wp-content\/uploads\/2022\/08\/Raincoat-21.jpg","contentUrl":"https:\/\/ducktail.eu\/wp-content\/uploads\/2022\/08\/Raincoat-21.jpg","width":1100,"height":1650},{"@type":"BreadcrumbList","@id":"https:\/\/ducktail.eu\/shop\/bucket-hat-men\/#breadcrumb","itemListElement":[{"@type":"ListItem","position":1,"name":"Home","item":"https:\/\/ducktail.eu\/lt\/"},{"@type":"ListItem","position":2,"name":"Parduotuv\u0117","item":"https:\/\/ducktail.eu\/lt\/parduotuve\/"},{"@type":"ListItem","position":3,"name":"KEPUR\u0116"}]},{"@type":"WebSite","@id":"https:\/\/ducktail.eu\/de\/#website","url":"https:\/\/ducktail.eu\/de\/","name":"Ducktail Rainwear","description":"Ducktail.eu","potentialAction":[{"@type":"SearchAction","target":{"@type":"EntryPoint","urlTemplate":"https:\/\/ducktail.eu\/de\/?s={search_term_string}"},"query-input":{"@type":"PropertyValueSpecification","valueRequired":true,"valueName":"search_term_string"}}],"inLanguage":"lt-LT"}]}},"_links":{"self":[{"href":"https:\/\/ducktail.eu\/lt\/wp-json\/wp\/v2\/product\/62358","targetHints":{"allow":["GET"]}}],"collection":[{"href":"https:\/\/ducktail.eu\/lt\/wp-json\/wp\/v2\/product"}],"about":[{"href":"https:\/\/ducktail.eu\/lt\/wp-json\/wp\/v2\/types\/product"}],"replies":[{"embeddable":true,"href":"https:\/\/ducktail.eu\/lt\/wp-json\/wp\/v2\/comments?post=62358"}],"wp:featuredmedia":[{"embeddable":true,"href":"https:\/\/ducktail.eu\/lt\/wp-json\/wp\/v2\/media\/69219"}],"wp:attachment":[{"href":"https:\/\/ducktail.eu\/lt\/wp-json\/wp\/v2\/media?parent=62358"}],"wp:term":[{"taxonomy":"product_brand","embeddable":true,"href":"https:\/\/ducktail.eu\/lt\/wp-json\/wp\/v2\/product_brand?post=62358"},{"taxonomy":"product_cat","embeddable":true,"href":"https:\/\/ducktail.eu\/lt\/wp-json\/wp\/v2\/product_cat?post=62358"},{"taxonomy":"product_tag","embeddable":true,"href":"https:\/\/ducktail.eu\/lt\/wp-json\/wp\/v2\/product_tag?post=62358"}],"curies":[{"name":"wp","href":"https:\/\/api.w.org\/{rel}","templated":true}]}}