{"id":64345,"date":"2022-02-14T15:46:29","date_gmt":"2022-02-14T13:46:35","guid":{"rendered":"https:\/\/ducktail.eu\/?post_type=product&#038;p=64345"},"modified":"2025-12-03T00:33:55","modified_gmt":"2025-12-02T22:33:55","slug":"maiselis","status":"publish","type":"product","link":"https:\/\/ducktail.eu\/lt\/shop\/maiselis\/","title":{"rendered":"MAI\u0160ELIS"},"content":{"rendered":"<p><strong>MED\u017dIAGA<\/strong><\/p>\n<p>I\u0161or\u0117 \u2013 90 % perdirbtas poliesteris, 10 % poliuretano elastomeras; pamu\u0161alas \u2013 45 % viskoz\u0117, 55 % perdirbtas poliesteris.<\/p>\n<p><strong>PRIE\u017dI\u016aRA<\/strong><\/p>\n<p>Skalbti rankomis; lyginimas \u2013 i\u0161or\u0117 (iki 110\u00b0C); galimas sausas valymas; d\u017eiovinimas d\u017eiovykl\u0117je normalioje temperat\u016broje; nebalinti.<\/p>\n<p>*D\u0117l skirting\u0173 monitori\u0173 atvaizdavimo nustatym\u0173, produkt\u0173 spalv\u0173 intensyvumas realyb\u0117je gali skirtis nuo atvaizduot\u0173j\u0173.<\/p>\n<p>Ra\u0161ykite \u017einut\u0119, jei turite klausim\u0173, abejoni\u0173 ar pasi\u016blym\u0173.<\/p>\n","protected":false},"excerpt":{"rendered":"<p>Mai\u0161elis yra pagamintas i\u0161 lietui ir v\u0117jui atsparaus perdibto poliesterio. Pla\u010dios rankenos u\u017etikrina patogum\u0105 ant J\u016bs\u0173 pe\u010di\u0173. Mai\u0161elio viduje &#8211; \u0161velnus ir mink\u0161tas, perdirbto pluo\u0161to pamu\u0161alas, apsaugantis J\u016bs\u0173 daiktus.<\/p>\n<p>Ilgis 33 cm, plotis 6 cm, auk\u0161tis be ranken\u0173 44 cm, auk\u0161tis su rankenomis 71 cm.<\/p>\n<p>Sukurta ir pagaminta Vilniuje, Lietuvoje.<br \/>\nSiun\u010diame prekes visame pasaulyje.<\/p>\n<p><span style=\"color: #3c9158;\"><strong>Pirkdami m\u016bs\u0173 produktus, skiriate 2% laukini\u0173 an\u010di\u0173 ir j\u0173 aplinkos i\u0161saugojimui Lietuvoje ir mes esame u\u017e tai labai d\u0117kingi!<\/strong><\/span><\/p>\n","protected":false},"featured_media":66531,"comment_status":"open","ping_status":"closed","template":"","meta":[],"product_brand":[],"product_cat":[319,427,428],"product_tag":[],"class_list":{"0":"post-64345","1":"product","2":"type-product","3":"status-publish","4":"has-post-thumbnail","6":"product_cat-moterims","7":"product_cat-men-lt","8":"product_cat-accessories-lt","9":"shop-item","10":"isotope-item","12":"first","13":"instock","14":"featured","15":"shipping-taxable","16":"purchasable","17":"product-type-variable"},"yoast_head":"<!-- This site is optimized with the Yoast SEO plugin v27.3 - https:\/\/yoast.com\/product\/yoast-seo-wordpress\/ -->\n<title>MAI\u0160ELIS - Ducktail Rainwear<\/title>\n<meta name=\"description\" content=\"Mai\u0161elis yra pagamintas i\u0161 lietui ir v\u0117jui atsparaus perdibto poliesterio. Pla\u010dios rankenos u\u017etikrina patogum\u0105 ant J\u016bs\u0173 pe\u010di\u0173. Mai\u0161elio viduje - \u0161velnus ir mink\u0161tas, perdirbto pluo\u0161to pamu\u0161alas, apsaugantis J\u016bs\u0173 daiktus.  Ilgis 33 cm, plotis 6 cm, auk\u0161tis be ranken\u0173 44 cm, auk\u0161tis su rankenomis 71 cm.  Sukurta ir pagaminta Vilniuje, Lietuvoje. Siun\u010diame prekes visame pasaulyje.  Pirkdami m\u016bs\u0173 produktus, skiriate 2% laukini\u0173 an\u010di\u0173 ir j\u0173 aplinkos i\u0161saugojimui Lietuvoje ir mes esame u\u017e tai labai d\u0117kingi!\" \/>\n<meta name=\"robots\" content=\"index, follow, max-snippet:-1, max-image-preview:large, max-video-preview:-1\" \/>\n<link rel=\"canonical\" href=\"https:\/\/ducktail.eu\/lt\/shop\/maiselis\/\" \/>\n<meta property=\"og:locale\" content=\"lt_LT\" \/>\n<meta property=\"og:type\" content=\"article\" \/>\n<meta property=\"og:title\" content=\"MAI\u0160ELIS - Ducktail Rainwear\" \/>\n<meta property=\"og:description\" content=\"Mai\u0161elis yra pagamintas i\u0161 lietui ir v\u0117jui atsparaus perdibto poliesterio. Pla\u010dios rankenos u\u017etikrina patogum\u0105 ant J\u016bs\u0173 pe\u010di\u0173. Mai\u0161elio viduje - \u0161velnus ir mink\u0161tas, perdirbto pluo\u0161to pamu\u0161alas, apsaugantis J\u016bs\u0173 daiktus.  Ilgis 33 cm, plotis 6 cm, auk\u0161tis be ranken\u0173 44 cm, auk\u0161tis su rankenomis 71 cm.  Sukurta ir pagaminta Vilniuje, Lietuvoje. Siun\u010diame prekes visame pasaulyje.  Pirkdami m\u016bs\u0173 produktus, skiriate 2% laukini\u0173 an\u010di\u0173 ir j\u0173 aplinkos i\u0161saugojimui Lietuvoje ir mes esame u\u017e tai labai d\u0117kingi!\" \/>\n<meta property=\"og:url\" content=\"https:\/\/ducktail.eu\/lt\/shop\/maiselis\/\" \/>\n<meta property=\"og:site_name\" content=\"Ducktail Rainwear\" \/>\n<meta property=\"article:modified_time\" content=\"2025-12-02T22:33:55+00:00\" \/>\n<meta property=\"og:image\" content=\"https:\/\/ducktail.eu\/wp-content\/uploads\/2022\/02\/M8A3465.jpg\" \/>\n\t<meta property=\"og:image:width\" content=\"1280\" \/>\n\t<meta property=\"og:image:height\" content=\"1920\" \/>\n\t<meta property=\"og:image:type\" content=\"image\/jpeg\" \/>\n<meta name=\"twitter:card\" content=\"summary_large_image\" \/>\n<script type=\"application\/ld+json\" class=\"yoast-schema-graph\">{\"@context\":\"https:\\\/\\\/schema.org\",\"@graph\":[{\"@type\":\"WebPage\",\"@id\":\"https:\\\/\\\/ducktail.eu\\\/lt\\\/shop\\\/maiselis\\\/\",\"url\":\"https:\\\/\\\/ducktail.eu\\\/lt\\\/shop\\\/maiselis\\\/\",\"name\":\"MAI\u0160ELIS - Ducktail Rainwear\",\"isPartOf\":{\"@id\":\"https:\\\/\\\/ducktail.eu\\\/de\\\/#website\"},\"primaryImageOfPage\":{\"@id\":\"https:\\\/\\\/ducktail.eu\\\/lt\\\/shop\\\/maiselis\\\/#primaryimage\"},\"image\":{\"@id\":\"https:\\\/\\\/ducktail.eu\\\/lt\\\/shop\\\/maiselis\\\/#primaryimage\"},\"thumbnailUrl\":\"https:\\\/\\\/ducktail.eu\\\/wp-content\\\/uploads\\\/2022\\\/02\\\/M8A3465.jpg\",\"datePublished\":\"2022-02-14T13:46:35+00:00\",\"dateModified\":\"2025-12-02T22:33:55+00:00\",\"description\":\"Mai\u0161elis yra pagamintas i\u0161 lietui ir v\u0117jui atsparaus perdibto poliesterio. Pla\u010dios rankenos u\u017etikrina patogum\u0105 ant J\u016bs\u0173 pe\u010di\u0173. Mai\u0161elio viduje - \u0161velnus ir mink\u0161tas, perdirbto pluo\u0161to pamu\u0161alas, apsaugantis J\u016bs\u0173 daiktus. Ilgis 33 cm, plotis 6 cm, auk\u0161tis be ranken\u0173 44 cm, auk\u0161tis su rankenomis 71 cm. Sukurta ir pagaminta Vilniuje, Lietuvoje. Siun\u010diame prekes visame pasaulyje. Pirkdami m\u016bs\u0173 produktus, skiriate 2% laukini\u0173 an\u010di\u0173 ir j\u0173 aplinkos i\u0161saugojimui Lietuvoje ir mes esame u\u017e tai labai d\u0117kingi!\",\"breadcrumb\":{\"@id\":\"https:\\\/\\\/ducktail.eu\\\/lt\\\/shop\\\/maiselis\\\/#breadcrumb\"},\"inLanguage\":\"lt-LT\",\"potentialAction\":[{\"@type\":\"ReadAction\",\"target\":[\"https:\\\/\\\/ducktail.eu\\\/lt\\\/shop\\\/maiselis\\\/\"]}]},{\"@type\":\"ImageObject\",\"inLanguage\":\"lt-LT\",\"@id\":\"https:\\\/\\\/ducktail.eu\\\/lt\\\/shop\\\/maiselis\\\/#primaryimage\",\"url\":\"https:\\\/\\\/ducktail.eu\\\/wp-content\\\/uploads\\\/2022\\\/02\\\/M8A3465.jpg\",\"contentUrl\":\"https:\\\/\\\/ducktail.eu\\\/wp-content\\\/uploads\\\/2022\\\/02\\\/M8A3465.jpg\",\"width\":1280,\"height\":1920},{\"@type\":\"BreadcrumbList\",\"@id\":\"https:\\\/\\\/ducktail.eu\\\/lt\\\/shop\\\/maiselis\\\/#breadcrumb\",\"itemListElement\":[{\"@type\":\"ListItem\",\"position\":1,\"name\":\"Home\",\"item\":\"https:\\\/\\\/ducktail.eu\\\/lt\\\/\"},{\"@type\":\"ListItem\",\"position\":2,\"name\":\"Parduotuv\u0117\",\"item\":\"https:\\\/\\\/ducktail.eu\\\/lt\\\/parduotuve\\\/\"},{\"@type\":\"ListItem\",\"position\":3,\"name\":\"MAI\u0160ELIS\"}]},{\"@type\":\"WebSite\",\"@id\":\"https:\\\/\\\/ducktail.eu\\\/de\\\/#website\",\"url\":\"https:\\\/\\\/ducktail.eu\\\/de\\\/\",\"name\":\"Ducktail Rainwear\",\"description\":\"Ducktail.eu\",\"potentialAction\":[{\"@type\":\"SearchAction\",\"target\":{\"@type\":\"EntryPoint\",\"urlTemplate\":\"https:\\\/\\\/ducktail.eu\\\/de\\\/?s={search_term_string}\"},\"query-input\":{\"@type\":\"PropertyValueSpecification\",\"valueRequired\":true,\"valueName\":\"search_term_string\"}}],\"inLanguage\":\"lt-LT\"}]}<\/script>\n<!-- \/ Yoast SEO plugin. -->","yoast_head_json":{"title":"MAI\u0160ELIS - Ducktail Rainwear","description":"Mai\u0161elis yra pagamintas i\u0161 lietui ir v\u0117jui atsparaus perdibto poliesterio. Pla\u010dios rankenos u\u017etikrina patogum\u0105 ant J\u016bs\u0173 pe\u010di\u0173. Mai\u0161elio viduje - \u0161velnus ir mink\u0161tas, perdirbto pluo\u0161to pamu\u0161alas, apsaugantis J\u016bs\u0173 daiktus.  Ilgis 33 cm, plotis 6 cm, auk\u0161tis be ranken\u0173 44 cm, auk\u0161tis su rankenomis 71 cm.  Sukurta ir pagaminta Vilniuje, Lietuvoje. Siun\u010diame prekes visame pasaulyje.  Pirkdami m\u016bs\u0173 produktus, skiriate 2% laukini\u0173 an\u010di\u0173 ir j\u0173 aplinkos i\u0161saugojimui Lietuvoje ir mes esame u\u017e tai labai d\u0117kingi!","robots":{"index":"index","follow":"follow","max-snippet":"max-snippet:-1","max-image-preview":"max-image-preview:large","max-video-preview":"max-video-preview:-1"},"canonical":"https:\/\/ducktail.eu\/lt\/shop\/maiselis\/","og_locale":"lt_LT","og_type":"article","og_title":"MAI\u0160ELIS - Ducktail Rainwear","og_description":"Mai\u0161elis yra pagamintas i\u0161 lietui ir v\u0117jui atsparaus perdibto poliesterio. Pla\u010dios rankenos u\u017etikrina patogum\u0105 ant J\u016bs\u0173 pe\u010di\u0173. Mai\u0161elio viduje - \u0161velnus ir mink\u0161tas, perdirbto pluo\u0161to pamu\u0161alas, apsaugantis J\u016bs\u0173 daiktus.  Ilgis 33 cm, plotis 6 cm, auk\u0161tis be ranken\u0173 44 cm, auk\u0161tis su rankenomis 71 cm.  Sukurta ir pagaminta Vilniuje, Lietuvoje. Siun\u010diame prekes visame pasaulyje.  Pirkdami m\u016bs\u0173 produktus, skiriate 2% laukini\u0173 an\u010di\u0173 ir j\u0173 aplinkos i\u0161saugojimui Lietuvoje ir mes esame u\u017e tai labai d\u0117kingi!","og_url":"https:\/\/ducktail.eu\/lt\/shop\/maiselis\/","og_site_name":"Ducktail Rainwear","article_modified_time":"2025-12-02T22:33:55+00:00","og_image":[{"width":1280,"height":1920,"url":"https:\/\/ducktail.eu\/wp-content\/uploads\/2022\/02\/M8A3465.jpg","type":"image\/jpeg"}],"twitter_card":"summary_large_image","schema":{"@context":"https:\/\/schema.org","@graph":[{"@type":"WebPage","@id":"https:\/\/ducktail.eu\/lt\/shop\/maiselis\/","url":"https:\/\/ducktail.eu\/lt\/shop\/maiselis\/","name":"MAI\u0160ELIS - Ducktail Rainwear","isPartOf":{"@id":"https:\/\/ducktail.eu\/de\/#website"},"primaryImageOfPage":{"@id":"https:\/\/ducktail.eu\/lt\/shop\/maiselis\/#primaryimage"},"image":{"@id":"https:\/\/ducktail.eu\/lt\/shop\/maiselis\/#primaryimage"},"thumbnailUrl":"https:\/\/ducktail.eu\/wp-content\/uploads\/2022\/02\/M8A3465.jpg","datePublished":"2022-02-14T13:46:35+00:00","dateModified":"2025-12-02T22:33:55+00:00","description":"Mai\u0161elis yra pagamintas i\u0161 lietui ir v\u0117jui atsparaus perdibto poliesterio. Pla\u010dios rankenos u\u017etikrina patogum\u0105 ant J\u016bs\u0173 pe\u010di\u0173. Mai\u0161elio viduje - \u0161velnus ir mink\u0161tas, perdirbto pluo\u0161to pamu\u0161alas, apsaugantis J\u016bs\u0173 daiktus. Ilgis 33 cm, plotis 6 cm, auk\u0161tis be ranken\u0173 44 cm, auk\u0161tis su rankenomis 71 cm. Sukurta ir pagaminta Vilniuje, Lietuvoje. Siun\u010diame prekes visame pasaulyje. Pirkdami m\u016bs\u0173 produktus, skiriate 2% laukini\u0173 an\u010di\u0173 ir j\u0173 aplinkos i\u0161saugojimui Lietuvoje ir mes esame u\u017e tai labai d\u0117kingi!","breadcrumb":{"@id":"https:\/\/ducktail.eu\/lt\/shop\/maiselis\/#breadcrumb"},"inLanguage":"lt-LT","potentialAction":[{"@type":"ReadAction","target":["https:\/\/ducktail.eu\/lt\/shop\/maiselis\/"]}]},{"@type":"ImageObject","inLanguage":"lt-LT","@id":"https:\/\/ducktail.eu\/lt\/shop\/maiselis\/#primaryimage","url":"https:\/\/ducktail.eu\/wp-content\/uploads\/2022\/02\/M8A3465.jpg","contentUrl":"https:\/\/ducktail.eu\/wp-content\/uploads\/2022\/02\/M8A3465.jpg","width":1280,"height":1920},{"@type":"BreadcrumbList","@id":"https:\/\/ducktail.eu\/lt\/shop\/maiselis\/#breadcrumb","itemListElement":[{"@type":"ListItem","position":1,"name":"Home","item":"https:\/\/ducktail.eu\/lt\/"},{"@type":"ListItem","position":2,"name":"Parduotuv\u0117","item":"https:\/\/ducktail.eu\/lt\/parduotuve\/"},{"@type":"ListItem","position":3,"name":"MAI\u0160ELIS"}]},{"@type":"WebSite","@id":"https:\/\/ducktail.eu\/de\/#website","url":"https:\/\/ducktail.eu\/de\/","name":"Ducktail Rainwear","description":"Ducktail.eu","potentialAction":[{"@type":"SearchAction","target":{"@type":"EntryPoint","urlTemplate":"https:\/\/ducktail.eu\/de\/?s={search_term_string}"},"query-input":{"@type":"PropertyValueSpecification","valueRequired":true,"valueName":"search_term_string"}}],"inLanguage":"lt-LT"}]}},"_links":{"self":[{"href":"https:\/\/ducktail.eu\/lt\/wp-json\/wp\/v2\/product\/64345","targetHints":{"allow":["GET"]}}],"collection":[{"href":"https:\/\/ducktail.eu\/lt\/wp-json\/wp\/v2\/product"}],"about":[{"href":"https:\/\/ducktail.eu\/lt\/wp-json\/wp\/v2\/types\/product"}],"replies":[{"embeddable":true,"href":"https:\/\/ducktail.eu\/lt\/wp-json\/wp\/v2\/comments?post=64345"}],"wp:featuredmedia":[{"embeddable":true,"href":"https:\/\/ducktail.eu\/lt\/wp-json\/wp\/v2\/media\/66531"}],"wp:attachment":[{"href":"https:\/\/ducktail.eu\/lt\/wp-json\/wp\/v2\/media?parent=64345"}],"wp:term":[{"taxonomy":"product_brand","embeddable":true,"href":"https:\/\/ducktail.eu\/lt\/wp-json\/wp\/v2\/product_brand?post=64345"},{"taxonomy":"product_cat","embeddable":true,"href":"https:\/\/ducktail.eu\/lt\/wp-json\/wp\/v2\/product_cat?post=64345"},{"taxonomy":"product_tag","embeddable":true,"href":"https:\/\/ducktail.eu\/lt\/wp-json\/wp\/v2\/product_tag?post=64345"}],"curies":[{"name":"wp","href":"https:\/\/api.w.org\/{rel}","templated":true}]}}