{"id":65743,"date":"2022-06-07T02:50:45","date_gmt":"2022-06-06T23:50:51","guid":{"rendered":"https:\/\/ducktail.eu\/?post_type=product&#038;p=65743"},"modified":"2025-12-03T00:33:47","modified_gmt":"2025-12-02T22:33:47","slug":"zalsvas-city-lietpaltis-tvarios-medziagos","status":"publish","type":"product","link":"https:\/\/ducktail.eu\/lt\/shop\/zalsvas-city-lietpaltis-tvarios-medziagos\/","title":{"rendered":"\u017dALSVAS CITY LIETPALTIS &#8211; tvarios med\u017eiagos"},"content":{"rendered":"<p><strong>MED\u017dIAGA<\/strong><\/p>\n<p>I\u0161or\u0117 \u2013 100 % perdirbtas poliesteris; viena uodegos pus\u0117 \u2013 at\u0161vaitas; pamu\u0161alas \u2013 45 % viskoz\u0117, 55 % perdirbtas poliesteris.<\/p>\n<p><strong>PRIE\u017dI\u016aRA<\/strong><\/p>\n<p>Skalbti rankomis; lyginimas \u2013 i\u0161or\u0117 (iki 110\u00b0C), at\u0161vaitas (negalima lyginti); galimas sausas valymas; d\u017eiovinimas d\u017eiovykl\u0117je normalioje temperat\u016broje; nebalinti. Geriausias b\u016bdas pa\u0161alinti smulkius ne\u0161varumus \u2013 valyti d\u0117mes dr\u0117gna \u0161luoste (prireikus galima naudoti ir muil\u0105) ir palikti produkt\u0105 i\u0161d\u017ei\u016bti nat\u016braliai.<\/p>\n<p>*D\u0117l skirting\u0173 monitori\u0173 atvaizdavimo nustatym\u0173 lietpal\u010di\u0173 spalv\u0173 intensyvumas realyb\u0117je gali skirtis.<\/p>\n<p>Ra\u0161ykite \u017einute jei turite klausim\u0173, abejoni\u0173 ar pasi\u016blym\u0173.<\/p>\n","protected":false},"excerpt":{"rendered":"<p>Unisex City lietpaltis yra pagamintas i\u0161 lietui ir v\u0117jui atsparaus, orui pralaidaus perdirbto poliesterio, ir \u0161velnaus perdirbto pamu\u0161alo viduje. Lietpaltis turi \u0161vies\u0105 atspindin\u010dius rai\u0161telius ir unikali\u0105 dvipus\u0119 nusegam\u0105 uodeg\u0105. Tik viena uodegos pus\u0117 atspindi \u0161vies\u0105. Lietpaltis yra ypatingai lengvas (0.8 kg).<\/p>\n<p>Atsparumas dr\u0117gmei 10.000 mm, si\u016bl\u0117s laminuotos.<\/p>\n<p>Modelis nuotraukoje yra 184 cm \u016bgio ir d\u0117vi dyd\u012f <strong>M<\/strong>.<\/p>\n<p>Sukurta ir pagaminta Vilniuje, Lietuvoje.<br \/>\nSiun\u010diame prekes visame pasaulyje.<\/p>\n<p><strong>Lietpaltis yra unisex dizaino. Tur\u0117kite omeny, kad nurodyti dyd\u017eiai yra vyri\u0161ki. Vyrams \u2013 lietpaltis atitinka standartinius dyd\u017eius, renkantis tarp dviej\u0173 dyd\u017ei\u0173, si\u016blome rinktis didesn\u012f. Kvie\u010diame pasinaudoti DYD\u017dI\u0172 GIDU apa\u010dioje, kad pasirinktum\u0117te tinkamiausi\u0105 dyd\u012f.<\/strong><\/p>\n<p><span style=\"color: #3c9158;\"><strong>Pirkdami m\u016bs\u0173 produktus, skiriate 2% laukini\u0173 an\u010di\u0173 ir j\u0173 aplinkos i\u0161saugojimui Lietuvoje ir mes esame jums u\u017e tai labai d\u0117kingi!<\/strong><\/span><\/p>\n","protected":false},"featured_media":69150,"comment_status":"open","ping_status":"closed","template":"","meta":[],"product_brand":[],"product_cat":[427],"product_tag":[],"class_list":{"0":"post-65743","1":"product","2":"type-product","3":"status-publish","4":"has-post-thumbnail","6":"product_cat-men-lt","7":"shop-item","8":"isotope-item","10":"first","11":"instock","12":"featured","13":"shipping-taxable","14":"purchasable","15":"product-type-variable"},"yoast_head":"<!-- This site is optimized with the Yoast SEO plugin v27.3 - https:\/\/yoast.com\/product\/yoast-seo-wordpress\/ -->\n<title>\u017dALSVAS CITY LIETPALTIS - tvarios med\u017eiagos - Ducktail Rainwear<\/title>\n<meta name=\"description\" content=\"Unisex City lietpaltis yra pagamintas i\u0161 lietui ir v\u0117jui atsparaus, orui pralaidaus perdirbto poliesterio, ir \u0161velnaus perdirbto pamu\u0161alo viduje. Lietpaltis turi \u0161vies\u0105 atspindin\u010dius rai\u0161telius ir unikali\u0105 dvipus\u0119 nusegam\u0105 uodeg\u0105. Tik viena uodegos pus\u0117 atspindi \u0161vies\u0105. Lietpaltis yra ypatingai lengvas (0.8 kg).  Atsparumas dr\u0117gmei 10.000 mm, si\u016bl\u0117s laminuotos.  Modelis nuotraukoje yra 184 cm \u016bgio ir d\u0117vi dyd\u012f M.  Sukurta ir pagaminta Vilniuje, Lietuvoje. Siun\u010diame prekes visame pasaulyje.  Lietpaltis yra unisex dizaino. Tur\u0117kite omeny, kad nurodyti dyd\u017eiai yra vyri\u0161ki. Vyrams \u2013 lietpaltis atitinka standartinius dyd\u017eius, renkantis tarp dviej\u0173 dyd\u017ei\u0173, si\u016blome rinktis didesn\u012f. Kvie\u010diame pasinaudoti DYD\u017dI\u0172 GIDU apa\u010dioje, kad pasirinktum\u0117te tinkamiausi\u0105 dyd\u012f.  Pirkdami m\u016bs\u0173 produktus, skiriate 2% laukini\u0173 an\u010di\u0173 ir j\u0173 aplinkos i\u0161saugojimui Lietuvoje ir mes esame jums u\u017e tai labai d\u0117kingi!\" \/>\n<meta name=\"robots\" content=\"index, follow, max-snippet:-1, max-image-preview:large, max-video-preview:-1\" \/>\n<link rel=\"canonical\" href=\"https:\/\/ducktail.eu\/lt\/shop\/zalsvas-city-lietpaltis-tvarios-medziagos\/\" \/>\n<meta property=\"og:locale\" content=\"lt_LT\" \/>\n<meta property=\"og:type\" content=\"article\" \/>\n<meta property=\"og:title\" content=\"\u017dALSVAS CITY LIETPALTIS - tvarios med\u017eiagos - Ducktail Rainwear\" \/>\n<meta property=\"og:description\" content=\"Unisex City lietpaltis yra pagamintas i\u0161 lietui ir v\u0117jui atsparaus, orui pralaidaus perdirbto poliesterio, ir \u0161velnaus perdirbto pamu\u0161alo viduje. Lietpaltis turi \u0161vies\u0105 atspindin\u010dius rai\u0161telius ir unikali\u0105 dvipus\u0119 nusegam\u0105 uodeg\u0105. Tik viena uodegos pus\u0117 atspindi \u0161vies\u0105. Lietpaltis yra ypatingai lengvas (0.8 kg).  Atsparumas dr\u0117gmei 10.000 mm, si\u016bl\u0117s laminuotos.  Modelis nuotraukoje yra 184 cm \u016bgio ir d\u0117vi dyd\u012f M.  Sukurta ir pagaminta Vilniuje, Lietuvoje. Siun\u010diame prekes visame pasaulyje.  Lietpaltis yra unisex dizaino. Tur\u0117kite omeny, kad nurodyti dyd\u017eiai yra vyri\u0161ki. Vyrams \u2013 lietpaltis atitinka standartinius dyd\u017eius, renkantis tarp dviej\u0173 dyd\u017ei\u0173, si\u016blome rinktis didesn\u012f. Kvie\u010diame pasinaudoti DYD\u017dI\u0172 GIDU apa\u010dioje, kad pasirinktum\u0117te tinkamiausi\u0105 dyd\u012f.  Pirkdami m\u016bs\u0173 produktus, skiriate 2% laukini\u0173 an\u010di\u0173 ir j\u0173 aplinkos i\u0161saugojimui Lietuvoje ir mes esame jums u\u017e tai labai d\u0117kingi!\" \/>\n<meta property=\"og:url\" content=\"https:\/\/ducktail.eu\/lt\/shop\/zalsvas-city-lietpaltis-tvarios-medziagos\/\" \/>\n<meta property=\"og:site_name\" content=\"Ducktail Rainwear\" \/>\n<meta property=\"article:modified_time\" content=\"2025-12-02T22:33:47+00:00\" \/>\n<meta property=\"og:image\" content=\"https:\/\/ducktail.eu\/wp-content\/uploads\/2022\/08\/Raincoat-4-scaled.jpg\" \/>\n\t<meta property=\"og:image:width\" content=\"1707\" \/>\n\t<meta property=\"og:image:height\" content=\"2560\" \/>\n\t<meta property=\"og:image:type\" content=\"image\/jpeg\" \/>\n<meta name=\"twitter:card\" content=\"summary_large_image\" \/>\n<meta name=\"twitter:label1\" content=\"Est. reading time\" \/>\n\t<meta name=\"twitter:data1\" content=\"1 minut\u0117\" \/>\n<script type=\"application\/ld+json\" class=\"yoast-schema-graph\">{\"@context\":\"https:\\\/\\\/schema.org\",\"@graph\":[{\"@type\":\"WebPage\",\"@id\":\"https:\\\/\\\/ducktail.eu\\\/lt\\\/shop\\\/zalsvas-city-lietpaltis-tvarios-medziagos\\\/\",\"url\":\"https:\\\/\\\/ducktail.eu\\\/lt\\\/shop\\\/zalsvas-city-lietpaltis-tvarios-medziagos\\\/\",\"name\":\"\u017dALSVAS CITY LIETPALTIS - tvarios med\u017eiagos - Ducktail Rainwear\",\"isPartOf\":{\"@id\":\"https:\\\/\\\/ducktail.eu\\\/de\\\/#website\"},\"primaryImageOfPage\":{\"@id\":\"https:\\\/\\\/ducktail.eu\\\/lt\\\/shop\\\/zalsvas-city-lietpaltis-tvarios-medziagos\\\/#primaryimage\"},\"image\":{\"@id\":\"https:\\\/\\\/ducktail.eu\\\/lt\\\/shop\\\/zalsvas-city-lietpaltis-tvarios-medziagos\\\/#primaryimage\"},\"thumbnailUrl\":\"https:\\\/\\\/ducktail.eu\\\/wp-content\\\/uploads\\\/2022\\\/08\\\/Raincoat-4-scaled.jpg\",\"datePublished\":\"2022-06-06T23:50:51+00:00\",\"dateModified\":\"2025-12-02T22:33:47+00:00\",\"description\":\"Unisex City lietpaltis yra pagamintas i\u0161 lietui ir v\u0117jui atsparaus, orui pralaidaus perdirbto poliesterio, ir \u0161velnaus perdirbto pamu\u0161alo viduje. Lietpaltis turi \u0161vies\u0105 atspindin\u010dius rai\u0161telius ir unikali\u0105 dvipus\u0119 nusegam\u0105 uodeg\u0105. Tik viena uodegos pus\u0117 atspindi \u0161vies\u0105. Lietpaltis yra ypatingai lengvas (0.8 kg). Atsparumas dr\u0117gmei 10.000 mm, si\u016bl\u0117s laminuotos. Modelis nuotraukoje yra 184 cm \u016bgio ir d\u0117vi dyd\u012f M. Sukurta ir pagaminta Vilniuje, Lietuvoje. Siun\u010diame prekes visame pasaulyje. Lietpaltis yra unisex dizaino. Tur\u0117kite omeny, kad nurodyti dyd\u017eiai yra vyri\u0161ki. Vyrams \u2013 lietpaltis atitinka standartinius dyd\u017eius, renkantis tarp dviej\u0173 dyd\u017ei\u0173, si\u016blome rinktis didesn\u012f. Kvie\u010diame pasinaudoti DYD\u017dI\u0172 GIDU apa\u010dioje, kad pasirinktum\u0117te tinkamiausi\u0105 dyd\u012f. Pirkdami m\u016bs\u0173 produktus, skiriate 2% laukini\u0173 an\u010di\u0173 ir j\u0173 aplinkos i\u0161saugojimui Lietuvoje ir mes esame jums u\u017e tai labai d\u0117kingi!\",\"breadcrumb\":{\"@id\":\"https:\\\/\\\/ducktail.eu\\\/lt\\\/shop\\\/zalsvas-city-lietpaltis-tvarios-medziagos\\\/#breadcrumb\"},\"inLanguage\":\"lt-LT\",\"potentialAction\":[{\"@type\":\"ReadAction\",\"target\":[\"https:\\\/\\\/ducktail.eu\\\/lt\\\/shop\\\/zalsvas-city-lietpaltis-tvarios-medziagos\\\/\"]}]},{\"@type\":\"ImageObject\",\"inLanguage\":\"lt-LT\",\"@id\":\"https:\\\/\\\/ducktail.eu\\\/lt\\\/shop\\\/zalsvas-city-lietpaltis-tvarios-medziagos\\\/#primaryimage\",\"url\":\"https:\\\/\\\/ducktail.eu\\\/wp-content\\\/uploads\\\/2022\\\/08\\\/Raincoat-4-scaled.jpg\",\"contentUrl\":\"https:\\\/\\\/ducktail.eu\\\/wp-content\\\/uploads\\\/2022\\\/08\\\/Raincoat-4-scaled.jpg\",\"width\":1707,\"height\":2560},{\"@type\":\"BreadcrumbList\",\"@id\":\"https:\\\/\\\/ducktail.eu\\\/lt\\\/shop\\\/zalsvas-city-lietpaltis-tvarios-medziagos\\\/#breadcrumb\",\"itemListElement\":[{\"@type\":\"ListItem\",\"position\":1,\"name\":\"Home\",\"item\":\"https:\\\/\\\/ducktail.eu\\\/lt\\\/\"},{\"@type\":\"ListItem\",\"position\":2,\"name\":\"Parduotuv\u0117\",\"item\":\"https:\\\/\\\/ducktail.eu\\\/lt\\\/parduotuve\\\/\"},{\"@type\":\"ListItem\",\"position\":3,\"name\":\"\u017dALSVAS CITY LIETPALTIS &#8211; tvarios med\u017eiagos\"}]},{\"@type\":\"WebSite\",\"@id\":\"https:\\\/\\\/ducktail.eu\\\/de\\\/#website\",\"url\":\"https:\\\/\\\/ducktail.eu\\\/de\\\/\",\"name\":\"Ducktail Rainwear\",\"description\":\"Ducktail.eu\",\"potentialAction\":[{\"@type\":\"SearchAction\",\"target\":{\"@type\":\"EntryPoint\",\"urlTemplate\":\"https:\\\/\\\/ducktail.eu\\\/de\\\/?s={search_term_string}\"},\"query-input\":{\"@type\":\"PropertyValueSpecification\",\"valueRequired\":true,\"valueName\":\"search_term_string\"}}],\"inLanguage\":\"lt-LT\"}]}<\/script>\n<!-- \/ Yoast SEO plugin. -->","yoast_head_json":{"title":"\u017dALSVAS CITY LIETPALTIS - tvarios med\u017eiagos - Ducktail Rainwear","description":"Unisex City lietpaltis yra pagamintas i\u0161 lietui ir v\u0117jui atsparaus, orui pralaidaus perdirbto poliesterio, ir \u0161velnaus perdirbto pamu\u0161alo viduje. Lietpaltis turi \u0161vies\u0105 atspindin\u010dius rai\u0161telius ir unikali\u0105 dvipus\u0119 nusegam\u0105 uodeg\u0105. Tik viena uodegos pus\u0117 atspindi \u0161vies\u0105. Lietpaltis yra ypatingai lengvas (0.8 kg).  Atsparumas dr\u0117gmei 10.000 mm, si\u016bl\u0117s laminuotos.  Modelis nuotraukoje yra 184 cm \u016bgio ir d\u0117vi dyd\u012f M.  Sukurta ir pagaminta Vilniuje, Lietuvoje. Siun\u010diame prekes visame pasaulyje.  Lietpaltis yra unisex dizaino. Tur\u0117kite omeny, kad nurodyti dyd\u017eiai yra vyri\u0161ki. Vyrams \u2013 lietpaltis atitinka standartinius dyd\u017eius, renkantis tarp dviej\u0173 dyd\u017ei\u0173, si\u016blome rinktis didesn\u012f. Kvie\u010diame pasinaudoti DYD\u017dI\u0172 GIDU apa\u010dioje, kad pasirinktum\u0117te tinkamiausi\u0105 dyd\u012f.  Pirkdami m\u016bs\u0173 produktus, skiriate 2% laukini\u0173 an\u010di\u0173 ir j\u0173 aplinkos i\u0161saugojimui Lietuvoje ir mes esame jums u\u017e tai labai d\u0117kingi!","robots":{"index":"index","follow":"follow","max-snippet":"max-snippet:-1","max-image-preview":"max-image-preview:large","max-video-preview":"max-video-preview:-1"},"canonical":"https:\/\/ducktail.eu\/lt\/shop\/zalsvas-city-lietpaltis-tvarios-medziagos\/","og_locale":"lt_LT","og_type":"article","og_title":"\u017dALSVAS CITY LIETPALTIS - tvarios med\u017eiagos - Ducktail Rainwear","og_description":"Unisex City lietpaltis yra pagamintas i\u0161 lietui ir v\u0117jui atsparaus, orui pralaidaus perdirbto poliesterio, ir \u0161velnaus perdirbto pamu\u0161alo viduje. Lietpaltis turi \u0161vies\u0105 atspindin\u010dius rai\u0161telius ir unikali\u0105 dvipus\u0119 nusegam\u0105 uodeg\u0105. Tik viena uodegos pus\u0117 atspindi \u0161vies\u0105. Lietpaltis yra ypatingai lengvas (0.8 kg).  Atsparumas dr\u0117gmei 10.000 mm, si\u016bl\u0117s laminuotos.  Modelis nuotraukoje yra 184 cm \u016bgio ir d\u0117vi dyd\u012f M.  Sukurta ir pagaminta Vilniuje, Lietuvoje. Siun\u010diame prekes visame pasaulyje.  Lietpaltis yra unisex dizaino. Tur\u0117kite omeny, kad nurodyti dyd\u017eiai yra vyri\u0161ki. Vyrams \u2013 lietpaltis atitinka standartinius dyd\u017eius, renkantis tarp dviej\u0173 dyd\u017ei\u0173, si\u016blome rinktis didesn\u012f. Kvie\u010diame pasinaudoti DYD\u017dI\u0172 GIDU apa\u010dioje, kad pasirinktum\u0117te tinkamiausi\u0105 dyd\u012f.  Pirkdami m\u016bs\u0173 produktus, skiriate 2% laukini\u0173 an\u010di\u0173 ir j\u0173 aplinkos i\u0161saugojimui Lietuvoje ir mes esame jums u\u017e tai labai d\u0117kingi!","og_url":"https:\/\/ducktail.eu\/lt\/shop\/zalsvas-city-lietpaltis-tvarios-medziagos\/","og_site_name":"Ducktail Rainwear","article_modified_time":"2025-12-02T22:33:47+00:00","og_image":[{"width":1707,"height":2560,"url":"https:\/\/ducktail.eu\/wp-content\/uploads\/2022\/08\/Raincoat-4-scaled.jpg","type":"image\/jpeg"}],"twitter_card":"summary_large_image","twitter_misc":{"Est. reading time":"1 minut\u0117"},"schema":{"@context":"https:\/\/schema.org","@graph":[{"@type":"WebPage","@id":"https:\/\/ducktail.eu\/lt\/shop\/zalsvas-city-lietpaltis-tvarios-medziagos\/","url":"https:\/\/ducktail.eu\/lt\/shop\/zalsvas-city-lietpaltis-tvarios-medziagos\/","name":"\u017dALSVAS CITY LIETPALTIS - tvarios med\u017eiagos - Ducktail Rainwear","isPartOf":{"@id":"https:\/\/ducktail.eu\/de\/#website"},"primaryImageOfPage":{"@id":"https:\/\/ducktail.eu\/lt\/shop\/zalsvas-city-lietpaltis-tvarios-medziagos\/#primaryimage"},"image":{"@id":"https:\/\/ducktail.eu\/lt\/shop\/zalsvas-city-lietpaltis-tvarios-medziagos\/#primaryimage"},"thumbnailUrl":"https:\/\/ducktail.eu\/wp-content\/uploads\/2022\/08\/Raincoat-4-scaled.jpg","datePublished":"2022-06-06T23:50:51+00:00","dateModified":"2025-12-02T22:33:47+00:00","description":"Unisex City lietpaltis yra pagamintas i\u0161 lietui ir v\u0117jui atsparaus, orui pralaidaus perdirbto poliesterio, ir \u0161velnaus perdirbto pamu\u0161alo viduje. Lietpaltis turi \u0161vies\u0105 atspindin\u010dius rai\u0161telius ir unikali\u0105 dvipus\u0119 nusegam\u0105 uodeg\u0105. Tik viena uodegos pus\u0117 atspindi \u0161vies\u0105. Lietpaltis yra ypatingai lengvas (0.8 kg). Atsparumas dr\u0117gmei 10.000 mm, si\u016bl\u0117s laminuotos. Modelis nuotraukoje yra 184 cm \u016bgio ir d\u0117vi dyd\u012f M. Sukurta ir pagaminta Vilniuje, Lietuvoje. Siun\u010diame prekes visame pasaulyje. Lietpaltis yra unisex dizaino. Tur\u0117kite omeny, kad nurodyti dyd\u017eiai yra vyri\u0161ki. Vyrams \u2013 lietpaltis atitinka standartinius dyd\u017eius, renkantis tarp dviej\u0173 dyd\u017ei\u0173, si\u016blome rinktis didesn\u012f. Kvie\u010diame pasinaudoti DYD\u017dI\u0172 GIDU apa\u010dioje, kad pasirinktum\u0117te tinkamiausi\u0105 dyd\u012f. Pirkdami m\u016bs\u0173 produktus, skiriate 2% laukini\u0173 an\u010di\u0173 ir j\u0173 aplinkos i\u0161saugojimui Lietuvoje ir mes esame jums u\u017e tai labai d\u0117kingi!","breadcrumb":{"@id":"https:\/\/ducktail.eu\/lt\/shop\/zalsvas-city-lietpaltis-tvarios-medziagos\/#breadcrumb"},"inLanguage":"lt-LT","potentialAction":[{"@type":"ReadAction","target":["https:\/\/ducktail.eu\/lt\/shop\/zalsvas-city-lietpaltis-tvarios-medziagos\/"]}]},{"@type":"ImageObject","inLanguage":"lt-LT","@id":"https:\/\/ducktail.eu\/lt\/shop\/zalsvas-city-lietpaltis-tvarios-medziagos\/#primaryimage","url":"https:\/\/ducktail.eu\/wp-content\/uploads\/2022\/08\/Raincoat-4-scaled.jpg","contentUrl":"https:\/\/ducktail.eu\/wp-content\/uploads\/2022\/08\/Raincoat-4-scaled.jpg","width":1707,"height":2560},{"@type":"BreadcrumbList","@id":"https:\/\/ducktail.eu\/lt\/shop\/zalsvas-city-lietpaltis-tvarios-medziagos\/#breadcrumb","itemListElement":[{"@type":"ListItem","position":1,"name":"Home","item":"https:\/\/ducktail.eu\/lt\/"},{"@type":"ListItem","position":2,"name":"Parduotuv\u0117","item":"https:\/\/ducktail.eu\/lt\/parduotuve\/"},{"@type":"ListItem","position":3,"name":"\u017dALSVAS CITY LIETPALTIS &#8211; tvarios med\u017eiagos"}]},{"@type":"WebSite","@id":"https:\/\/ducktail.eu\/de\/#website","url":"https:\/\/ducktail.eu\/de\/","name":"Ducktail Rainwear","description":"Ducktail.eu","potentialAction":[{"@type":"SearchAction","target":{"@type":"EntryPoint","urlTemplate":"https:\/\/ducktail.eu\/de\/?s={search_term_string}"},"query-input":{"@type":"PropertyValueSpecification","valueRequired":true,"valueName":"search_term_string"}}],"inLanguage":"lt-LT"}]}},"_links":{"self":[{"href":"https:\/\/ducktail.eu\/lt\/wp-json\/wp\/v2\/product\/65743","targetHints":{"allow":["GET"]}}],"collection":[{"href":"https:\/\/ducktail.eu\/lt\/wp-json\/wp\/v2\/product"}],"about":[{"href":"https:\/\/ducktail.eu\/lt\/wp-json\/wp\/v2\/types\/product"}],"replies":[{"embeddable":true,"href":"https:\/\/ducktail.eu\/lt\/wp-json\/wp\/v2\/comments?post=65743"}],"wp:featuredmedia":[{"embeddable":true,"href":"https:\/\/ducktail.eu\/lt\/wp-json\/wp\/v2\/media\/69150"}],"wp:attachment":[{"href":"https:\/\/ducktail.eu\/lt\/wp-json\/wp\/v2\/media?parent=65743"}],"wp:term":[{"taxonomy":"product_brand","embeddable":true,"href":"https:\/\/ducktail.eu\/lt\/wp-json\/wp\/v2\/product_brand?post=65743"},{"taxonomy":"product_cat","embeddable":true,"href":"https:\/\/ducktail.eu\/lt\/wp-json\/wp\/v2\/product_cat?post=65743"},{"taxonomy":"product_tag","embeddable":true,"href":"https:\/\/ducktail.eu\/lt\/wp-json\/wp\/v2\/product_tag?post=65743"}],"curies":[{"name":"wp","href":"https:\/\/api.w.org\/{rel}","templated":true}]}}