{"id":66323,"date":"2022-06-07T21:45:18","date_gmt":"2022-06-07T18:45:18","guid":{"rendered":"https:\/\/ducktail.eu\/?post_type=product&#038;p=66323"},"modified":"2026-01-15T05:10:05","modified_gmt":"2026-01-15T03:10:05","slug":"juodas-marila-lietpaltis-tvarios-medziagos","status":"publish","type":"product","link":"https:\/\/ducktail.eu\/lt\/shop\/juodas-marila-lietpaltis-tvarios-medziagos\/","title":{"rendered":"JUODAS MARILA LIETPALTIS &#8211; tvarios med\u017eiagos"},"content":{"rendered":"<p><strong>MED\u017dIAGA<\/strong><\/p>\n<p>I\u0161or\u0117 \u2013 100 % perdirbtas poliesteris; detal\u0117s \u2013 at\u0161vaitas; pamu\u0161alas \u2013 45 % viskoz\u0117, 55 % perdirbtas poliesteris.<\/p>\n<p><strong>PRIE\u017dI\u016aRA<\/strong><\/p>\n<p>Skalbti rankomis; lyginimas \u2013 i\u0161or\u0117 (iki 110\u00b0C), at\u0161vaitas (negalima lyginti); galimas sausas valymas; d\u017eiovinimas d\u017eiovykl\u0117je normalioje temperat\u016broje; nebalinti. Geriausias b\u016bdas pa\u0161alinti smulkius ne\u0161varumus \u2013 valyti d\u0117mes dr\u0117gna \u0161luoste (prireikus galima naudoti ir muil\u0105) ir palikti produkt\u0105 i\u0161d\u017ei\u016bti nat\u016braliai.<\/p>\n<p>*D\u0117l skirting\u0173 monitori\u0173 atvaizdavimo nustatym\u0173 lietpal\u010di\u0173 spalv\u0173 intensyvumas realyb\u0117je gali skirtis.<\/p>\n<p>Ra\u0161ykite \u017einut\u0119 jei turite klausim\u0173, abejoni\u0173 ar pasi\u016blym\u0173.<\/p>\n","protected":false},"excerpt":{"rendered":"<p>Unisex Marila lietpaltis yra \u201coversized\u201d \u2013 padidinto dyd\u017eio modelis, pagamintas i\u0161 lietui ir v\u0117jui atsparaus, bei orui pralaidaus perdirbto poliesterio ir \u0161velnaus perdirbto pamu\u0161alo viduje. Lietpaltis turi keturias dideles priekines ki\u0161enes ir vien\u0105 ma\u017e\u0105 rankov\u0117s ki\u0161en\u0119 su unikaliu Ducktail Rainwear origami logotipu. Lietpaltis pasi\u017eymi funkcionaliomis detal\u0117mis, kaip \u0161vies\u0105 atspindintis reguliuojamo gobtuvo snapelis ir nugaros skeltukas, auk\u0161ta apykakl\u0117 su nusegama kauke bei reguliuojami metaliniai \u017eiedai. Lietpaltis yra ypatingai lengvas (1.25 kg).<\/p>\n<p>Atsparumas dr\u0117gmei 10.000 mm, si\u016bl\u0117s laminuotos.<\/p>\n<p>Modelis nuotraukoje yra 184 cm \u016bgio ir d\u0117vi dyd\u012f <strong>M<\/strong>.<\/p>\n<p>Sukurta ir pagaminta Vilniuje, Lietuvoje.<br \/>\nSiun\u010diame prekes visame pasaulyje.<\/p>\n<p><strong>Lietpaltis yra unisex dizaino. Tur\u0117kite omeny, kad nurodyti dyd\u017eiai yra vyri\u0161ki. Vyrams \u2013 lietpaltis atitinka standartinius dyd\u017eius, renkantis tarp dviej\u0173 dyd\u017ei\u0173, si\u016blome rinktis didesn\u012f. Kvie\u010diame pasinaudoti DYD\u017dI\u0172 GIDU apa\u010dioje, kad pasirinktum\u0117te tinkamiausi\u0105 dyd\u012f.<\/strong><\/p>\n<p><span style=\"color: #3c9158;\"><strong>Pirkdami m\u016bs\u0173 produktus, skiriate 2% laukini\u0173 an\u010di\u0173 ir j\u0173 aplinkos i\u0161saugojimui Lietuvoje ir mes esame jums u\u017e tai labai d\u0117kingi!<\/strong><\/span><\/p>\n","protected":false},"featured_media":69363,"comment_status":"open","ping_status":"closed","template":"","meta":[],"product_brand":[],"product_cat":[427],"product_tag":[],"class_list":{"0":"post-66323","1":"product","2":"type-product","3":"status-publish","4":"has-post-thumbnail","6":"product_cat-men-lt","7":"shop-item","8":"isotope-item","10":"first","11":"instock","12":"featured","13":"shipping-taxable","14":"purchasable","15":"product-type-variable"},"yoast_head":"<!-- This site is optimized with the Yoast SEO plugin v27.3 - https:\/\/yoast.com\/product\/yoast-seo-wordpress\/ -->\n<title>JUODAS MARILA LIETPALTIS - tvarios med\u017eiagos - Ducktail Rainwear<\/title>\n<meta name=\"description\" content=\"Unisex Marila lietpaltis yra \u201coversized\u201d \u2013 padidinto dyd\u017eio modelis, pagamintas i\u0161 lietui ir v\u0117jui atsparaus, bei orui pralaidaus perdirbto poliesterio ir \u0161velnaus perdirbto pamu\u0161alo viduje. Lietpaltis turi keturias dideles priekines ki\u0161enes ir vien\u0105 ma\u017e\u0105 rankov\u0117s ki\u0161en\u0119 su unikaliu Ducktail Rainwear origami logotipu. Lietpaltis pasi\u017eymi funkcionaliomis detal\u0117mis, kaip \u0161vies\u0105 atspindintis reguliuojamo gobtuvo snapelis ir nugaros skeltukas, auk\u0161ta apykakl\u0117 su nusegama kauke bei reguliuojami metaliniai \u017eiedai. Lietpaltis yra ypatingai lengvas (1.25 kg).  Atsparumas dr\u0117gmei 10.000 mm, si\u016bl\u0117s laminuotos.  Modelis nuotraukoje yra 184 cm \u016bgio ir d\u0117vi dyd\u012f M.  Sukurta ir pagaminta Vilniuje, Lietuvoje. Siun\u010diame prekes visame pasaulyje.  Lietpaltis yra unisex dizaino. Tur\u0117kite omeny, kad nurodyti dyd\u017eiai yra vyri\u0161ki. Vyrams \u2013 lietpaltis atitinka standartinius dyd\u017eius, renkantis tarp dviej\u0173 dyd\u017ei\u0173, si\u016blome rinktis didesn\u012f. Kvie\u010diame pasinaudoti DYD\u017dI\u0172 GIDU apa\u010dioje, kad pasirinktum\u0117te tinkamiausi\u0105 dyd\u012f.  Pirkdami m\u016bs\u0173 produktus, skiriate 2% laukini\u0173 an\u010di\u0173 ir j\u0173 aplinkos i\u0161saugojimui Lietuvoje ir mes esame jums u\u017e tai labai d\u0117kingi!\" \/>\n<meta name=\"robots\" content=\"index, follow, max-snippet:-1, max-image-preview:large, max-video-preview:-1\" \/>\n<link rel=\"canonical\" href=\"https:\/\/ducktail.eu\/lt\/shop\/juodas-marila-lietpaltis-tvarios-medziagos\/\" \/>\n<meta property=\"og:locale\" content=\"lt_LT\" \/>\n<meta property=\"og:type\" content=\"article\" \/>\n<meta property=\"og:title\" content=\"JUODAS MARILA LIETPALTIS - tvarios med\u017eiagos - Ducktail Rainwear\" \/>\n<meta property=\"og:description\" content=\"Unisex Marila lietpaltis yra \u201coversized\u201d \u2013 padidinto dyd\u017eio modelis, pagamintas i\u0161 lietui ir v\u0117jui atsparaus, bei orui pralaidaus perdirbto poliesterio ir \u0161velnaus perdirbto pamu\u0161alo viduje. Lietpaltis turi keturias dideles priekines ki\u0161enes ir vien\u0105 ma\u017e\u0105 rankov\u0117s ki\u0161en\u0119 su unikaliu Ducktail Rainwear origami logotipu. Lietpaltis pasi\u017eymi funkcionaliomis detal\u0117mis, kaip \u0161vies\u0105 atspindintis reguliuojamo gobtuvo snapelis ir nugaros skeltukas, auk\u0161ta apykakl\u0117 su nusegama kauke bei reguliuojami metaliniai \u017eiedai. Lietpaltis yra ypatingai lengvas (1.25 kg).  Atsparumas dr\u0117gmei 10.000 mm, si\u016bl\u0117s laminuotos.  Modelis nuotraukoje yra 184 cm \u016bgio ir d\u0117vi dyd\u012f M.  Sukurta ir pagaminta Vilniuje, Lietuvoje. Siun\u010diame prekes visame pasaulyje.  Lietpaltis yra unisex dizaino. Tur\u0117kite omeny, kad nurodyti dyd\u017eiai yra vyri\u0161ki. Vyrams \u2013 lietpaltis atitinka standartinius dyd\u017eius, renkantis tarp dviej\u0173 dyd\u017ei\u0173, si\u016blome rinktis didesn\u012f. Kvie\u010diame pasinaudoti DYD\u017dI\u0172 GIDU apa\u010dioje, kad pasirinktum\u0117te tinkamiausi\u0105 dyd\u012f.  Pirkdami m\u016bs\u0173 produktus, skiriate 2% laukini\u0173 an\u010di\u0173 ir j\u0173 aplinkos i\u0161saugojimui Lietuvoje ir mes esame jums u\u017e tai labai d\u0117kingi!\" \/>\n<meta property=\"og:url\" content=\"https:\/\/ducktail.eu\/lt\/shop\/juodas-marila-lietpaltis-tvarios-medziagos\/\" \/>\n<meta property=\"og:site_name\" content=\"Ducktail Rainwear\" \/>\n<meta property=\"article:modified_time\" content=\"2026-01-15T03:10:05+00:00\" \/>\n<meta property=\"og:image\" content=\"https:\/\/ducktail.eu\/wp-content\/uploads\/2022\/08\/Raincoat-56-scaled.jpg\" \/>\n\t<meta property=\"og:image:width\" content=\"1706\" \/>\n\t<meta property=\"og:image:height\" content=\"2560\" \/>\n\t<meta property=\"og:image:type\" content=\"image\/jpeg\" \/>\n<meta name=\"twitter:card\" content=\"summary_large_image\" \/>\n<meta name=\"twitter:label1\" content=\"Est. reading time\" \/>\n\t<meta name=\"twitter:data1\" content=\"1 minut\u0117\" \/>\n<script type=\"application\/ld+json\" class=\"yoast-schema-graph\">{\"@context\":\"https:\\\/\\\/schema.org\",\"@graph\":[{\"@type\":\"WebPage\",\"@id\":\"https:\\\/\\\/ducktail.eu\\\/lt\\\/shop\\\/juodas-marila-lietpaltis-tvarios-medziagos\\\/\",\"url\":\"https:\\\/\\\/ducktail.eu\\\/lt\\\/shop\\\/juodas-marila-lietpaltis-tvarios-medziagos\\\/\",\"name\":\"JUODAS MARILA LIETPALTIS - tvarios med\u017eiagos - Ducktail Rainwear\",\"isPartOf\":{\"@id\":\"https:\\\/\\\/ducktail.eu\\\/de\\\/#website\"},\"primaryImageOfPage\":{\"@id\":\"https:\\\/\\\/ducktail.eu\\\/lt\\\/shop\\\/juodas-marila-lietpaltis-tvarios-medziagos\\\/#primaryimage\"},\"image\":{\"@id\":\"https:\\\/\\\/ducktail.eu\\\/lt\\\/shop\\\/juodas-marila-lietpaltis-tvarios-medziagos\\\/#primaryimage\"},\"thumbnailUrl\":\"https:\\\/\\\/ducktail.eu\\\/wp-content\\\/uploads\\\/2022\\\/08\\\/Raincoat-56-scaled.jpg\",\"datePublished\":\"2022-06-07T18:45:18+00:00\",\"dateModified\":\"2026-01-15T03:10:05+00:00\",\"description\":\"Unisex Marila lietpaltis yra \u201coversized\u201d \u2013 padidinto dyd\u017eio modelis, pagamintas i\u0161 lietui ir v\u0117jui atsparaus, bei orui pralaidaus perdirbto poliesterio ir \u0161velnaus perdirbto pamu\u0161alo viduje. Lietpaltis turi keturias dideles priekines ki\u0161enes ir vien\u0105 ma\u017e\u0105 rankov\u0117s ki\u0161en\u0119 su unikaliu Ducktail Rainwear origami logotipu. Lietpaltis pasi\u017eymi funkcionaliomis detal\u0117mis, kaip \u0161vies\u0105 atspindintis reguliuojamo gobtuvo snapelis ir nugaros skeltukas, auk\u0161ta apykakl\u0117 su nusegama kauke bei reguliuojami metaliniai \u017eiedai. Lietpaltis yra ypatingai lengvas (1.25 kg). Atsparumas dr\u0117gmei 10.000 mm, si\u016bl\u0117s laminuotos. Modelis nuotraukoje yra 184 cm \u016bgio ir d\u0117vi dyd\u012f M. Sukurta ir pagaminta Vilniuje, Lietuvoje. Siun\u010diame prekes visame pasaulyje. Lietpaltis yra unisex dizaino. Tur\u0117kite omeny, kad nurodyti dyd\u017eiai yra vyri\u0161ki. Vyrams \u2013 lietpaltis atitinka standartinius dyd\u017eius, renkantis tarp dviej\u0173 dyd\u017ei\u0173, si\u016blome rinktis didesn\u012f. Kvie\u010diame pasinaudoti DYD\u017dI\u0172 GIDU apa\u010dioje, kad pasirinktum\u0117te tinkamiausi\u0105 dyd\u012f. Pirkdami m\u016bs\u0173 produktus, skiriate 2% laukini\u0173 an\u010di\u0173 ir j\u0173 aplinkos i\u0161saugojimui Lietuvoje ir mes esame jums u\u017e tai labai d\u0117kingi!\",\"breadcrumb\":{\"@id\":\"https:\\\/\\\/ducktail.eu\\\/lt\\\/shop\\\/juodas-marila-lietpaltis-tvarios-medziagos\\\/#breadcrumb\"},\"inLanguage\":\"lt-LT\",\"potentialAction\":[{\"@type\":\"ReadAction\",\"target\":[\"https:\\\/\\\/ducktail.eu\\\/lt\\\/shop\\\/juodas-marila-lietpaltis-tvarios-medziagos\\\/\"]}]},{\"@type\":\"ImageObject\",\"inLanguage\":\"lt-LT\",\"@id\":\"https:\\\/\\\/ducktail.eu\\\/lt\\\/shop\\\/juodas-marila-lietpaltis-tvarios-medziagos\\\/#primaryimage\",\"url\":\"https:\\\/\\\/ducktail.eu\\\/wp-content\\\/uploads\\\/2022\\\/08\\\/Raincoat-56-scaled.jpg\",\"contentUrl\":\"https:\\\/\\\/ducktail.eu\\\/wp-content\\\/uploads\\\/2022\\\/08\\\/Raincoat-56-scaled.jpg\",\"width\":1706,\"height\":2560},{\"@type\":\"BreadcrumbList\",\"@id\":\"https:\\\/\\\/ducktail.eu\\\/lt\\\/shop\\\/juodas-marila-lietpaltis-tvarios-medziagos\\\/#breadcrumb\",\"itemListElement\":[{\"@type\":\"ListItem\",\"position\":1,\"name\":\"Home\",\"item\":\"https:\\\/\\\/ducktail.eu\\\/lt\\\/\"},{\"@type\":\"ListItem\",\"position\":2,\"name\":\"Parduotuv\u0117\",\"item\":\"https:\\\/\\\/ducktail.eu\\\/lt\\\/parduotuve\\\/\"},{\"@type\":\"ListItem\",\"position\":3,\"name\":\"JUODAS MARILA LIETPALTIS &#8211; tvarios med\u017eiagos\"}]},{\"@type\":\"WebSite\",\"@id\":\"https:\\\/\\\/ducktail.eu\\\/de\\\/#website\",\"url\":\"https:\\\/\\\/ducktail.eu\\\/de\\\/\",\"name\":\"Ducktail Rainwear\",\"description\":\"Ducktail.eu\",\"potentialAction\":[{\"@type\":\"SearchAction\",\"target\":{\"@type\":\"EntryPoint\",\"urlTemplate\":\"https:\\\/\\\/ducktail.eu\\\/de\\\/?s={search_term_string}\"},\"query-input\":{\"@type\":\"PropertyValueSpecification\",\"valueRequired\":true,\"valueName\":\"search_term_string\"}}],\"inLanguage\":\"lt-LT\"}]}<\/script>\n<!-- \/ Yoast SEO plugin. -->","yoast_head_json":{"title":"JUODAS MARILA LIETPALTIS - tvarios med\u017eiagos - Ducktail Rainwear","description":"Unisex Marila lietpaltis yra \u201coversized\u201d \u2013 padidinto dyd\u017eio modelis, pagamintas i\u0161 lietui ir v\u0117jui atsparaus, bei orui pralaidaus perdirbto poliesterio ir \u0161velnaus perdirbto pamu\u0161alo viduje. Lietpaltis turi keturias dideles priekines ki\u0161enes ir vien\u0105 ma\u017e\u0105 rankov\u0117s ki\u0161en\u0119 su unikaliu Ducktail Rainwear origami logotipu. Lietpaltis pasi\u017eymi funkcionaliomis detal\u0117mis, kaip \u0161vies\u0105 atspindintis reguliuojamo gobtuvo snapelis ir nugaros skeltukas, auk\u0161ta apykakl\u0117 su nusegama kauke bei reguliuojami metaliniai \u017eiedai. Lietpaltis yra ypatingai lengvas (1.25 kg).  Atsparumas dr\u0117gmei 10.000 mm, si\u016bl\u0117s laminuotos.  Modelis nuotraukoje yra 184 cm \u016bgio ir d\u0117vi dyd\u012f M.  Sukurta ir pagaminta Vilniuje, Lietuvoje. Siun\u010diame prekes visame pasaulyje.  Lietpaltis yra unisex dizaino. Tur\u0117kite omeny, kad nurodyti dyd\u017eiai yra vyri\u0161ki. Vyrams \u2013 lietpaltis atitinka standartinius dyd\u017eius, renkantis tarp dviej\u0173 dyd\u017ei\u0173, si\u016blome rinktis didesn\u012f. Kvie\u010diame pasinaudoti DYD\u017dI\u0172 GIDU apa\u010dioje, kad pasirinktum\u0117te tinkamiausi\u0105 dyd\u012f.  Pirkdami m\u016bs\u0173 produktus, skiriate 2% laukini\u0173 an\u010di\u0173 ir j\u0173 aplinkos i\u0161saugojimui Lietuvoje ir mes esame jums u\u017e tai labai d\u0117kingi!","robots":{"index":"index","follow":"follow","max-snippet":"max-snippet:-1","max-image-preview":"max-image-preview:large","max-video-preview":"max-video-preview:-1"},"canonical":"https:\/\/ducktail.eu\/lt\/shop\/juodas-marila-lietpaltis-tvarios-medziagos\/","og_locale":"lt_LT","og_type":"article","og_title":"JUODAS MARILA LIETPALTIS - tvarios med\u017eiagos - Ducktail Rainwear","og_description":"Unisex Marila lietpaltis yra \u201coversized\u201d \u2013 padidinto dyd\u017eio modelis, pagamintas i\u0161 lietui ir v\u0117jui atsparaus, bei orui pralaidaus perdirbto poliesterio ir \u0161velnaus perdirbto pamu\u0161alo viduje. Lietpaltis turi keturias dideles priekines ki\u0161enes ir vien\u0105 ma\u017e\u0105 rankov\u0117s ki\u0161en\u0119 su unikaliu Ducktail Rainwear origami logotipu. Lietpaltis pasi\u017eymi funkcionaliomis detal\u0117mis, kaip \u0161vies\u0105 atspindintis reguliuojamo gobtuvo snapelis ir nugaros skeltukas, auk\u0161ta apykakl\u0117 su nusegama kauke bei reguliuojami metaliniai \u017eiedai. Lietpaltis yra ypatingai lengvas (1.25 kg).  Atsparumas dr\u0117gmei 10.000 mm, si\u016bl\u0117s laminuotos.  Modelis nuotraukoje yra 184 cm \u016bgio ir d\u0117vi dyd\u012f M.  Sukurta ir pagaminta Vilniuje, Lietuvoje. Siun\u010diame prekes visame pasaulyje.  Lietpaltis yra unisex dizaino. Tur\u0117kite omeny, kad nurodyti dyd\u017eiai yra vyri\u0161ki. Vyrams \u2013 lietpaltis atitinka standartinius dyd\u017eius, renkantis tarp dviej\u0173 dyd\u017ei\u0173, si\u016blome rinktis didesn\u012f. Kvie\u010diame pasinaudoti DYD\u017dI\u0172 GIDU apa\u010dioje, kad pasirinktum\u0117te tinkamiausi\u0105 dyd\u012f.  Pirkdami m\u016bs\u0173 produktus, skiriate 2% laukini\u0173 an\u010di\u0173 ir j\u0173 aplinkos i\u0161saugojimui Lietuvoje ir mes esame jums u\u017e tai labai d\u0117kingi!","og_url":"https:\/\/ducktail.eu\/lt\/shop\/juodas-marila-lietpaltis-tvarios-medziagos\/","og_site_name":"Ducktail Rainwear","article_modified_time":"2026-01-15T03:10:05+00:00","og_image":[{"width":1706,"height":2560,"url":"https:\/\/ducktail.eu\/wp-content\/uploads\/2022\/08\/Raincoat-56-scaled.jpg","type":"image\/jpeg"}],"twitter_card":"summary_large_image","twitter_misc":{"Est. reading time":"1 minut\u0117"},"schema":{"@context":"https:\/\/schema.org","@graph":[{"@type":"WebPage","@id":"https:\/\/ducktail.eu\/lt\/shop\/juodas-marila-lietpaltis-tvarios-medziagos\/","url":"https:\/\/ducktail.eu\/lt\/shop\/juodas-marila-lietpaltis-tvarios-medziagos\/","name":"JUODAS MARILA LIETPALTIS - tvarios med\u017eiagos - Ducktail Rainwear","isPartOf":{"@id":"https:\/\/ducktail.eu\/de\/#website"},"primaryImageOfPage":{"@id":"https:\/\/ducktail.eu\/lt\/shop\/juodas-marila-lietpaltis-tvarios-medziagos\/#primaryimage"},"image":{"@id":"https:\/\/ducktail.eu\/lt\/shop\/juodas-marila-lietpaltis-tvarios-medziagos\/#primaryimage"},"thumbnailUrl":"https:\/\/ducktail.eu\/wp-content\/uploads\/2022\/08\/Raincoat-56-scaled.jpg","datePublished":"2022-06-07T18:45:18+00:00","dateModified":"2026-01-15T03:10:05+00:00","description":"Unisex Marila lietpaltis yra \u201coversized\u201d \u2013 padidinto dyd\u017eio modelis, pagamintas i\u0161 lietui ir v\u0117jui atsparaus, bei orui pralaidaus perdirbto poliesterio ir \u0161velnaus perdirbto pamu\u0161alo viduje. Lietpaltis turi keturias dideles priekines ki\u0161enes ir vien\u0105 ma\u017e\u0105 rankov\u0117s ki\u0161en\u0119 su unikaliu Ducktail Rainwear origami logotipu. Lietpaltis pasi\u017eymi funkcionaliomis detal\u0117mis, kaip \u0161vies\u0105 atspindintis reguliuojamo gobtuvo snapelis ir nugaros skeltukas, auk\u0161ta apykakl\u0117 su nusegama kauke bei reguliuojami metaliniai \u017eiedai. Lietpaltis yra ypatingai lengvas (1.25 kg). Atsparumas dr\u0117gmei 10.000 mm, si\u016bl\u0117s laminuotos. Modelis nuotraukoje yra 184 cm \u016bgio ir d\u0117vi dyd\u012f M. Sukurta ir pagaminta Vilniuje, Lietuvoje. Siun\u010diame prekes visame pasaulyje. Lietpaltis yra unisex dizaino. Tur\u0117kite omeny, kad nurodyti dyd\u017eiai yra vyri\u0161ki. Vyrams \u2013 lietpaltis atitinka standartinius dyd\u017eius, renkantis tarp dviej\u0173 dyd\u017ei\u0173, si\u016blome rinktis didesn\u012f. Kvie\u010diame pasinaudoti DYD\u017dI\u0172 GIDU apa\u010dioje, kad pasirinktum\u0117te tinkamiausi\u0105 dyd\u012f. Pirkdami m\u016bs\u0173 produktus, skiriate 2% laukini\u0173 an\u010di\u0173 ir j\u0173 aplinkos i\u0161saugojimui Lietuvoje ir mes esame jums u\u017e tai labai d\u0117kingi!","breadcrumb":{"@id":"https:\/\/ducktail.eu\/lt\/shop\/juodas-marila-lietpaltis-tvarios-medziagos\/#breadcrumb"},"inLanguage":"lt-LT","potentialAction":[{"@type":"ReadAction","target":["https:\/\/ducktail.eu\/lt\/shop\/juodas-marila-lietpaltis-tvarios-medziagos\/"]}]},{"@type":"ImageObject","inLanguage":"lt-LT","@id":"https:\/\/ducktail.eu\/lt\/shop\/juodas-marila-lietpaltis-tvarios-medziagos\/#primaryimage","url":"https:\/\/ducktail.eu\/wp-content\/uploads\/2022\/08\/Raincoat-56-scaled.jpg","contentUrl":"https:\/\/ducktail.eu\/wp-content\/uploads\/2022\/08\/Raincoat-56-scaled.jpg","width":1706,"height":2560},{"@type":"BreadcrumbList","@id":"https:\/\/ducktail.eu\/lt\/shop\/juodas-marila-lietpaltis-tvarios-medziagos\/#breadcrumb","itemListElement":[{"@type":"ListItem","position":1,"name":"Home","item":"https:\/\/ducktail.eu\/lt\/"},{"@type":"ListItem","position":2,"name":"Parduotuv\u0117","item":"https:\/\/ducktail.eu\/lt\/parduotuve\/"},{"@type":"ListItem","position":3,"name":"JUODAS MARILA LIETPALTIS &#8211; tvarios med\u017eiagos"}]},{"@type":"WebSite","@id":"https:\/\/ducktail.eu\/de\/#website","url":"https:\/\/ducktail.eu\/de\/","name":"Ducktail Rainwear","description":"Ducktail.eu","potentialAction":[{"@type":"SearchAction","target":{"@type":"EntryPoint","urlTemplate":"https:\/\/ducktail.eu\/de\/?s={search_term_string}"},"query-input":{"@type":"PropertyValueSpecification","valueRequired":true,"valueName":"search_term_string"}}],"inLanguage":"lt-LT"}]}},"_links":{"self":[{"href":"https:\/\/ducktail.eu\/lt\/wp-json\/wp\/v2\/product\/66323","targetHints":{"allow":["GET"]}}],"collection":[{"href":"https:\/\/ducktail.eu\/lt\/wp-json\/wp\/v2\/product"}],"about":[{"href":"https:\/\/ducktail.eu\/lt\/wp-json\/wp\/v2\/types\/product"}],"replies":[{"embeddable":true,"href":"https:\/\/ducktail.eu\/lt\/wp-json\/wp\/v2\/comments?post=66323"}],"wp:featuredmedia":[{"embeddable":true,"href":"https:\/\/ducktail.eu\/lt\/wp-json\/wp\/v2\/media\/69363"}],"wp:attachment":[{"href":"https:\/\/ducktail.eu\/lt\/wp-json\/wp\/v2\/media?parent=66323"}],"wp:term":[{"taxonomy":"product_brand","embeddable":true,"href":"https:\/\/ducktail.eu\/lt\/wp-json\/wp\/v2\/product_brand?post=66323"},{"taxonomy":"product_cat","embeddable":true,"href":"https:\/\/ducktail.eu\/lt\/wp-json\/wp\/v2\/product_cat?post=66323"},{"taxonomy":"product_tag","embeddable":true,"href":"https:\/\/ducktail.eu\/lt\/wp-json\/wp\/v2\/product_tag?post=66323"}],"curies":[{"name":"wp","href":"https:\/\/api.w.org\/{rel}","templated":true}]}}