{"id":66580,"date":"2022-06-21T15:30:59","date_gmt":"2022-06-21T12:31:07","guid":{"rendered":"https:\/\/ducktail.eu\/?post_type=product&#038;p=66580"},"modified":"2026-01-23T10:03:15","modified_gmt":"2026-01-23T08:03:15","slug":"lietpaltis-sunims","status":"publish","type":"product","link":"https:\/\/ducktail.eu\/lt\/shop\/lietpaltis-sunims\/","title":{"rendered":"Lietpaltis \u0160unims"},"content":{"rendered":"<p><strong>MED\u017dIAGA<\/strong><\/p>\n<p>I\u0161or\u0117 \u2013 100 % perdirbtas poliesteris; detal\u0117s \u2013 at\u0161vaitas; pamu\u0161alas \u2013 45 % viskoz\u0117, 55 % perdirbtas poliesteris.<\/p>\n<p><strong>PRIE\u017dI\u016aRA<\/strong><\/p>\n<p>Skalbti rankomis; lyginimas \u2013 i\u0161or\u0117 (iki 110\u00b0C); galimas sausas valymas; d\u017eiovinimas d\u017eiovykl\u0117je normalioje temperat\u016broje; nebalinti.<\/p>\n<p>*D\u0117l skirting\u0173 monitori\u0173 atvaizdavimo nustatym\u0173, produkt\u0173 spalv\u0173 intensyvumas realyb\u0117je gali skirtis nuo atvaizduot\u0173j\u0173.<\/p>\n<p>Ra\u0161ykite \u017einut\u0119, jei turite klausim\u0173, abejoni\u0173 ar pasi\u016blym\u0173.<\/p>\n","protected":false},"excerpt":{"rendered":"<p>Lietpaltis \u0161unims yra pagamintas i\u0161 lietui ir v\u0117jui atsparaus, orui pralaidaus perdirbto poliesterio ir \u0161velnaus perdirbto pamu\u0161alo viduje. Lietpaltis turi reguliuojamas detales, leid\u017eian\u010dias lietpalt\u012f pritaikyti skirtingoms \u0161un\u0173 veisl\u0117ms: ilga apykakl\u0117, kr\u016btin\u0117s juosta su u\u017esegimu nugaroje, bei reguliuojami dir\u017eai aplink \u0161uns galines kojas. Lietpaltis pasi\u017eymi \u0161viesai atsparia anties uodeg\u0117le nugaroje ir yra ypatingai lengvas (0.3 kg).<\/p>\n<p>Atsparumas dr\u0117gmei 10.000 mm, si\u016bl\u0117s laminuotos.<\/p>\n<p>Sukurta ir pagaminta Vilniuje, Lietuvoje.<br \/>\nSiun\u010diame prekes visame pasaulyje.<\/p>\n<p><strong>J\u016bs\u0173 i\u0161ankstinis u\u017esakymas bus paruo\u0161tas per 1 m\u0117nes\u012f.<\/strong><\/p>\n<p>\u0160unys nuotraukoje d\u0117vi L dyd\u012f. Kvie\u010diame pasinaudoti DYD\u017dI\u0172 GIDU apa\u010dioje, kad pasirinktum\u0117te tinkamiausi\u0105 dyd\u012f.<\/p>\n<p><span style=\"color: #3c9158;\"><strong>Pirkdami m\u016bs\u0173 produktus, skiriate 2% laukini\u0173 an\u010di\u0173 ir j\u0173 aplinkos i\u0161saugojimui Lietuvoje ir mes esame u\u017e tai labai d\u0117kingi!<\/strong><\/span><\/p>\n","protected":false},"featured_media":66680,"comment_status":"open","ping_status":"closed","template":"","meta":[],"product_brand":[],"product_cat":[319,427,428],"product_tag":[],"class_list":{"0":"post-66580","1":"product","2":"type-product","3":"status-publish","4":"has-post-thumbnail","6":"product_cat-moterims","7":"product_cat-men-lt","8":"product_cat-accessories-lt","9":"shop-item","10":"isotope-item","12":"first","13":"instock","14":"featured","15":"shipping-taxable","16":"purchasable","17":"product-type-variable","18":"has-default-attributes"},"yoast_head":"<!-- This site is optimized with the Yoast SEO plugin v27.3 - https:\/\/yoast.com\/product\/yoast-seo-wordpress\/ -->\n<title>Lietpaltis \u0160unims - Ducktail Rainwear<\/title>\n<meta name=\"description\" content=\"Lietpaltis \u0161unims yra pagamintas i\u0161 lietui ir v\u0117jui atsparaus, orui pralaidaus perdirbto poliesterio ir \u0161velnaus perdirbto pamu\u0161alo viduje. Lietpaltis turi reguliuojamas detales, leid\u017eian\u010dias lietpalt\u012f pritaikyti skirtingoms \u0161un\u0173 veisl\u0117ms: ilga apykakl\u0117, kr\u016btin\u0117s juosta su u\u017esegimu nugaroje, bei reguliuojami dir\u017eai aplink \u0161uns galines kojas. Lietpaltis pasi\u017eymi \u0161viesai atsparia anties uodeg\u0117le nugaroje ir yra ypatingai lengvas (0.3 kg).  Atsparumas dr\u0117gmei 10.000 mm, si\u016bl\u0117s laminuotos.  Sukurta ir pagaminta Vilniuje, Lietuvoje. Siun\u010diame prekes visame pasaulyje.  J\u016bs\u0173 i\u0161ankstinis u\u017esakymas bus paruo\u0161tas per 1 m\u0117nes\u012f.  \u0160unys nuotraukoje d\u0117vi L dyd\u012f. Kvie\u010diame pasinaudoti DYD\u017dI\u0172 GIDU apa\u010dioje, kad pasirinktum\u0117te tinkamiausi\u0105 dyd\u012f.  Pirkdami m\u016bs\u0173 produktus, skiriate 2% laukini\u0173 an\u010di\u0173 ir j\u0173 aplinkos i\u0161saugojimui Lietuvoje ir mes esame u\u017e tai labai d\u0117kingi!\" \/>\n<meta name=\"robots\" content=\"index, follow, max-snippet:-1, max-image-preview:large, max-video-preview:-1\" \/>\n<link rel=\"canonical\" href=\"https:\/\/ducktail.eu\/lt\/shop\/lietpaltis-sunims\/\" \/>\n<meta property=\"og:locale\" content=\"lt_LT\" \/>\n<meta property=\"og:type\" content=\"article\" \/>\n<meta property=\"og:title\" content=\"Lietpaltis \u0160unims - Ducktail Rainwear\" \/>\n<meta property=\"og:description\" content=\"Lietpaltis \u0161unims yra pagamintas i\u0161 lietui ir v\u0117jui atsparaus, orui pralaidaus perdirbto poliesterio ir \u0161velnaus perdirbto pamu\u0161alo viduje. Lietpaltis turi reguliuojamas detales, leid\u017eian\u010dias lietpalt\u012f pritaikyti skirtingoms \u0161un\u0173 veisl\u0117ms: ilga apykakl\u0117, kr\u016btin\u0117s juosta su u\u017esegimu nugaroje, bei reguliuojami dir\u017eai aplink \u0161uns galines kojas. Lietpaltis pasi\u017eymi \u0161viesai atsparia anties uodeg\u0117le nugaroje ir yra ypatingai lengvas (0.3 kg).  Atsparumas dr\u0117gmei 10.000 mm, si\u016bl\u0117s laminuotos.  Sukurta ir pagaminta Vilniuje, Lietuvoje. Siun\u010diame prekes visame pasaulyje.  J\u016bs\u0173 i\u0161ankstinis u\u017esakymas bus paruo\u0161tas per 1 m\u0117nes\u012f.  \u0160unys nuotraukoje d\u0117vi L dyd\u012f. Kvie\u010diame pasinaudoti DYD\u017dI\u0172 GIDU apa\u010dioje, kad pasirinktum\u0117te tinkamiausi\u0105 dyd\u012f.  Pirkdami m\u016bs\u0173 produktus, skiriate 2% laukini\u0173 an\u010di\u0173 ir j\u0173 aplinkos i\u0161saugojimui Lietuvoje ir mes esame u\u017e tai labai d\u0117kingi!\" \/>\n<meta property=\"og:url\" content=\"https:\/\/ducktail.eu\/lt\/shop\/lietpaltis-sunims\/\" \/>\n<meta property=\"og:site_name\" content=\"Ducktail Rainwear\" \/>\n<meta property=\"article:modified_time\" content=\"2026-01-23T08:03:15+00:00\" \/>\n<meta property=\"og:image\" content=\"https:\/\/ducktail.eu\/wp-content\/uploads\/2022\/06\/Dog-Raincoat-1-2.jpg\" \/>\n\t<meta property=\"og:image:width\" content=\"1280\" \/>\n\t<meta property=\"og:image:height\" content=\"1920\" \/>\n\t<meta property=\"og:image:type\" content=\"image\/jpeg\" \/>\n<meta name=\"twitter:card\" content=\"summary_large_image\" \/>\n<meta name=\"twitter:label1\" content=\"Est. reading time\" \/>\n\t<meta name=\"twitter:data1\" content=\"1 minut\u0117\" \/>\n<script type=\"application\/ld+json\" class=\"yoast-schema-graph\">{\"@context\":\"https:\\\/\\\/schema.org\",\"@graph\":[{\"@type\":\"WebPage\",\"@id\":\"https:\\\/\\\/ducktail.eu\\\/lt\\\/shop\\\/lietpaltis-sunims\\\/\",\"url\":\"https:\\\/\\\/ducktail.eu\\\/lt\\\/shop\\\/lietpaltis-sunims\\\/\",\"name\":\"Lietpaltis \u0160unims - Ducktail Rainwear\",\"isPartOf\":{\"@id\":\"https:\\\/\\\/ducktail.eu\\\/de\\\/#website\"},\"primaryImageOfPage\":{\"@id\":\"https:\\\/\\\/ducktail.eu\\\/lt\\\/shop\\\/lietpaltis-sunims\\\/#primaryimage\"},\"image\":{\"@id\":\"https:\\\/\\\/ducktail.eu\\\/lt\\\/shop\\\/lietpaltis-sunims\\\/#primaryimage\"},\"thumbnailUrl\":\"https:\\\/\\\/ducktail.eu\\\/wp-content\\\/uploads\\\/2022\\\/06\\\/Dog-Raincoat-1-2.jpg\",\"datePublished\":\"2022-06-21T12:31:07+00:00\",\"dateModified\":\"2026-01-23T08:03:15+00:00\",\"description\":\"Lietpaltis \u0161unims yra pagamintas i\u0161 lietui ir v\u0117jui atsparaus, orui pralaidaus perdirbto poliesterio ir \u0161velnaus perdirbto pamu\u0161alo viduje. Lietpaltis turi reguliuojamas detales, leid\u017eian\u010dias lietpalt\u012f pritaikyti skirtingoms \u0161un\u0173 veisl\u0117ms: ilga apykakl\u0117, kr\u016btin\u0117s juosta su u\u017esegimu nugaroje, bei reguliuojami dir\u017eai aplink \u0161uns galines kojas. Lietpaltis pasi\u017eymi \u0161viesai atsparia anties uodeg\u0117le nugaroje ir yra ypatingai lengvas (0.3 kg). Atsparumas dr\u0117gmei 10.000 mm, si\u016bl\u0117s laminuotos. Sukurta ir pagaminta Vilniuje, Lietuvoje. Siun\u010diame prekes visame pasaulyje. J\u016bs\u0173 i\u0161ankstinis u\u017esakymas bus paruo\u0161tas per 1 m\u0117nes\u012f. \u0160unys nuotraukoje d\u0117vi L dyd\u012f. Kvie\u010diame pasinaudoti DYD\u017dI\u0172 GIDU apa\u010dioje, kad pasirinktum\u0117te tinkamiausi\u0105 dyd\u012f. Pirkdami m\u016bs\u0173 produktus, skiriate 2% laukini\u0173 an\u010di\u0173 ir j\u0173 aplinkos i\u0161saugojimui Lietuvoje ir mes esame u\u017e tai labai d\u0117kingi!\",\"breadcrumb\":{\"@id\":\"https:\\\/\\\/ducktail.eu\\\/lt\\\/shop\\\/lietpaltis-sunims\\\/#breadcrumb\"},\"inLanguage\":\"lt-LT\",\"potentialAction\":[{\"@type\":\"ReadAction\",\"target\":[\"https:\\\/\\\/ducktail.eu\\\/lt\\\/shop\\\/lietpaltis-sunims\\\/\"]}]},{\"@type\":\"ImageObject\",\"inLanguage\":\"lt-LT\",\"@id\":\"https:\\\/\\\/ducktail.eu\\\/lt\\\/shop\\\/lietpaltis-sunims\\\/#primaryimage\",\"url\":\"https:\\\/\\\/ducktail.eu\\\/wp-content\\\/uploads\\\/2022\\\/06\\\/Dog-Raincoat-1-2.jpg\",\"contentUrl\":\"https:\\\/\\\/ducktail.eu\\\/wp-content\\\/uploads\\\/2022\\\/06\\\/Dog-Raincoat-1-2.jpg\",\"width\":1280,\"height\":1920},{\"@type\":\"BreadcrumbList\",\"@id\":\"https:\\\/\\\/ducktail.eu\\\/lt\\\/shop\\\/lietpaltis-sunims\\\/#breadcrumb\",\"itemListElement\":[{\"@type\":\"ListItem\",\"position\":1,\"name\":\"Home\",\"item\":\"https:\\\/\\\/ducktail.eu\\\/lt\\\/\"},{\"@type\":\"ListItem\",\"position\":2,\"name\":\"Parduotuv\u0117\",\"item\":\"https:\\\/\\\/ducktail.eu\\\/lt\\\/parduotuve\\\/\"},{\"@type\":\"ListItem\",\"position\":3,\"name\":\"Lietpaltis \u0160unims\"}]},{\"@type\":\"WebSite\",\"@id\":\"https:\\\/\\\/ducktail.eu\\\/de\\\/#website\",\"url\":\"https:\\\/\\\/ducktail.eu\\\/de\\\/\",\"name\":\"Ducktail Rainwear\",\"description\":\"Ducktail.eu\",\"potentialAction\":[{\"@type\":\"SearchAction\",\"target\":{\"@type\":\"EntryPoint\",\"urlTemplate\":\"https:\\\/\\\/ducktail.eu\\\/de\\\/?s={search_term_string}\"},\"query-input\":{\"@type\":\"PropertyValueSpecification\",\"valueRequired\":true,\"valueName\":\"search_term_string\"}}],\"inLanguage\":\"lt-LT\"}]}<\/script>\n<!-- \/ Yoast SEO plugin. -->","yoast_head_json":{"title":"Lietpaltis \u0160unims - Ducktail Rainwear","description":"Lietpaltis \u0161unims yra pagamintas i\u0161 lietui ir v\u0117jui atsparaus, orui pralaidaus perdirbto poliesterio ir \u0161velnaus perdirbto pamu\u0161alo viduje. Lietpaltis turi reguliuojamas detales, leid\u017eian\u010dias lietpalt\u012f pritaikyti skirtingoms \u0161un\u0173 veisl\u0117ms: ilga apykakl\u0117, kr\u016btin\u0117s juosta su u\u017esegimu nugaroje, bei reguliuojami dir\u017eai aplink \u0161uns galines kojas. Lietpaltis pasi\u017eymi \u0161viesai atsparia anties uodeg\u0117le nugaroje ir yra ypatingai lengvas (0.3 kg).  Atsparumas dr\u0117gmei 10.000 mm, si\u016bl\u0117s laminuotos.  Sukurta ir pagaminta Vilniuje, Lietuvoje. Siun\u010diame prekes visame pasaulyje.  J\u016bs\u0173 i\u0161ankstinis u\u017esakymas bus paruo\u0161tas per 1 m\u0117nes\u012f.  \u0160unys nuotraukoje d\u0117vi L dyd\u012f. Kvie\u010diame pasinaudoti DYD\u017dI\u0172 GIDU apa\u010dioje, kad pasirinktum\u0117te tinkamiausi\u0105 dyd\u012f.  Pirkdami m\u016bs\u0173 produktus, skiriate 2% laukini\u0173 an\u010di\u0173 ir j\u0173 aplinkos i\u0161saugojimui Lietuvoje ir mes esame u\u017e tai labai d\u0117kingi!","robots":{"index":"index","follow":"follow","max-snippet":"max-snippet:-1","max-image-preview":"max-image-preview:large","max-video-preview":"max-video-preview:-1"},"canonical":"https:\/\/ducktail.eu\/lt\/shop\/lietpaltis-sunims\/","og_locale":"lt_LT","og_type":"article","og_title":"Lietpaltis \u0160unims - Ducktail Rainwear","og_description":"Lietpaltis \u0161unims yra pagamintas i\u0161 lietui ir v\u0117jui atsparaus, orui pralaidaus perdirbto poliesterio ir \u0161velnaus perdirbto pamu\u0161alo viduje. Lietpaltis turi reguliuojamas detales, leid\u017eian\u010dias lietpalt\u012f pritaikyti skirtingoms \u0161un\u0173 veisl\u0117ms: ilga apykakl\u0117, kr\u016btin\u0117s juosta su u\u017esegimu nugaroje, bei reguliuojami dir\u017eai aplink \u0161uns galines kojas. Lietpaltis pasi\u017eymi \u0161viesai atsparia anties uodeg\u0117le nugaroje ir yra ypatingai lengvas (0.3 kg).  Atsparumas dr\u0117gmei 10.000 mm, si\u016bl\u0117s laminuotos.  Sukurta ir pagaminta Vilniuje, Lietuvoje. Siun\u010diame prekes visame pasaulyje.  J\u016bs\u0173 i\u0161ankstinis u\u017esakymas bus paruo\u0161tas per 1 m\u0117nes\u012f.  \u0160unys nuotraukoje d\u0117vi L dyd\u012f. Kvie\u010diame pasinaudoti DYD\u017dI\u0172 GIDU apa\u010dioje, kad pasirinktum\u0117te tinkamiausi\u0105 dyd\u012f.  Pirkdami m\u016bs\u0173 produktus, skiriate 2% laukini\u0173 an\u010di\u0173 ir j\u0173 aplinkos i\u0161saugojimui Lietuvoje ir mes esame u\u017e tai labai d\u0117kingi!","og_url":"https:\/\/ducktail.eu\/lt\/shop\/lietpaltis-sunims\/","og_site_name":"Ducktail Rainwear","article_modified_time":"2026-01-23T08:03:15+00:00","og_image":[{"width":1280,"height":1920,"url":"https:\/\/ducktail.eu\/wp-content\/uploads\/2022\/06\/Dog-Raincoat-1-2.jpg","type":"image\/jpeg"}],"twitter_card":"summary_large_image","twitter_misc":{"Est. reading time":"1 minut\u0117"},"schema":{"@context":"https:\/\/schema.org","@graph":[{"@type":"WebPage","@id":"https:\/\/ducktail.eu\/lt\/shop\/lietpaltis-sunims\/","url":"https:\/\/ducktail.eu\/lt\/shop\/lietpaltis-sunims\/","name":"Lietpaltis \u0160unims - Ducktail Rainwear","isPartOf":{"@id":"https:\/\/ducktail.eu\/de\/#website"},"primaryImageOfPage":{"@id":"https:\/\/ducktail.eu\/lt\/shop\/lietpaltis-sunims\/#primaryimage"},"image":{"@id":"https:\/\/ducktail.eu\/lt\/shop\/lietpaltis-sunims\/#primaryimage"},"thumbnailUrl":"https:\/\/ducktail.eu\/wp-content\/uploads\/2022\/06\/Dog-Raincoat-1-2.jpg","datePublished":"2022-06-21T12:31:07+00:00","dateModified":"2026-01-23T08:03:15+00:00","description":"Lietpaltis \u0161unims yra pagamintas i\u0161 lietui ir v\u0117jui atsparaus, orui pralaidaus perdirbto poliesterio ir \u0161velnaus perdirbto pamu\u0161alo viduje. Lietpaltis turi reguliuojamas detales, leid\u017eian\u010dias lietpalt\u012f pritaikyti skirtingoms \u0161un\u0173 veisl\u0117ms: ilga apykakl\u0117, kr\u016btin\u0117s juosta su u\u017esegimu nugaroje, bei reguliuojami dir\u017eai aplink \u0161uns galines kojas. Lietpaltis pasi\u017eymi \u0161viesai atsparia anties uodeg\u0117le nugaroje ir yra ypatingai lengvas (0.3 kg). Atsparumas dr\u0117gmei 10.000 mm, si\u016bl\u0117s laminuotos. Sukurta ir pagaminta Vilniuje, Lietuvoje. Siun\u010diame prekes visame pasaulyje. J\u016bs\u0173 i\u0161ankstinis u\u017esakymas bus paruo\u0161tas per 1 m\u0117nes\u012f. \u0160unys nuotraukoje d\u0117vi L dyd\u012f. Kvie\u010diame pasinaudoti DYD\u017dI\u0172 GIDU apa\u010dioje, kad pasirinktum\u0117te tinkamiausi\u0105 dyd\u012f. Pirkdami m\u016bs\u0173 produktus, skiriate 2% laukini\u0173 an\u010di\u0173 ir j\u0173 aplinkos i\u0161saugojimui Lietuvoje ir mes esame u\u017e tai labai d\u0117kingi!","breadcrumb":{"@id":"https:\/\/ducktail.eu\/lt\/shop\/lietpaltis-sunims\/#breadcrumb"},"inLanguage":"lt-LT","potentialAction":[{"@type":"ReadAction","target":["https:\/\/ducktail.eu\/lt\/shop\/lietpaltis-sunims\/"]}]},{"@type":"ImageObject","inLanguage":"lt-LT","@id":"https:\/\/ducktail.eu\/lt\/shop\/lietpaltis-sunims\/#primaryimage","url":"https:\/\/ducktail.eu\/wp-content\/uploads\/2022\/06\/Dog-Raincoat-1-2.jpg","contentUrl":"https:\/\/ducktail.eu\/wp-content\/uploads\/2022\/06\/Dog-Raincoat-1-2.jpg","width":1280,"height":1920},{"@type":"BreadcrumbList","@id":"https:\/\/ducktail.eu\/lt\/shop\/lietpaltis-sunims\/#breadcrumb","itemListElement":[{"@type":"ListItem","position":1,"name":"Home","item":"https:\/\/ducktail.eu\/lt\/"},{"@type":"ListItem","position":2,"name":"Parduotuv\u0117","item":"https:\/\/ducktail.eu\/lt\/parduotuve\/"},{"@type":"ListItem","position":3,"name":"Lietpaltis \u0160unims"}]},{"@type":"WebSite","@id":"https:\/\/ducktail.eu\/de\/#website","url":"https:\/\/ducktail.eu\/de\/","name":"Ducktail Rainwear","description":"Ducktail.eu","potentialAction":[{"@type":"SearchAction","target":{"@type":"EntryPoint","urlTemplate":"https:\/\/ducktail.eu\/de\/?s={search_term_string}"},"query-input":{"@type":"PropertyValueSpecification","valueRequired":true,"valueName":"search_term_string"}}],"inLanguage":"lt-LT"}]}},"_links":{"self":[{"href":"https:\/\/ducktail.eu\/lt\/wp-json\/wp\/v2\/product\/66580","targetHints":{"allow":["GET"]}}],"collection":[{"href":"https:\/\/ducktail.eu\/lt\/wp-json\/wp\/v2\/product"}],"about":[{"href":"https:\/\/ducktail.eu\/lt\/wp-json\/wp\/v2\/types\/product"}],"replies":[{"embeddable":true,"href":"https:\/\/ducktail.eu\/lt\/wp-json\/wp\/v2\/comments?post=66580"}],"wp:featuredmedia":[{"embeddable":true,"href":"https:\/\/ducktail.eu\/lt\/wp-json\/wp\/v2\/media\/66680"}],"wp:attachment":[{"href":"https:\/\/ducktail.eu\/lt\/wp-json\/wp\/v2\/media?parent=66580"}],"wp:term":[{"taxonomy":"product_brand","embeddable":true,"href":"https:\/\/ducktail.eu\/lt\/wp-json\/wp\/v2\/product_brand?post=66580"},{"taxonomy":"product_cat","embeddable":true,"href":"https:\/\/ducktail.eu\/lt\/wp-json\/wp\/v2\/product_cat?post=66580"},{"taxonomy":"product_tag","embeddable":true,"href":"https:\/\/ducktail.eu\/lt\/wp-json\/wp\/v2\/product_tag?post=66580"}],"curies":[{"name":"wp","href":"https:\/\/api.w.org\/{rel}","templated":true}]}}